{"id":901,"date":"2020-11-12T10:47:11","date_gmt":"2020-11-12T09:47:11","guid":{"rendered":"http:\/\/remorqueco.fr\/new\/?post_type=product&#038;p=901"},"modified":"2026-04-07T16:55:28","modified_gmt":"2026-04-07T14:55:28","slug":"benne-kipper-300-2-c-3-m-x-15-m-double-essieux-ptac-jusqua-3500-kg","status":"publish","type":"product","link":"https:\/\/remorqueco.fr\/index.php\/produit\/benne-kipper-300-2-c-3-m-x-15-m-double-essieux-ptac-jusqua-3500-kg\/","title":{"rendered":"BENNE KIPPER 300\/2 C 3 m x 1,5 m DOUBLE ESSIEUX PTAC 1600 \u00e0 2700 kg"},"content":{"rendered":"<p>[vc_row full_width=\u00a0\u00bbstretch_row\u00a0\u00bb][vc_column width=\u00a0\u00bb2\/3&Prime;][vc_custom_heading text=\u00a0\u00bbTARIF : 5 650 \u20ac TTC\u00a0\u00bb font_container=\u00a0\u00bbtag:h1|font_size:46|text_align:left|color:%23ffffff|line_height:1&Prime; google_fonts=\u00a0\u00bbfont_family:Montserrat%3Aregular%2C700|font_style:400%20regular%3A400%3Anormal\u00a0\u00bb][vc_column_text]En options :<\/p>\n<ul>\n<li>Rehausses grillag\u00e9es 600 mm : 790 \u20ac TTC<\/li>\n<li>roue de secours : 140 \u20ac TTC<\/li>\n<li>support de roue de secours : 75 \u20ac TTC<\/li>\n<li>Rampes renforc\u00e9es : 450 \u20ac TTC<\/li>\n<li>Jeux de b\u00e9quilles : 350 \u20ac TTC<\/li>\n<\/ul>\n<p>&nbsp;<\/p>\n<p>[\/vc_column_text][vc_btn title=\u00a0\u00bbJoindre votre conseill\u00e9 au 06.64.78.89.91&Prime; style=\u00a0\u00bboutline\u00a0\u00bb shape=\u00a0\u00bbround\u00a0\u00bb color=\u00a0\u00bbjuicy-pink\u00a0\u00bb size=\u00a0\u00bblg\u00a0\u00bb i_icon_fontawesome=\u00a0\u00bbfas fa-phone-alt\u00a0\u00bb add_icon=\u00a0\u00bbtrue\u00a0\u00bb link=\u00a0\u00bb|||\u00a0\u00bb][\/vc_column][vc_column width=\u00a0\u00bb1\/3&Prime;][vc_column_text]AUTRE VERSION :<\/p>\n<p>Existe aussi en version TRI BENNE 3,2 m e t 3.6 m longueur<\/p>\n<p>Existe en version Triple essieux 4 m\u00e8tres<\/p>\n<p>&nbsp;<\/p>\n<p>[\/vc_column_text][vc_column_text]<strong>LIMOGES<\/strong> nous sommes ouverts du<\/p>\n<p>LUNDI au VENDREDI de 9h30 \u00e0 12h et de 14h \u00e0 18h30<\/p>\n<p>SAMEDI de 10h \u00e0 12h et de 14h \u00e0 18h<\/p>\n<p>&nbsp;<\/p>\n<p><b>ANGOULEME <\/b>nous sommes ouverts du<\/p>\n<p>MERCREDI au VENDREDI de 10h00 \u00e0 12h et de 14h \u00e0 18h<\/p>\n<p>SAMEDI de 10h \u00e0 12h et de 14h \u00e0 17h<\/p>\n<p>&nbsp;<\/p>\n<p><b>LA SOUTERRAINE <\/b>nous sommes ouverts du<\/p>\n<p>LUNDI au VENDREDI de 9h30 \u00e0 12h et de 14h \u00e0 18h<\/p>\n<p>SAMEDI de 10h \u00e0 12h et de 14h \u00e0 17h<\/p>\n<p>[\/vc_column_text][\/vc_column][\/vc_row]<\/p>\n","protected":false},"excerpt":{"rendered":"<p>Remorque BENNE de marque MARTZ<\/p>\n<p>Plateau Acier 3 mm<\/p>\n<p>Plateau : 3 m x 1,5 m\u00a0 ridelle ACIER 40 cm<br \/>\nAngle de basculement 45 \u00b0<\/p>\n<p>Pompe \u00e9lectrique + Pompe Manuelle<br \/>\nCh\u00e2ssis et pont enti\u00e8rement soud\u00e9 et galvanis\u00e9 \u00e0 chaud<br \/>\n2 ESSIEUX haute de gamme AL KO<br \/>\nPTAC 1600 \u00e0 2700 kg possibilit\u00e9 de changer le tarage sans modifier la remorque.<\/p>\n<p>Tiroir de rampes inclus dans le ch\u00e2ssis.<\/p>\n<p>Poids \u00e0 vide 690 kg<\/p>\n<p>Roue 195\/50\/R13<\/p>\n","protected":false},"featured_media":2855,"template":"","meta":[],"yoast_head":"<!-- This site is optimized with the Yoast SEO plugin v16.4 - https:\/\/yoast.com\/wordpress\/plugins\/seo\/ -->\n<title>BENNE KIPPER 300\/2 C 3 m x 1,5 m DOUBLE ESSIEUX PTAC 1600 \u00e0 2700 kg - REMORQU&amp;CO<\/title>\n<meta name=\"robots\" content=\"index, follow, max-snippet:-1, max-image-preview:large, max-video-preview:-1\" \/>\n<link rel=\"canonical\" href=\"https:\/\/remorqueco.fr\/index.php\/produit\/benne-kipper-300-2-c-3-m-x-15-m-double-essieux-ptac-jusqua-3500-kg\/\" \/>\n<meta property=\"og:locale\" content=\"fr_FR\" \/>\n<meta property=\"og:type\" content=\"article\" \/>\n<meta property=\"og:title\" content=\"BENNE KIPPER 300\/2 C 3 m x 1,5 m DOUBLE ESSIEUX PTAC 1600 \u00e0 2700 kg - REMORQU&amp;CO\" \/>\n<meta property=\"og:description\" content=\"Remorque BENNE de marque MARTZ  Plateau Acier 3 mm  Plateau : 3 m x 1,5 m\u00a0 ridelle ACIER 40 cm Angle de basculement 45 \u00b0  Pompe \u00e9lectrique + Pompe Manuelle Ch\u00e2ssis et pont enti\u00e8rement soud\u00e9 et galvanis\u00e9 \u00e0 chaud 2 ESSIEUX haute de gamme AL KO PTAC 1600 \u00e0 2700 kg possibilit\u00e9 de changer le tarage sans modifier la remorque.  Tiroir de rampes inclus dans le ch\u00e2ssis.  Poids \u00e0 vide 690 kg  Roue 195\/50\/R13\" \/>\n<meta property=\"og:url\" content=\"https:\/\/remorqueco.fr\/index.php\/produit\/benne-kipper-300-2-c-3-m-x-15-m-double-essieux-ptac-jusqua-3500-kg\/\" \/>\n<meta property=\"og:site_name\" content=\"REMORQU&amp;CO\" \/>\n<meta property=\"article:modified_time\" content=\"2026-04-07T14:55:28+00:00\" \/>\n<meta property=\"og:image\" content=\"https:\/\/remorqueco.fr\/new\/wp-content\/uploads\/2020\/11\/20240826_105150-2.jpg\" \/>\n\t<meta property=\"og:image:width\" content=\"807\" \/>\n\t<meta property=\"og:image:height\" content=\"807\" \/>\n<meta name=\"twitter:card\" content=\"summary_large_image\" \/>\n<meta name=\"twitter:label1\" content=\"Dur\u00e9e de lecture est.\" \/>\n\t<meta name=\"twitter:data1\" content=\"1 minute\" \/>\n<script type=\"application\/ld+json\" class=\"yoast-schema-graph\">{\"@context\":\"https:\/\/schema.org\",\"@graph\":[{\"@type\":\"WebSite\",\"@id\":\"https:\/\/remorqueco.fr\/#website\",\"url\":\"https:\/\/remorqueco.fr\/\",\"name\":\"REMORQU&amp;CO\",\"description\":\"Vente de remorques \\u00e0 Limoges\",\"potentialAction\":[{\"@type\":\"SearchAction\",\"target\":\"https:\/\/remorqueco.fr\/?s={search_term_string}\",\"query-input\":\"required name=search_term_string\"}],\"inLanguage\":\"fr-FR\"},{\"@type\":\"ImageObject\",\"@id\":\"https:\/\/remorqueco.fr\/index.php\/produit\/benne-kipper-300-2-c-3-m-x-15-m-double-essieux-ptac-jusqua-3500-kg\/#primaryimage\",\"inLanguage\":\"fr-FR\",\"url\":\"https:\/\/remorqueco.fr\/new\/wp-content\/uploads\/2020\/11\/20240826_105150-2.jpg\",\"contentUrl\":\"https:\/\/remorqueco.fr\/new\/wp-content\/uploads\/2020\/11\/20240826_105150-2.jpg\",\"width\":807,\"height\":807},{\"@type\":\"WebPage\",\"@id\":\"https:\/\/remorqueco.fr\/index.php\/produit\/benne-kipper-300-2-c-3-m-x-15-m-double-essieux-ptac-jusqua-3500-kg\/#webpage\",\"url\":\"https:\/\/remorqueco.fr\/index.php\/produit\/benne-kipper-300-2-c-3-m-x-15-m-double-essieux-ptac-jusqua-3500-kg\/\",\"name\":\"BENNE KIPPER 300\/2 C 3 m x 1,5 m DOUBLE ESSIEUX PTAC 1600 \\u00e0 2700 kg - REMORQU&amp;CO\",\"isPartOf\":{\"@id\":\"https:\/\/remorqueco.fr\/#website\"},\"primaryImageOfPage\":{\"@id\":\"https:\/\/remorqueco.fr\/index.php\/produit\/benne-kipper-300-2-c-3-m-x-15-m-double-essieux-ptac-jusqua-3500-kg\/#primaryimage\"},\"datePublished\":\"2020-11-12T09:47:11+00:00\",\"dateModified\":\"2026-04-07T14:55:28+00:00\",\"breadcrumb\":{\"@id\":\"https:\/\/remorqueco.fr\/index.php\/produit\/benne-kipper-300-2-c-3-m-x-15-m-double-essieux-ptac-jusqua-3500-kg\/#breadcrumb\"},\"inLanguage\":\"fr-FR\",\"potentialAction\":[{\"@type\":\"ReadAction\",\"target\":[\"https:\/\/remorqueco.fr\/index.php\/produit\/benne-kipper-300-2-c-3-m-x-15-m-double-essieux-ptac-jusqua-3500-kg\/\"]}]},{\"@type\":\"BreadcrumbList\",\"@id\":\"https:\/\/remorqueco.fr\/index.php\/produit\/benne-kipper-300-2-c-3-m-x-15-m-double-essieux-ptac-jusqua-3500-kg\/#breadcrumb\",\"itemListElement\":[{\"@type\":\"ListItem\",\"position\":1,\"item\":{\"@type\":\"WebPage\",\"@id\":\"https:\/\/remorqueco.fr\/\",\"url\":\"https:\/\/remorqueco.fr\/\",\"name\":\"Accueil\"}},{\"@type\":\"ListItem\",\"position\":2,\"item\":{\"@type\":\"WebPage\",\"@id\":\"https:\/\/remorqueco.fr\/index.php\/shop\/\",\"url\":\"https:\/\/remorqueco.fr\/index.php\/shop\/\",\"name\":\"Produits\"}},{\"@type\":\"ListItem\",\"position\":3,\"item\":{\"@id\":\"https:\/\/remorqueco.fr\/index.php\/produit\/benne-kipper-300-2-c-3-m-x-15-m-double-essieux-ptac-jusqua-3500-kg\/#webpage\"}}]}]}<\/script>\n<!-- \/ Yoast SEO plugin. -->","_links":{"self":[{"href":"https:\/\/remorqueco.fr\/index.php\/wp-json\/wp\/v2\/product\/901"}],"collection":[{"href":"https:\/\/remorqueco.fr\/index.php\/wp-json\/wp\/v2\/product"}],"about":[{"href":"https:\/\/remorqueco.fr\/index.php\/wp-json\/wp\/v2\/types\/product"}],"wp:featuredmedia":[{"embeddable":true,"href":"https:\/\/remorqueco.fr\/index.php\/wp-json\/wp\/v2\/media\/2855"}],"wp:attachment":[{"href":"https:\/\/remorqueco.fr\/index.php\/wp-json\/wp\/v2\/media?parent=901"}],"curies":[{"name":"wp","href":"https:\/\/api.w.org\/{rel}","templated":true}]}}