{"id":2975,"date":"2025-10-19T18:29:03","date_gmt":"2025-10-19T16:29:03","guid":{"rendered":"https:\/\/remorqueco.fr\/?post_type=product&#038;p=2975"},"modified":"2025-10-19T18:46:33","modified_gmt":"2025-10-19T16:46:33","slug":"plb-35-4521-s-ptac-2000-3500-kg-plateau-basculant-ridelles-alum-4500-x-2160","status":"publish","type":"product","link":"https:\/\/remorqueco.fr\/index.php\/produit\/plb-35-4521-s-ptac-2000-3500-kg-plateau-basculant-ridelles-alum-4500-x-2160\/","title":{"rendered":"PLB 35 4521 S PTAC 2000-3500 kg plateau BASCULANT + RIDELLES ALUM 4500 x 2160"},"content":{"rendered":"<p>[vc_row full_width=\u00a0\u00bbstretch_row\u00a0\u00bb][vc_column width=\u00a0\u00bb2\/3&Prime;][vc_custom_heading text=\u00a0\u00bbTARIF : 7 600 \u20ac TTC avec RIDELLE ALUM\u00a0\u00bb font_container=\u00a0\u00bbtag:h1|font_size:46|text_align:left|color:%23ffffff|line_height:1&Prime; google_fonts=\u00a0\u00bbfont_family:Montserrat%3Aregular%2C700|font_style:400%20regular%3A400%3Anormal\u00a0\u00bb][vc_column_text]<strong>Option :<\/strong><\/p>\n<p>Roues de secours et son support : 210 \u20ac TTC<\/p>\n<p>[\/vc_column_text][vc_btn title=\u00a0\u00bbJoindre votre conseill\u00e9 au 06.64.78.89.91&Prime; style=\u00a0\u00bboutline\u00a0\u00bb shape=\u00a0\u00bbround\u00a0\u00bb color=\u00a0\u00bbjuicy-pink\u00a0\u00bb size=\u00a0\u00bblg\u00a0\u00bb i_icon_fontawesome=\u00a0\u00bbfas fa-phone-alt\u00a0\u00bb add_icon=\u00a0\u00bbtrue\u00a0\u00bb link=\u00a0\u00bb|||\u00a0\u00bb][\/vc_column][vc_column width=\u00a0\u00bb1\/3&Prime;][vc_column_text]<strong>LIMOGES<\/strong> nous sommes ouverts du<\/p>\n<p>LUNDI au VENDREDI de 9h30 \u00e0 12h et de 14h \u00e0 18h30<\/p>\n<p>SAMEDI de 10h \u00e0 12h et de 14h \u00e0 18h<\/p>\n<p>&nbsp;<\/p>\n<p><b>ANGOULEME <\/b>nous sommes ouverts du<\/p>\n<p>MERCREDI au VENDREDI de 10h00 \u00e0 12h et de 14h \u00e0 18h<\/p>\n<p>SAMEDI de 10h \u00e0 12h et de 14h \u00e0 17h<\/p>\n<p>&nbsp;<\/p>\n<p><b>LA SOUTERRAINE <\/b>nous sommes ouverts du<\/p>\n<p>LUNDI au VENDREDI de 9h30 \u00e0 12h et de 14h \u00e0 18h<\/p>\n<p>SAMEDI de 10h \u00e0 12h et de 14h \u00e0 17h[\/vc_column_text][\/vc_column][\/vc_row][vc_row][vc_column][vc_column_text]ATTENTION : toutes les remorques ayant un PTAC au dessus de 500 Kg n\u00e9cessitent une CARTE GRISE.<\/p>\n<p>Remorqu&amp;CO se propose de r\u00e9aliser pour vous votre Carte Grise.<\/p>\n<p>Vous devez vous munir d&rsquo;une carte d&rsquo;identit\u00e9 et d&rsquo;une attestation de domicile (facture EDF, Telecom, Taxes, &#8230;) de moins de trois mois, le tout au nom, du ou des titulaires, de la future carte grise.<\/p>\n<p>La carte grise est r\u00e9alis\u00e9e imm\u00e9diatement dans nos bureaux, vous pouvez aussi obtenir dans nos ateliers les plaques d&rsquo;immatriculations.<\/p>\n<p>[\/vc_column_text][\/vc_column][\/vc_row]<\/p>\n","protected":false},"excerpt":{"rendered":"<p>Remorque PLATEAU professionnelle<\/p>\n<p>Nous disposons avec le fabricant haut de gamme LORRIES d&rsquo;une tr\u00e8s large gamme de PLATEAU et de PORTE VOITURE<\/p>\n<p>PTAC 2000 \u00e0 3500 kg (possibilit\u00e9 de modifier le tarage sans modification de la remorque).<\/p>\n<p>GAMME PLB<\/p>\n<p>Tr\u00e8s faible pente 10,5 \u00b0.<br \/>\nRoues taille basse 13 pouces<\/p>\n<p>PLB 35 4521 Version 4,5 m\u00e8tres basculant sur v\u00e9rin \u00e0 gaz largeur 2,160<\/p>\n<p>TARIF : 7 600 \u20ac TTC<br \/>\ninclus : rampes et treuil + support de treuil , RIDELLES ALUM 35 cm, feux LEDS<\/p>\n<p><strong>Poids \u00e0 vide : 890 kg<\/strong><\/p>\n","protected":false},"featured_media":2979,"template":"","meta":[],"yoast_head":"<!-- This site is optimized with the Yoast SEO plugin v16.4 - https:\/\/yoast.com\/wordpress\/plugins\/seo\/ -->\n<title>PLB 35 4521 S PTAC 2000-3500 kg plateau BASCULANT + RIDELLES ALUM 4500 x 2160 - REMORQU&amp;CO<\/title>\n<meta name=\"robots\" content=\"index, follow, max-snippet:-1, max-image-preview:large, max-video-preview:-1\" \/>\n<link rel=\"canonical\" href=\"https:\/\/remorqueco.fr\/index.php\/produit\/plb-35-4521-s-ptac-2000-3500-kg-plateau-basculant-ridelles-alum-4500-x-2160\/\" \/>\n<meta property=\"og:locale\" content=\"fr_FR\" \/>\n<meta property=\"og:type\" content=\"article\" \/>\n<meta property=\"og:title\" content=\"PLB 35 4521 S PTAC 2000-3500 kg plateau BASCULANT + RIDELLES ALUM 4500 x 2160 - REMORQU&amp;CO\" \/>\n<meta property=\"og:description\" content=\"Remorque PLATEAU professionnelle  Nous disposons avec le fabricant haut de gamme LORRIES d&#039;une tr\u00e8s large gamme de PLATEAU et de PORTE VOITURE  PTAC 2000 \u00e0 3500 kg (possibilit\u00e9 de modifier le tarage sans modification de la remorque).  GAMME PLB  Tr\u00e8s faible pente 10,5 \u00b0. Roues taille basse 13 pouces  PLB 35 4521 Version 4,5 m\u00e8tres basculant sur v\u00e9rin \u00e0 gaz largeur 2,160  TARIF : 7 600 \u20ac TTC inclus : rampes et treuil + support de treuil , RIDELLES ALUM 35 cm, feux LEDS  Poids \u00e0 vide : 890 kg\" \/>\n<meta property=\"og:url\" content=\"https:\/\/remorqueco.fr\/index.php\/produit\/plb-35-4521-s-ptac-2000-3500-kg-plateau-basculant-ridelles-alum-4500-x-2160\/\" \/>\n<meta property=\"og:site_name\" content=\"REMORQU&amp;CO\" \/>\n<meta property=\"article:modified_time\" content=\"2025-10-19T16:46:33+00:00\" \/>\n<meta property=\"og:image\" content=\"https:\/\/remorqueco.fr\/new\/wp-content\/uploads\/2025\/10\/LORRIES-PLBA35-4521-przyczepa-laweta-z-burtami-B14A9965.jpg\" \/>\n\t<meta property=\"og:image:width\" content=\"1620\" \/>\n\t<meta property=\"og:image:height\" content=\"1080\" \/>\n<meta name=\"twitter:card\" content=\"summary_large_image\" \/>\n<meta name=\"twitter:label1\" content=\"Dur\u00e9e de lecture est.\" \/>\n\t<meta name=\"twitter:data1\" content=\"1 minute\" \/>\n<script type=\"application\/ld+json\" class=\"yoast-schema-graph\">{\"@context\":\"https:\/\/schema.org\",\"@graph\":[{\"@type\":\"WebSite\",\"@id\":\"https:\/\/remorqueco.fr\/#website\",\"url\":\"https:\/\/remorqueco.fr\/\",\"name\":\"REMORQU&amp;CO\",\"description\":\"Vente de remorques \\u00e0 Limoges\",\"potentialAction\":[{\"@type\":\"SearchAction\",\"target\":\"https:\/\/remorqueco.fr\/?s={search_term_string}\",\"query-input\":\"required name=search_term_string\"}],\"inLanguage\":\"fr-FR\"},{\"@type\":\"ImageObject\",\"@id\":\"https:\/\/remorqueco.fr\/index.php\/produit\/plb-35-4521-s-ptac-2000-3500-kg-plateau-basculant-ridelles-alum-4500-x-2160\/#primaryimage\",\"inLanguage\":\"fr-FR\",\"url\":\"https:\/\/remorqueco.fr\/new\/wp-content\/uploads\/2025\/10\/LORRIES-PLBA35-4521-przyczepa-laweta-z-burtami-B14A9965.jpg\",\"contentUrl\":\"https:\/\/remorqueco.fr\/new\/wp-content\/uploads\/2025\/10\/LORRIES-PLBA35-4521-przyczepa-laweta-z-burtami-B14A9965.jpg\",\"width\":1620,\"height\":1080},{\"@type\":\"WebPage\",\"@id\":\"https:\/\/remorqueco.fr\/index.php\/produit\/plb-35-4521-s-ptac-2000-3500-kg-plateau-basculant-ridelles-alum-4500-x-2160\/#webpage\",\"url\":\"https:\/\/remorqueco.fr\/index.php\/produit\/plb-35-4521-s-ptac-2000-3500-kg-plateau-basculant-ridelles-alum-4500-x-2160\/\",\"name\":\"PLB 35 4521 S PTAC 2000-3500 kg plateau BASCULANT + RIDELLES ALUM 4500 x 2160 - REMORQU&amp;CO\",\"isPartOf\":{\"@id\":\"https:\/\/remorqueco.fr\/#website\"},\"primaryImageOfPage\":{\"@id\":\"https:\/\/remorqueco.fr\/index.php\/produit\/plb-35-4521-s-ptac-2000-3500-kg-plateau-basculant-ridelles-alum-4500-x-2160\/#primaryimage\"},\"datePublished\":\"2025-10-19T16:29:03+00:00\",\"dateModified\":\"2025-10-19T16:46:33+00:00\",\"breadcrumb\":{\"@id\":\"https:\/\/remorqueco.fr\/index.php\/produit\/plb-35-4521-s-ptac-2000-3500-kg-plateau-basculant-ridelles-alum-4500-x-2160\/#breadcrumb\"},\"inLanguage\":\"fr-FR\",\"potentialAction\":[{\"@type\":\"ReadAction\",\"target\":[\"https:\/\/remorqueco.fr\/index.php\/produit\/plb-35-4521-s-ptac-2000-3500-kg-plateau-basculant-ridelles-alum-4500-x-2160\/\"]}]},{\"@type\":\"BreadcrumbList\",\"@id\":\"https:\/\/remorqueco.fr\/index.php\/produit\/plb-35-4521-s-ptac-2000-3500-kg-plateau-basculant-ridelles-alum-4500-x-2160\/#breadcrumb\",\"itemListElement\":[{\"@type\":\"ListItem\",\"position\":1,\"item\":{\"@type\":\"WebPage\",\"@id\":\"https:\/\/remorqueco.fr\/\",\"url\":\"https:\/\/remorqueco.fr\/\",\"name\":\"Accueil\"}},{\"@type\":\"ListItem\",\"position\":2,\"item\":{\"@type\":\"WebPage\",\"@id\":\"https:\/\/remorqueco.fr\/index.php\/shop\/\",\"url\":\"https:\/\/remorqueco.fr\/index.php\/shop\/\",\"name\":\"Produits\"}},{\"@type\":\"ListItem\",\"position\":3,\"item\":{\"@id\":\"https:\/\/remorqueco.fr\/index.php\/produit\/plb-35-4521-s-ptac-2000-3500-kg-plateau-basculant-ridelles-alum-4500-x-2160\/#webpage\"}}]}]}<\/script>\n<!-- \/ Yoast SEO plugin. -->","_links":{"self":[{"href":"https:\/\/remorqueco.fr\/index.php\/wp-json\/wp\/v2\/product\/2975"}],"collection":[{"href":"https:\/\/remorqueco.fr\/index.php\/wp-json\/wp\/v2\/product"}],"about":[{"href":"https:\/\/remorqueco.fr\/index.php\/wp-json\/wp\/v2\/types\/product"}],"wp:featuredmedia":[{"embeddable":true,"href":"https:\/\/remorqueco.fr\/index.php\/wp-json\/wp\/v2\/media\/2979"}],"wp:attachment":[{"href":"https:\/\/remorqueco.fr\/index.php\/wp-json\/wp\/v2\/media?parent=2975"}],"curies":[{"name":"wp","href":"https:\/\/api.w.org\/{rel}","templated":true}]}}