{"id":2974,"date":"2025-10-19T18:19:53","date_gmt":"2025-10-19T16:19:53","guid":{"rendered":"https:\/\/remorqueco.fr\/?post_type=product&#038;p=2974"},"modified":"2025-10-23T17:55:38","modified_gmt":"2025-10-23T15:55:38","slug":"pli-35-5021-ptac-2500-3500-kg-plateau-basculant-pour-vehicules-de-sport-5300-x-2160","status":"publish","type":"product","link":"https:\/\/remorqueco.fr\/index.php\/produit\/pli-35-5021-ptac-2500-3500-kg-plateau-basculant-pour-vehicules-de-sport-5300-x-2160\/","title":{"rendered":"PLI 35 5021  PTAC 2500-3500 kg plateau BASCULANT pour VEHICULES DE SPORT 5300 x 2160"},"content":{"rendered":"<p>[vc_row full_width=\u00a0\u00bbstretch_row\u00a0\u00bb][vc_column width=\u00a0\u00bb2\/3&Prime;][vc_custom_heading text=\u00a0\u00bbTARIF : 6 350 \u20ac TTC avec PLANCHER ALUM\u00a0\u00bb font_container=\u00a0\u00bbtag:h1|font_size:46|text_align:left|color:%23ffffff|line_height:1&Prime; google_fonts=\u00a0\u00bbfont_family:Montserrat%3Aregular%2C700|font_style:400%20regular%3A400%3Anormal\u00a0\u00bb][vc_column_text]<strong>Option :<\/strong><\/p>\n<p>Roues de secours et son support : 210 \u20ac TTC<\/p>\n<p>Cales de roues : 55 \u20ac TTC Unitaire<\/p>\n<p>Sangles 3 points : 35 \u20ac TTC<\/p>\n<p>[\/vc_column_text][vc_btn title=\u00a0\u00bbJoindre votre conseill\u00e9 au 06.64.78.89.91&Prime; style=\u00a0\u00bboutline\u00a0\u00bb shape=\u00a0\u00bbround\u00a0\u00bb color=\u00a0\u00bbjuicy-pink\u00a0\u00bb size=\u00a0\u00bblg\u00a0\u00bb i_icon_fontawesome=\u00a0\u00bbfas fa-phone-alt\u00a0\u00bb add_icon=\u00a0\u00bbtrue\u00a0\u00bb link=\u00a0\u00bb|||\u00a0\u00bb][\/vc_column][vc_column width=\u00a0\u00bb1\/3&Prime;][vc_column_text]<strong>LIMOGES<\/strong> nous sommes ouverts du<\/p>\n<p>LUNDI au VENDREDI de 9h30 \u00e0 12h et de 14h \u00e0 18h30<\/p>\n<p>SAMEDI de 10h \u00e0 12h et de 14h \u00e0 18h<\/p>\n<p>&nbsp;<\/p>\n<p><b>ANGOULEME <\/b>nous sommes ouverts du<\/p>\n<p>MERCREDI au VENDREDI de 10h00 \u00e0 12h et de 14h \u00e0 18h<\/p>\n<p>SAMEDI de 10h \u00e0 12h et de 14h \u00e0 17h<\/p>\n<p>&nbsp;<\/p>\n<p><b>LA SOUTERRAINE <\/b>nous sommes ouverts du<\/p>\n<p>LUNDI au VENDREDI de 9h30 \u00e0 12h et de 14h \u00e0 18h<\/p>\n<p>SAMEDI de 10h \u00e0 12h et de 14h \u00e0 17h<\/p>\n<p>[\/vc_column_text][\/vc_column][\/vc_row][vc_row][vc_column][vc_column_text]ATTENTION : toutes les remorques ayant un PTAC au dessus de 500 Kg n\u00e9cessitent une CARTE GRISE.<\/p>\n<p>Remorqu&amp;CO se propose de r\u00e9aliser pour vous votre Carte Grise.<\/p>\n<p>Vous devez vous munir d&rsquo;une carte d&rsquo;identit\u00e9 et d&rsquo;une attestation de domicile (facture EDF, Telecom, Taxes, &#8230;) de moins de trois mois, le tout au nom, du ou des titulaires, de la future carte grise.<\/p>\n<p>La carte grise est r\u00e9alis\u00e9e imm\u00e9diatement dans nos bureaux, vous pouvez aussi obtenir dans nos ateliers les plaques d&rsquo;immatriculations.<\/p>\n<p>[\/vc_column_text][\/vc_column][\/vc_row]<\/p>\n","protected":false},"excerpt":{"rendered":"<p>Remorque professionnelle pour le transport de v\u00e9hicules automobiles<\/p>\n<p>Nous disposons avec le fabricant haut de gamme LORRIES d&rsquo;une tr\u00e8s large gamme de PORTE VOITURE<\/p>\n<p>PTAC 2500 \u00e0 3500 kg (possibilit\u00e9 de modifier le tarage sans modification de la remorque).<\/p>\n<p>GAMME PLI<\/p>\n<p>Id\u00e9ale pour les v\u00e9hicules de sport en raison de la faible pente 12,5 \u00b0.<br \/>\nRoues taille basse 13 pouces<\/p>\n<p>PLI 35 5021 Version 5,3 m\u00e8tres basculant sur v\u00e9rin \u00e0 gaz largeur 2,160<\/p>\n<p>TARIF : 6 350 \u20ac TTC<br \/>\ninclus : rampes et treuil + support de treuil, feux LEDS, PLANCHER ALUM<\/p>\n<p><strong>Poids \u00e0 vide : 790 kg<\/strong><\/p>\n","protected":false},"featured_media":2738,"template":"","meta":[],"yoast_head":"<!-- This site is optimized with the Yoast SEO plugin v16.4 - https:\/\/yoast.com\/wordpress\/plugins\/seo\/ -->\n<title>PLI 35 5021 PTAC 2500-3500 kg plateau BASCULANT pour VEHICULES DE SPORT 5300 x 2160 - REMORQU&amp;CO<\/title>\n<meta name=\"robots\" content=\"index, follow, max-snippet:-1, max-image-preview:large, max-video-preview:-1\" \/>\n<link rel=\"canonical\" href=\"https:\/\/remorqueco.fr\/index.php\/produit\/pli-35-5021-ptac-2500-3500-kg-plateau-basculant-pour-vehicules-de-sport-5300-x-2160\/\" \/>\n<meta property=\"og:locale\" content=\"fr_FR\" \/>\n<meta property=\"og:type\" content=\"article\" \/>\n<meta property=\"og:title\" content=\"PLI 35 5021 PTAC 2500-3500 kg plateau BASCULANT pour VEHICULES DE SPORT 5300 x 2160 - REMORQU&amp;CO\" \/>\n<meta property=\"og:description\" content=\"Remorque professionnelle pour le transport de v\u00e9hicules automobiles  Nous disposons avec le fabricant haut de gamme LORRIES d&#039;une tr\u00e8s large gamme de PORTE VOITURE  PTAC 2500 \u00e0 3500 kg (possibilit\u00e9 de modifier le tarage sans modification de la remorque).  GAMME PLI  Id\u00e9ale pour les v\u00e9hicules de sport en raison de la faible pente 12,5 \u00b0. Roues taille basse 13 pouces  PLI 35 5021 Version 5,3 m\u00e8tres basculant sur v\u00e9rin \u00e0 gaz largeur 2,160  TARIF : 6 350 \u20ac TTC inclus : rampes et treuil + support de treuil, feux LEDS, PLANCHER ALUM  Poids \u00e0 vide : 790 kg\" \/>\n<meta property=\"og:url\" content=\"https:\/\/remorqueco.fr\/index.php\/produit\/pli-35-5021-ptac-2500-3500-kg-plateau-basculant-pour-vehicules-de-sport-5300-x-2160\/\" \/>\n<meta property=\"og:site_name\" content=\"REMORQU&amp;CO\" \/>\n<meta property=\"article:modified_time\" content=\"2025-10-23T15:55:38+00:00\" \/>\n<meta property=\"og:image\" content=\"https:\/\/remorqueco.fr\/new\/wp-content\/uploads\/2025\/08\/20250731_141628.jpg\" \/>\n\t<meta property=\"og:image:width\" content=\"1346\" \/>\n\t<meta property=\"og:image:height\" content=\"1009\" \/>\n<meta name=\"twitter:card\" content=\"summary_large_image\" \/>\n<meta name=\"twitter:label1\" content=\"Dur\u00e9e de lecture est.\" \/>\n\t<meta name=\"twitter:data1\" content=\"1 minute\" \/>\n<script type=\"application\/ld+json\" class=\"yoast-schema-graph\">{\"@context\":\"https:\/\/schema.org\",\"@graph\":[{\"@type\":\"WebSite\",\"@id\":\"https:\/\/remorqueco.fr\/#website\",\"url\":\"https:\/\/remorqueco.fr\/\",\"name\":\"REMORQU&amp;CO\",\"description\":\"Vente de remorques \\u00e0 Limoges\",\"potentialAction\":[{\"@type\":\"SearchAction\",\"target\":\"https:\/\/remorqueco.fr\/?s={search_term_string}\",\"query-input\":\"required name=search_term_string\"}],\"inLanguage\":\"fr-FR\"},{\"@type\":\"ImageObject\",\"@id\":\"https:\/\/remorqueco.fr\/index.php\/produit\/pli-35-5021-ptac-2500-3500-kg-plateau-basculant-pour-vehicules-de-sport-5300-x-2160\/#primaryimage\",\"inLanguage\":\"fr-FR\",\"url\":\"https:\/\/remorqueco.fr\/new\/wp-content\/uploads\/2025\/08\/20250731_141628.jpg\",\"contentUrl\":\"https:\/\/remorqueco.fr\/new\/wp-content\/uploads\/2025\/08\/20250731_141628.jpg\",\"width\":1346,\"height\":1009},{\"@type\":\"WebPage\",\"@id\":\"https:\/\/remorqueco.fr\/index.php\/produit\/pli-35-5021-ptac-2500-3500-kg-plateau-basculant-pour-vehicules-de-sport-5300-x-2160\/#webpage\",\"url\":\"https:\/\/remorqueco.fr\/index.php\/produit\/pli-35-5021-ptac-2500-3500-kg-plateau-basculant-pour-vehicules-de-sport-5300-x-2160\/\",\"name\":\"PLI 35 5021 PTAC 2500-3500 kg plateau BASCULANT pour VEHICULES DE SPORT 5300 x 2160 - REMORQU&amp;CO\",\"isPartOf\":{\"@id\":\"https:\/\/remorqueco.fr\/#website\"},\"primaryImageOfPage\":{\"@id\":\"https:\/\/remorqueco.fr\/index.php\/produit\/pli-35-5021-ptac-2500-3500-kg-plateau-basculant-pour-vehicules-de-sport-5300-x-2160\/#primaryimage\"},\"datePublished\":\"2025-10-19T16:19:53+00:00\",\"dateModified\":\"2025-10-23T15:55:38+00:00\",\"breadcrumb\":{\"@id\":\"https:\/\/remorqueco.fr\/index.php\/produit\/pli-35-5021-ptac-2500-3500-kg-plateau-basculant-pour-vehicules-de-sport-5300-x-2160\/#breadcrumb\"},\"inLanguage\":\"fr-FR\",\"potentialAction\":[{\"@type\":\"ReadAction\",\"target\":[\"https:\/\/remorqueco.fr\/index.php\/produit\/pli-35-5021-ptac-2500-3500-kg-plateau-basculant-pour-vehicules-de-sport-5300-x-2160\/\"]}]},{\"@type\":\"BreadcrumbList\",\"@id\":\"https:\/\/remorqueco.fr\/index.php\/produit\/pli-35-5021-ptac-2500-3500-kg-plateau-basculant-pour-vehicules-de-sport-5300-x-2160\/#breadcrumb\",\"itemListElement\":[{\"@type\":\"ListItem\",\"position\":1,\"item\":{\"@type\":\"WebPage\",\"@id\":\"https:\/\/remorqueco.fr\/\",\"url\":\"https:\/\/remorqueco.fr\/\",\"name\":\"Accueil\"}},{\"@type\":\"ListItem\",\"position\":2,\"item\":{\"@type\":\"WebPage\",\"@id\":\"https:\/\/remorqueco.fr\/index.php\/shop\/\",\"url\":\"https:\/\/remorqueco.fr\/index.php\/shop\/\",\"name\":\"Produits\"}},{\"@type\":\"ListItem\",\"position\":3,\"item\":{\"@id\":\"https:\/\/remorqueco.fr\/index.php\/produit\/pli-35-5021-ptac-2500-3500-kg-plateau-basculant-pour-vehicules-de-sport-5300-x-2160\/#webpage\"}}]}]}<\/script>\n<!-- \/ Yoast SEO plugin. -->","_links":{"self":[{"href":"https:\/\/remorqueco.fr\/index.php\/wp-json\/wp\/v2\/product\/2974"}],"collection":[{"href":"https:\/\/remorqueco.fr\/index.php\/wp-json\/wp\/v2\/product"}],"about":[{"href":"https:\/\/remorqueco.fr\/index.php\/wp-json\/wp\/v2\/types\/product"}],"wp:featuredmedia":[{"embeddable":true,"href":"https:\/\/remorqueco.fr\/index.php\/wp-json\/wp\/v2\/media\/2738"}],"wp:attachment":[{"href":"https:\/\/remorqueco.fr\/index.php\/wp-json\/wp\/v2\/media?parent=2974"}],"curies":[{"name":"wp","href":"https:\/\/api.w.org\/{rel}","templated":true}]}}