{"id":2926,"date":"2025-10-10T14:47:43","date_gmt":"2025-10-10T12:47:43","guid":{"rendered":"https:\/\/remorqueco.fr\/?post_type=product&#038;p=2926"},"modified":"2026-01-15T10:55:15","modified_gmt":"2026-01-15T09:55:15","slug":"exclusivie-en-france-remorque-smart-biker-1-place-abaissable-et-relevable-sans-effort-ptac-500","status":"publish","type":"product","link":"https:\/\/remorqueco.fr\/index.php\/produit\/exclusivie-en-france-remorque-smart-biker-1-place-abaissable-et-relevable-sans-effort-ptac-500\/","title":{"rendered":"1.PORTE MOTO 1 moto ABAISSABLE, PLIABLE, COMPACT, SMART BIKER, STOCKAGE VERTICAL sans effort PTAC 500 kg"},"content":{"rendered":"<p>[vc_row full_width=\u00a0\u00bbstretch_row\u00a0\u00bb][vc_column width=\u00a0\u00bb2\/3&Prime;][vc_custom_heading text=\u00a0\u00bbTARIF : 1 990 \u20ac TTC\u00a0\u00bb font_container=\u00a0\u00bbtag:h1|font_size:46|text_align:left|color:%23ffffff|line_height:1&Prime; google_fonts=\u00a0\u00bbfont_family:Montserrat%3Aregular%2C700|font_style:400%20regular%3A400%3Anormal\u00a0\u00bb][vc_column_text]En option :<\/p>\n<ul>\n<li>LIVRAISON SUR TOUTE LA FRANCE : 200 \u20ac TTC<\/li>\n<li>Roue de secours Acier : 90 \u20ac TTC<\/li>\n<li>Roue de secours ALUM : 175 \u20ac TTC<\/li>\n<li>Support de roue de secours : 55 \u20ac TTC<\/li>\n<li>Version 2 jantes ALUM : 180 \u20ac TTC<\/li>\n<li>Kit 2 sangles r\u00e9tractable : 40 \u20ac<\/li>\n<li>1 Sangle de roue arri\u00e8re MOTO : 50 \u20ac TTC<\/li>\n<li>Clef anti vol : 4 \u20ac TTC<\/li>\n<li>Antivol permanent : 90 \u20ac TTC<\/li>\n<li>Kit MP3 : 275 \u20ac TTC<\/li>\n<li>Plaque Immatriculation : 10 \u20ac TTC<\/li>\n<\/ul>\n<p>[\/vc_column_text][vc_column_text]<\/p>\n<h3><a href=\"https:\/\/smartbiker-france.fr\/accueil\/\"><strong>ICI <\/strong><\/a><\/h3>\n<h3><a href=\"https:\/\/smartbiker-france.fr\/accueil\/\"><strong>VIDEOS EXPLICATIVES<\/strong><\/a><\/h3>\n<h3><a href=\"https:\/\/smartbiker-france.fr\/accueil\/\"><strong>BOUTIQUE DE VENTE EN LIGNE <\/strong><\/a><\/h3>\n<h3><a href=\"https:\/\/smartbiker-france.fr\/accueil\/\"><strong>DE CETTE REMORQUE\u00a0<\/strong><\/a><\/h3>\n<p>[\/vc_column_text][vc_btn title=\u00a0\u00bbJoindre votre conseill\u00e9 au 06.64.78.89.91&Prime; style=\u00a0\u00bboutline\u00a0\u00bb shape=\u00a0\u00bbround\u00a0\u00bb color=\u00a0\u00bbjuicy-pink\u00a0\u00bb size=\u00a0\u00bblg\u00a0\u00bb i_icon_fontawesome=\u00a0\u00bbfas fa-phone-alt\u00a0\u00bb add_icon=\u00a0\u00bbtrue\u00a0\u00bb link=\u00a0\u00bb|||\u00a0\u00bb][\/vc_column][vc_column width=\u00a0\u00bb1\/3&Prime;][vc_column_text]<strong>Retrait possible \u00e0 LIMOGES<\/strong> (dep87) nous sommes ouverts du<\/p>\n<p>LUNDI au VENDREDI de 9h30 \u00e0 12h et de 14h \u00e0 18h30<\/p>\n<p>SAMEDI de 10h \u00e0 12h et de 14h \u00e0 18h<\/p>\n<p>&nbsp;<\/p>\n<p><b><strong>Retrait possible \u00e0 <\/strong>ANGOULEME (dep16) <\/b>nous sommes ouverts du<\/p>\n<p>MERCREDI au VENDREDI de 10h00 \u00e0 12h et de 14h \u00e0 18h<\/p>\n<p>SAMEDI de 10h \u00e0 12h et de 14h \u00e0 17h<\/p>\n<p>&nbsp;<\/p>\n<p><b><strong>Retrait possible \u00e0 <\/strong>LA SOUTERRAINE (dep23) <\/b>nous sommes ouverts du<\/p>\n<p>LUNDI au VENDREDI de 9h30 \u00e0 12h et de 14h \u00e0 18h<\/p>\n<p>SAMEDI de 10h \u00e0 12h et de 14h \u00e0 17h<\/p>\n<p>[\/vc_column_text][\/vc_column][\/vc_row][vc_row][vc_column][\/vc_column][\/vc_row]<\/p>\n","protected":false},"excerpt":{"rendered":"<p>Remorque porte MOTO 1 place PTAC 500 kg sans frein.<\/p>\n<p>Rangement STOCKAGE VERTICAL sans outils et sans effort.<\/p>\n<p>CHARGEMENT DE LA MOTO AU SOL\u00a0 et RELEVAGE DE LA MOTO SANS DANGER ET SANS EFFORT.<\/p>\n<p>Toutes les manipulations de la remorque se font attel\u00e9 au v\u00e9hicule.<\/p>\n<ul>\n<li>Dimensions hors tout d\u00e9pli\u00e9 : 2,48 x\u00a0 largeur 2 m x hauteur 0,6 m<\/li>\n<li>Dimensions hors tout repli\u00e9 contre un mur : largeur 2 m x hauteur 2 m \u00e9paisseur 0,6 m<\/li>\n<li>Pvide : 125 kg<\/li>\n<li>P UTILE 375 Kg<\/li>\n<li>Plateau abaissable aucune pente pour charger la moto<\/li>\n<li>Empattement moto maxi : 1650 mm<\/li>\n<li>Relevage manuel de la moto facile et sans danger.\u00a0 Pour relever une moto de 220 kg il faut moins de 50 kg d&rsquo;effort. En option un accessoire pour un relevage sans vraiment aucun effort.<\/li>\n<li>Roues 190\/55 R10<\/li>\n<li>Full led<\/li>\n<li>Ch\u00e2ssis : cadre acier soud\u00e9 peinture \u00e0 chaud<\/li>\n<li>Bloc roue automatique<\/li>\n<\/ul>\n<p>QUATRE COULEURS POSSIBLES Noir, Blanc, Orange et Bleu.<\/p>\n<p>Livraison Exp\u00e9dition sur toute la france au tarif exceptionnel de 200 \u20ac TTC.<\/p>\n<p>Colisage simple, pas d&rsquo;outillage et pas d&rsquo;assemblage de la remorque.<\/p>\n<p>La remorque est livr\u00e9e pr\u00eate \u00e0 la mise en service.<\/p>\n<p>&nbsp;<\/p>\n","protected":false},"featured_media":3012,"template":"","meta":[],"yoast_head":"<!-- This site is optimized with the Yoast SEO plugin v16.4 - https:\/\/yoast.com\/wordpress\/plugins\/seo\/ -->\n<title>1.PORTE MOTO 1 moto ABAISSABLE, PLIABLE, COMPACT, SMART BIKER, STOCKAGE VERTICAL sans effort PTAC 500 kg - REMORQU&amp;CO<\/title>\n<meta name=\"robots\" content=\"index, follow, max-snippet:-1, max-image-preview:large, max-video-preview:-1\" \/>\n<link rel=\"canonical\" href=\"https:\/\/remorqueco.fr\/index.php\/produit\/exclusivie-en-france-remorque-smart-biker-1-place-abaissable-et-relevable-sans-effort-ptac-500\/\" \/>\n<meta property=\"og:locale\" content=\"fr_FR\" \/>\n<meta property=\"og:type\" content=\"article\" \/>\n<meta property=\"og:title\" content=\"1.PORTE MOTO 1 moto ABAISSABLE, PLIABLE, COMPACT, SMART BIKER, STOCKAGE VERTICAL sans effort PTAC 500 kg - REMORQU&amp;CO\" \/>\n<meta property=\"og:description\" content=\"Remorque porte MOTO 1 place PTAC 500 kg sans frein.  Rangement STOCKAGE VERTICAL sans outils et sans effort.  CHARGEMENT DE LA MOTO AU SOL\u00a0 et RELEVAGE DE LA MOTO SANS DANGER ET SANS EFFORT.  Toutes les manipulations de la remorque se font attel\u00e9 au v\u00e9hicule.   Dimensions hors tout d\u00e9pli\u00e9 : 2,48 x\u00a0 largeur 2 m x hauteur 0,6 m  Dimensions hors tout repli\u00e9 contre un mur : largeur 2 m x hauteur 2 m \u00e9paisseur 0,6 m  Pvide : 125 kg  P UTILE 375 Kg  Plateau abaissable aucune pente pour charger la moto  Empattement moto maxi : 1650 mm  Relevage manuel de la moto facile et sans danger.\u00a0 Pour relever une moto de 220 kg il faut moins de 50 kg d&#039;effort. En option un accessoire pour un relevage sans vraiment aucun effort.  Roues 190\/55 R10  Full led  Ch\u00e2ssis : cadre acier soud\u00e9 peinture \u00e0 chaud  Bloc roue automatique  QUATRE COULEURS POSSIBLES Noir, Blanc, Orange et Bleu.  Livraison Exp\u00e9dition sur toute la france au tarif exceptionnel de 200 \u20ac TTC.  Colisage simple, pas d&#039;outillage et pas d&#039;assemblage de la remorque.  La remorque est livr\u00e9e pr\u00eate \u00e0 la mise en service.  &nbsp;\" \/>\n<meta property=\"og:url\" content=\"https:\/\/remorqueco.fr\/index.php\/produit\/exclusivie-en-france-remorque-smart-biker-1-place-abaissable-et-relevable-sans-effort-ptac-500\/\" \/>\n<meta property=\"og:site_name\" content=\"REMORQU&amp;CO\" \/>\n<meta property=\"article:modified_time\" content=\"2026-01-15T09:55:15+00:00\" \/>\n<meta property=\"og:image\" content=\"https:\/\/remorqueco.fr\/new\/wp-content\/uploads\/2025\/10\/SmarBiker_v2.00_00_03_06.Still002-scaled.jpg\" \/>\n\t<meta property=\"og:image:width\" content=\"2560\" \/>\n\t<meta property=\"og:image:height\" content=\"1440\" \/>\n<meta name=\"twitter:card\" content=\"summary_large_image\" \/>\n<meta name=\"twitter:label1\" content=\"Dur\u00e9e de lecture est.\" \/>\n\t<meta name=\"twitter:data1\" content=\"1 minute\" \/>\n<script type=\"application\/ld+json\" class=\"yoast-schema-graph\">{\"@context\":\"https:\/\/schema.org\",\"@graph\":[{\"@type\":\"WebSite\",\"@id\":\"https:\/\/remorqueco.fr\/#website\",\"url\":\"https:\/\/remorqueco.fr\/\",\"name\":\"REMORQU&amp;CO\",\"description\":\"Vente de remorques \\u00e0 Limoges\",\"potentialAction\":[{\"@type\":\"SearchAction\",\"target\":\"https:\/\/remorqueco.fr\/?s={search_term_string}\",\"query-input\":\"required name=search_term_string\"}],\"inLanguage\":\"fr-FR\"},{\"@type\":\"ImageObject\",\"@id\":\"https:\/\/remorqueco.fr\/index.php\/produit\/exclusivie-en-france-remorque-smart-biker-1-place-abaissable-et-relevable-sans-effort-ptac-500\/#primaryimage\",\"inLanguage\":\"fr-FR\",\"url\":\"https:\/\/remorqueco.fr\/new\/wp-content\/uploads\/2025\/10\/SmarBiker_v2.00_00_03_06.Still002-scaled.jpg\",\"contentUrl\":\"https:\/\/remorqueco.fr\/new\/wp-content\/uploads\/2025\/10\/SmarBiker_v2.00_00_03_06.Still002-scaled.jpg\",\"width\":2560,\"height\":1440},{\"@type\":\"WebPage\",\"@id\":\"https:\/\/remorqueco.fr\/index.php\/produit\/exclusivie-en-france-remorque-smart-biker-1-place-abaissable-et-relevable-sans-effort-ptac-500\/#webpage\",\"url\":\"https:\/\/remorqueco.fr\/index.php\/produit\/exclusivie-en-france-remorque-smart-biker-1-place-abaissable-et-relevable-sans-effort-ptac-500\/\",\"name\":\"1.PORTE MOTO 1 moto ABAISSABLE, PLIABLE, COMPACT, SMART BIKER, STOCKAGE VERTICAL sans effort PTAC 500 kg - REMORQU&amp;CO\",\"isPartOf\":{\"@id\":\"https:\/\/remorqueco.fr\/#website\"},\"primaryImageOfPage\":{\"@id\":\"https:\/\/remorqueco.fr\/index.php\/produit\/exclusivie-en-france-remorque-smart-biker-1-place-abaissable-et-relevable-sans-effort-ptac-500\/#primaryimage\"},\"datePublished\":\"2025-10-10T12:47:43+00:00\",\"dateModified\":\"2026-01-15T09:55:15+00:00\",\"breadcrumb\":{\"@id\":\"https:\/\/remorqueco.fr\/index.php\/produit\/exclusivie-en-france-remorque-smart-biker-1-place-abaissable-et-relevable-sans-effort-ptac-500\/#breadcrumb\"},\"inLanguage\":\"fr-FR\",\"potentialAction\":[{\"@type\":\"ReadAction\",\"target\":[\"https:\/\/remorqueco.fr\/index.php\/produit\/exclusivie-en-france-remorque-smart-biker-1-place-abaissable-et-relevable-sans-effort-ptac-500\/\"]}]},{\"@type\":\"BreadcrumbList\",\"@id\":\"https:\/\/remorqueco.fr\/index.php\/produit\/exclusivie-en-france-remorque-smart-biker-1-place-abaissable-et-relevable-sans-effort-ptac-500\/#breadcrumb\",\"itemListElement\":[{\"@type\":\"ListItem\",\"position\":1,\"item\":{\"@type\":\"WebPage\",\"@id\":\"https:\/\/remorqueco.fr\/\",\"url\":\"https:\/\/remorqueco.fr\/\",\"name\":\"Accueil\"}},{\"@type\":\"ListItem\",\"position\":2,\"item\":{\"@type\":\"WebPage\",\"@id\":\"https:\/\/remorqueco.fr\/index.php\/shop\/\",\"url\":\"https:\/\/remorqueco.fr\/index.php\/shop\/\",\"name\":\"Produits\"}},{\"@type\":\"ListItem\",\"position\":3,\"item\":{\"@id\":\"https:\/\/remorqueco.fr\/index.php\/produit\/exclusivie-en-france-remorque-smart-biker-1-place-abaissable-et-relevable-sans-effort-ptac-500\/#webpage\"}}]}]}<\/script>\n<!-- \/ Yoast SEO plugin. -->","_links":{"self":[{"href":"https:\/\/remorqueco.fr\/index.php\/wp-json\/wp\/v2\/product\/2926"}],"collection":[{"href":"https:\/\/remorqueco.fr\/index.php\/wp-json\/wp\/v2\/product"}],"about":[{"href":"https:\/\/remorqueco.fr\/index.php\/wp-json\/wp\/v2\/types\/product"}],"wp:featuredmedia":[{"embeddable":true,"href":"https:\/\/remorqueco.fr\/index.php\/wp-json\/wp\/v2\/media\/3012"}],"wp:attachment":[{"href":"https:\/\/remorqueco.fr\/index.php\/wp-json\/wp\/v2\/media?parent=2926"}],"curies":[{"name":"wp","href":"https:\/\/api.w.org\/{rel}","templated":true}]}}