{"id":2880,"date":"2025-09-07T21:30:07","date_gmt":"2025-09-07T19:30:07","guid":{"rendered":"https:\/\/remorqueco.fr\/?post_type=product&#038;p=2880"},"modified":"2026-04-07T16:51:34","modified_gmt":"2026-04-07T14:51:34","slug":"benne-gamme-lt-250-c-254-m-x-153-m-simple-essieu-ptac-850-a-1500-kg-pompe-manuelle","status":"publish","type":"product","link":"https:\/\/remorqueco.fr\/index.php\/produit\/benne-gamme-lt-250-c-254-m-x-153-m-simple-essieu-ptac-850-a-1500-kg-pompe-manuelle\/","title":{"rendered":"BENNE GAMME LT 250 C 2,54 m x 1,53 m SIMPLE ESSIEU PTAC 1100 \u00e0 1500 kg POMPE MANUELLE"},"content":{"rendered":"<p>[vc_row full_width=\u00a0\u00bbstretch_row\u00a0\u00bb][vc_column width=\u00a0\u00bb2\/3&Prime;][vc_custom_heading text=\u00a0\u00bbTARIF : 3 050 \u20ac TTC\u00a0\u00bb font_container=\u00a0\u00bbtag:h1|font_size:46|text_align:left|color:%23ffffff|line_height:1&Prime; google_fonts=\u00a0\u00bbfont_family:Montserrat%3Aregular%2C700|font_style:400%20regular%3A400%3Anormal\u00a0\u00bb][vc_column_text]<a href=\"https:\/\/remorqueco.fr\/index.php\/produit\/benne-kipper-250-2-c-254-m-x-153-m-double-essieux-ptac-jusqua-2000-kg\/\">Existe aussi en version ELECTRIQUE voir gamme KIPPER<\/a><\/p>\n<p>[\/vc_column_text][vc_column_text]En options :<\/p>\n<ul>\n<li>Rehausses grillag\u00e9es 600 mm : 690 \u20ac TTC<\/li>\n<li>Rehausse ACIER 300 mm : 390 \u20ac TTC<\/li>\n<li>Roue de secours : 140 \u20ac TTC<\/li>\n<li>Support de roue de secours : 55 \u20ac TTC<\/li>\n<\/ul>\n<p>[\/vc_column_text][vc_btn title=\u00a0\u00bbJoindre votre conseill\u00e9 au 06.64.78.89.91&Prime; style=\u00a0\u00bboutline\u00a0\u00bb shape=\u00a0\u00bbround\u00a0\u00bb color=\u00a0\u00bbjuicy-pink\u00a0\u00bb size=\u00a0\u00bblg\u00a0\u00bb i_icon_fontawesome=\u00a0\u00bbfas fa-phone-alt\u00a0\u00bb add_icon=\u00a0\u00bbtrue\u00a0\u00bb link=\u00a0\u00bb|||\u00a0\u00bb][\/vc_column][vc_column width=\u00a0\u00bb1\/3&Prime;][vc_column_text]<strong>LIMOGES<\/strong> nous sommes ouverts du<\/p>\n<p>LUNDI au VENDREDI de 9h30 \u00e0 12h et de 14h \u00e0 18h30<\/p>\n<p>SAMEDI de 10h \u00e0 12h et de 14h \u00e0 18h<\/p>\n<p>&nbsp;<\/p>\n<p><b>ANGOULEME <\/b>nous sommes ouverts du<\/p>\n<p>MERCREDI au VENDREDI de 10h00 \u00e0 12h et de 14h \u00e0 18h<\/p>\n<p>SAMEDI de 10h \u00e0 12h et de 14h \u00e0 17h<\/p>\n<p>&nbsp;<\/p>\n<p><b>LA SOUTERRAINE <\/b>nous sommes ouverts du<\/p>\n<p>LUNDI au VENDREDI de 9h30 \u00e0 12h et de 14h \u00e0 18h<\/p>\n<p>SAMEDI de 10h \u00e0 12h et de 14h \u00e0 17h[\/vc_column_text][\/vc_column][\/vc_row]<\/p>\n","protected":false},"excerpt":{"rendered":"<p>Remorque BENNE de fabrication s\u00e9rieuse MARTZ<\/p>\n<p>Plateau enti\u00e8rement en Acier 3 mm<\/p>\n<p>Plateau : 2,54 m x 1,53 m ridelle ALUM 300 mm<br \/>\nAngle de basculement 45 \u00b0<br \/>\nPompe\u00a0 MANUELLE<br \/>\nCh\u00e2ssis et pont enti\u00e8rement soud\u00e9 et galvanis\u00e9 \u00e0 chaud<br \/>\n1 ESSIEU Roue en 13&Prime;\u00a0 haut de gamme AL KO OU KNOTT<br \/>\nPTAC 1100 \u00e0 1500 kg possibilit\u00e9 de changer le tarage sans modifier la remorque.<\/p>\n<p>Poids \u00e0 vide 393 kg<\/p>\n","protected":false},"featured_media":2903,"template":"","meta":[],"yoast_head":"<!-- This site is optimized with the Yoast SEO plugin v16.4 - https:\/\/yoast.com\/wordpress\/plugins\/seo\/ -->\n<title>BENNE GAMME LT 250 C 2,54 m x 1,53 m SIMPLE ESSIEU PTAC 1100 \u00e0 1500 kg POMPE MANUELLE - REMORQU&amp;CO<\/title>\n<meta name=\"robots\" content=\"index, follow, max-snippet:-1, max-image-preview:large, max-video-preview:-1\" \/>\n<link rel=\"canonical\" href=\"https:\/\/remorqueco.fr\/index.php\/produit\/benne-gamme-lt-250-c-254-m-x-153-m-simple-essieu-ptac-850-a-1500-kg-pompe-manuelle\/\" \/>\n<meta property=\"og:locale\" content=\"fr_FR\" \/>\n<meta property=\"og:type\" content=\"article\" \/>\n<meta property=\"og:title\" content=\"BENNE GAMME LT 250 C 2,54 m x 1,53 m SIMPLE ESSIEU PTAC 1100 \u00e0 1500 kg POMPE MANUELLE - REMORQU&amp;CO\" \/>\n<meta property=\"og:description\" content=\"Remorque BENNE de fabrication s\u00e9rieuse MARTZ  Plateau enti\u00e8rement en Acier 3 mm  Plateau : 2,54 m x 1,53 m ridelle ALUM 300 mm Angle de basculement 45 \u00b0 Pompe\u00a0 MANUELLE Ch\u00e2ssis et pont enti\u00e8rement soud\u00e9 et galvanis\u00e9 \u00e0 chaud 1 ESSIEU Roue en 13&quot;\u00a0 haut de gamme AL KO OU KNOTT PTAC 1100 \u00e0 1500 kg possibilit\u00e9 de changer le tarage sans modifier la remorque.  Poids \u00e0 vide 393 kg\" \/>\n<meta property=\"og:url\" content=\"https:\/\/remorqueco.fr\/index.php\/produit\/benne-gamme-lt-250-c-254-m-x-153-m-simple-essieu-ptac-850-a-1500-kg-pompe-manuelle\/\" \/>\n<meta property=\"og:site_name\" content=\"REMORQU&amp;CO\" \/>\n<meta property=\"article:modified_time\" content=\"2026-04-07T14:51:34+00:00\" \/>\n<meta property=\"og:image\" content=\"https:\/\/remorqueco.fr\/new\/wp-content\/uploads\/2025\/09\/20250906_173021.jpg\" \/>\n\t<meta property=\"og:image:width\" content=\"1346\" \/>\n\t<meta property=\"og:image:height\" content=\"1009\" \/>\n<meta name=\"twitter:card\" content=\"summary_large_image\" \/>\n<meta name=\"twitter:label1\" content=\"Dur\u00e9e de lecture est.\" \/>\n\t<meta name=\"twitter:data1\" content=\"1 minute\" \/>\n<script type=\"application\/ld+json\" class=\"yoast-schema-graph\">{\"@context\":\"https:\/\/schema.org\",\"@graph\":[{\"@type\":\"WebSite\",\"@id\":\"https:\/\/remorqueco.fr\/#website\",\"url\":\"https:\/\/remorqueco.fr\/\",\"name\":\"REMORQU&amp;CO\",\"description\":\"Vente de remorques \\u00e0 Limoges\",\"potentialAction\":[{\"@type\":\"SearchAction\",\"target\":\"https:\/\/remorqueco.fr\/?s={search_term_string}\",\"query-input\":\"required name=search_term_string\"}],\"inLanguage\":\"fr-FR\"},{\"@type\":\"ImageObject\",\"@id\":\"https:\/\/remorqueco.fr\/index.php\/produit\/benne-gamme-lt-250-c-254-m-x-153-m-simple-essieu-ptac-850-a-1500-kg-pompe-manuelle\/#primaryimage\",\"inLanguage\":\"fr-FR\",\"url\":\"https:\/\/remorqueco.fr\/new\/wp-content\/uploads\/2025\/09\/20250906_173021.jpg\",\"contentUrl\":\"https:\/\/remorqueco.fr\/new\/wp-content\/uploads\/2025\/09\/20250906_173021.jpg\",\"width\":1346,\"height\":1009},{\"@type\":\"WebPage\",\"@id\":\"https:\/\/remorqueco.fr\/index.php\/produit\/benne-gamme-lt-250-c-254-m-x-153-m-simple-essieu-ptac-850-a-1500-kg-pompe-manuelle\/#webpage\",\"url\":\"https:\/\/remorqueco.fr\/index.php\/produit\/benne-gamme-lt-250-c-254-m-x-153-m-simple-essieu-ptac-850-a-1500-kg-pompe-manuelle\/\",\"name\":\"BENNE GAMME LT 250 C 2,54 m x 1,53 m SIMPLE ESSIEU PTAC 1100 \\u00e0 1500 kg POMPE MANUELLE - REMORQU&amp;CO\",\"isPartOf\":{\"@id\":\"https:\/\/remorqueco.fr\/#website\"},\"primaryImageOfPage\":{\"@id\":\"https:\/\/remorqueco.fr\/index.php\/produit\/benne-gamme-lt-250-c-254-m-x-153-m-simple-essieu-ptac-850-a-1500-kg-pompe-manuelle\/#primaryimage\"},\"datePublished\":\"2025-09-07T19:30:07+00:00\",\"dateModified\":\"2026-04-07T14:51:34+00:00\",\"breadcrumb\":{\"@id\":\"https:\/\/remorqueco.fr\/index.php\/produit\/benne-gamme-lt-250-c-254-m-x-153-m-simple-essieu-ptac-850-a-1500-kg-pompe-manuelle\/#breadcrumb\"},\"inLanguage\":\"fr-FR\",\"potentialAction\":[{\"@type\":\"ReadAction\",\"target\":[\"https:\/\/remorqueco.fr\/index.php\/produit\/benne-gamme-lt-250-c-254-m-x-153-m-simple-essieu-ptac-850-a-1500-kg-pompe-manuelle\/\"]}]},{\"@type\":\"BreadcrumbList\",\"@id\":\"https:\/\/remorqueco.fr\/index.php\/produit\/benne-gamme-lt-250-c-254-m-x-153-m-simple-essieu-ptac-850-a-1500-kg-pompe-manuelle\/#breadcrumb\",\"itemListElement\":[{\"@type\":\"ListItem\",\"position\":1,\"item\":{\"@type\":\"WebPage\",\"@id\":\"https:\/\/remorqueco.fr\/\",\"url\":\"https:\/\/remorqueco.fr\/\",\"name\":\"Accueil\"}},{\"@type\":\"ListItem\",\"position\":2,\"item\":{\"@type\":\"WebPage\",\"@id\":\"https:\/\/remorqueco.fr\/index.php\/shop\/\",\"url\":\"https:\/\/remorqueco.fr\/index.php\/shop\/\",\"name\":\"Produits\"}},{\"@type\":\"ListItem\",\"position\":3,\"item\":{\"@id\":\"https:\/\/remorqueco.fr\/index.php\/produit\/benne-gamme-lt-250-c-254-m-x-153-m-simple-essieu-ptac-850-a-1500-kg-pompe-manuelle\/#webpage\"}}]}]}<\/script>\n<!-- \/ Yoast SEO plugin. -->","_links":{"self":[{"href":"https:\/\/remorqueco.fr\/index.php\/wp-json\/wp\/v2\/product\/2880"}],"collection":[{"href":"https:\/\/remorqueco.fr\/index.php\/wp-json\/wp\/v2\/product"}],"about":[{"href":"https:\/\/remorqueco.fr\/index.php\/wp-json\/wp\/v2\/types\/product"}],"wp:featuredmedia":[{"embeddable":true,"href":"https:\/\/remorqueco.fr\/index.php\/wp-json\/wp\/v2\/media\/2903"}],"wp:attachment":[{"href":"https:\/\/remorqueco.fr\/index.php\/wp-json\/wp\/v2\/media?parent=2880"}],"curies":[{"name":"wp","href":"https:\/\/api.w.org\/{rel}","templated":true}]}}