{"id":2874,"date":"2025-09-07T21:19:45","date_gmt":"2025-09-07T19:19:45","guid":{"rendered":"https:\/\/remorqueco.fr\/?post_type=product&#038;p=2874"},"modified":"2026-01-10T12:54:26","modified_gmt":"2026-01-10T11:54:26","slug":"moto-1-rail-plateau-basculant-dimensions-2200-x-1310-mm","status":"publish","type":"product","link":"https:\/\/remorqueco.fr\/index.php\/produit\/moto-1-rail-plateau-basculant-dimensions-2200-x-1310-mm\/","title":{"rendered":"8.PORTE MOTO 1 moto PTAC 500\/750 kg dimensions 2200 x 1310 mm"},"content":{"rendered":"<p>[vc_row full_width=\u00a0\u00bbstretch_row\u00a0\u00bb][vc_column width=\u00a0\u00bb2\/3&Prime;][vc_custom_heading text=\u00a0\u00bbTARIF : 790 \u20ac TTC\u00a0\u00bb font_container=\u00a0\u00bbtag:h1|font_size:46|text_align:left|color:%23ffffff|line_height:1&Prime; google_fonts=\u00a0\u00bbfont_family:Montserrat%3Aregular%2C700|font_style:400%20regular%3A400%3Anormal\u00a0\u00bb][vc_column_text]VERSION 2 RAILS : 860 \u20ac TTC et\u00a0VERSION 3 RAILS : 930 \u20ac TTC voir le lien : <a href=\"https:\/\/remorqueco.fr\/index.php\/produit\/moto-3-rails-plateau-basculant-dimensions-2200-x-1550-mm\/\">https:\/\/remorqueco.fr\/index.php\/produit\/moto-3-rails-plateau-basculant-dimensions-2200-x-1550-mm\/<\/a><\/p>\n<p>&nbsp;<\/p>\n<p>&nbsp;<\/p>\n<p>En option :<\/p>\n<p>PLANCHER BOIS : 150 \u20ac TTC<\/p>\n<p>El\u00e9vateur pour maintient de l&rsquo;inclinaison de la remorque : 120 \u20ac TTC<\/p>\n<p>Roue de secours : 85 \u20ac TTC<\/p>\n<p>Support de roue de secours : 65 \u20ac TTC[\/vc_column_text][vc_btn title=\u00a0\u00bbJoindre votre conseill\u00e9 au 06.64.78.89.91&Prime; style=\u00a0\u00bboutline\u00a0\u00bb shape=\u00a0\u00bbround\u00a0\u00bb color=\u00a0\u00bbjuicy-pink\u00a0\u00bb size=\u00a0\u00bblg\u00a0\u00bb i_icon_fontawesome=\u00a0\u00bbfas fa-phone-alt\u00a0\u00bb add_icon=\u00a0\u00bbtrue\u00a0\u00bb link=\u00a0\u00bb|||\u00a0\u00bb][\/vc_column][vc_column width=\u00a0\u00bb1\/3&Prime;][vc_column_text]<strong>LIMOGES<\/strong> nous sommes ouverts du<\/p>\n<p>LUNDI au VENDREDI de 9h30 \u00e0 12h et de 14h \u00e0 18h30<\/p>\n<p>SAMEDI de 10h \u00e0 12h et de 14h \u00e0 18h<\/p>\n<p>&nbsp;<\/p>\n<p><b>ANGOULEME <\/b>nous sommes ouverts du<\/p>\n<p>MERCREDI au VENDREDI de 10h00 \u00e0 12h et de 14h \u00e0 18h<\/p>\n<p>SAMEDI de 10h \u00e0 12h et de 14h \u00e0 17h<\/p>\n<p>&nbsp;<\/p>\n<p><b>LA SOUTERRAINE <\/b>nous sommes ouverts du<\/p>\n<p>LUNDI au VENDREDI de 9h30 \u00e0 12h et de 14h \u00e0 18h<\/p>\n<p>SAMEDI de 10h \u00e0 12h et de 14h \u00e0 17h<\/p>\n<p>[\/vc_column_text][\/vc_column][\/vc_row][vc_row][vc_column][\/vc_column][\/vc_row]<\/p>\n","protected":false},"excerpt":{"rendered":"<p>Remorque porte Moto PTAC 500 ou 750 kg<\/p>\n<p>PLATEAU BASCULANT sur v\u00e9rin \u00e0 gaz<\/p>\n<ul>\n<li>Dimensions : 2200 x 1310 mm<\/li>\n<li>Essieu unique 750 kg AL-KO suspension ind\u00e9pendante sur barre de torsion<\/li>\n<li>Roues 155R13<\/li>\n<li>Timon V 750 kg<\/li>\n<li>Ch\u00e2ssis : cadre acier galvanis\u00e9 2,5 mm viss\u00e9<\/li>\n<li>P \u00e0 vide 126 kg<\/li>\n<\/ul>\n","protected":false},"featured_media":2875,"template":"","meta":[],"yoast_head":"<!-- This site is optimized with the Yoast SEO plugin v16.4 - https:\/\/yoast.com\/wordpress\/plugins\/seo\/ -->\n<title>8.PORTE MOTO 1 moto PTAC 500\/750 kg dimensions 2200 x 1310 mm - REMORQU&amp;CO<\/title>\n<meta name=\"robots\" content=\"index, follow, max-snippet:-1, max-image-preview:large, max-video-preview:-1\" \/>\n<link rel=\"canonical\" href=\"https:\/\/remorqueco.fr\/index.php\/produit\/moto-1-rail-plateau-basculant-dimensions-2200-x-1310-mm\/\" \/>\n<meta property=\"og:locale\" content=\"fr_FR\" \/>\n<meta property=\"og:type\" content=\"article\" \/>\n<meta property=\"og:title\" content=\"8.PORTE MOTO 1 moto PTAC 500\/750 kg dimensions 2200 x 1310 mm - REMORQU&amp;CO\" \/>\n<meta property=\"og:description\" content=\"Remorque porte Moto PTAC 500 ou 750 kg  PLATEAU BASCULANT sur v\u00e9rin \u00e0 gaz   Dimensions : 2200 x 1310 mm  Essieu unique 750 kg AL-KO suspension ind\u00e9pendante sur barre de torsion  Roues 155R13  Timon V 750 kg  Ch\u00e2ssis : cadre acier galvanis\u00e9 2,5 mm viss\u00e9  P \u00e0 vide 126 kg\" \/>\n<meta property=\"og:url\" content=\"https:\/\/remorqueco.fr\/index.php\/produit\/moto-1-rail-plateau-basculant-dimensions-2200-x-1310-mm\/\" \/>\n<meta property=\"og:site_name\" content=\"REMORQU&amp;CO\" \/>\n<meta property=\"article:modified_time\" content=\"2026-01-10T11:54:26+00:00\" \/>\n<meta property=\"og:image\" content=\"https:\/\/remorqueco.fr\/new\/wp-content\/uploads\/2025\/09\/20250904_133138.jpg\" \/>\n\t<meta property=\"og:image:width\" content=\"1346\" \/>\n\t<meta property=\"og:image:height\" content=\"1009\" \/>\n<meta name=\"twitter:card\" content=\"summary_large_image\" \/>\n<meta name=\"twitter:label1\" content=\"Dur\u00e9e de lecture est.\" \/>\n\t<meta name=\"twitter:data1\" content=\"1 minute\" \/>\n<script type=\"application\/ld+json\" class=\"yoast-schema-graph\">{\"@context\":\"https:\/\/schema.org\",\"@graph\":[{\"@type\":\"WebSite\",\"@id\":\"https:\/\/remorqueco.fr\/#website\",\"url\":\"https:\/\/remorqueco.fr\/\",\"name\":\"REMORQU&amp;CO\",\"description\":\"Vente de remorques \\u00e0 Limoges\",\"potentialAction\":[{\"@type\":\"SearchAction\",\"target\":\"https:\/\/remorqueco.fr\/?s={search_term_string}\",\"query-input\":\"required name=search_term_string\"}],\"inLanguage\":\"fr-FR\"},{\"@type\":\"ImageObject\",\"@id\":\"https:\/\/remorqueco.fr\/index.php\/produit\/moto-1-rail-plateau-basculant-dimensions-2200-x-1310-mm\/#primaryimage\",\"inLanguage\":\"fr-FR\",\"url\":\"https:\/\/remorqueco.fr\/new\/wp-content\/uploads\/2025\/09\/20250904_133138.jpg\",\"contentUrl\":\"https:\/\/remorqueco.fr\/new\/wp-content\/uploads\/2025\/09\/20250904_133138.jpg\",\"width\":1346,\"height\":1009},{\"@type\":\"WebPage\",\"@id\":\"https:\/\/remorqueco.fr\/index.php\/produit\/moto-1-rail-plateau-basculant-dimensions-2200-x-1310-mm\/#webpage\",\"url\":\"https:\/\/remorqueco.fr\/index.php\/produit\/moto-1-rail-plateau-basculant-dimensions-2200-x-1310-mm\/\",\"name\":\"8.PORTE MOTO 1 moto PTAC 500\/750 kg dimensions 2200 x 1310 mm - REMORQU&amp;CO\",\"isPartOf\":{\"@id\":\"https:\/\/remorqueco.fr\/#website\"},\"primaryImageOfPage\":{\"@id\":\"https:\/\/remorqueco.fr\/index.php\/produit\/moto-1-rail-plateau-basculant-dimensions-2200-x-1310-mm\/#primaryimage\"},\"datePublished\":\"2025-09-07T19:19:45+00:00\",\"dateModified\":\"2026-01-10T11:54:26+00:00\",\"breadcrumb\":{\"@id\":\"https:\/\/remorqueco.fr\/index.php\/produit\/moto-1-rail-plateau-basculant-dimensions-2200-x-1310-mm\/#breadcrumb\"},\"inLanguage\":\"fr-FR\",\"potentialAction\":[{\"@type\":\"ReadAction\",\"target\":[\"https:\/\/remorqueco.fr\/index.php\/produit\/moto-1-rail-plateau-basculant-dimensions-2200-x-1310-mm\/\"]}]},{\"@type\":\"BreadcrumbList\",\"@id\":\"https:\/\/remorqueco.fr\/index.php\/produit\/moto-1-rail-plateau-basculant-dimensions-2200-x-1310-mm\/#breadcrumb\",\"itemListElement\":[{\"@type\":\"ListItem\",\"position\":1,\"item\":{\"@type\":\"WebPage\",\"@id\":\"https:\/\/remorqueco.fr\/\",\"url\":\"https:\/\/remorqueco.fr\/\",\"name\":\"Accueil\"}},{\"@type\":\"ListItem\",\"position\":2,\"item\":{\"@type\":\"WebPage\",\"@id\":\"https:\/\/remorqueco.fr\/index.php\/shop\/\",\"url\":\"https:\/\/remorqueco.fr\/index.php\/shop\/\",\"name\":\"Produits\"}},{\"@type\":\"ListItem\",\"position\":3,\"item\":{\"@id\":\"https:\/\/remorqueco.fr\/index.php\/produit\/moto-1-rail-plateau-basculant-dimensions-2200-x-1310-mm\/#webpage\"}}]}]}<\/script>\n<!-- \/ Yoast SEO plugin. -->","_links":{"self":[{"href":"https:\/\/remorqueco.fr\/index.php\/wp-json\/wp\/v2\/product\/2874"}],"collection":[{"href":"https:\/\/remorqueco.fr\/index.php\/wp-json\/wp\/v2\/product"}],"about":[{"href":"https:\/\/remorqueco.fr\/index.php\/wp-json\/wp\/v2\/types\/product"}],"wp:featuredmedia":[{"embeddable":true,"href":"https:\/\/remorqueco.fr\/index.php\/wp-json\/wp\/v2\/media\/2875"}],"wp:attachment":[{"href":"https:\/\/remorqueco.fr\/index.php\/wp-json\/wp\/v2\/media?parent=2874"}],"curies":[{"name":"wp","href":"https:\/\/api.w.org\/{rel}","templated":true}]}}