{"id":2834,"date":"2025-08-19T09:49:29","date_gmt":"2025-08-19T07:49:29","guid":{"rendered":"https:\/\/remorqueco.fr\/?post_type=product&#038;p=2834"},"modified":"2025-08-19T09:57:12","modified_gmt":"2025-08-19T07:57:12","slug":"universal-plancher-bois-basculante-ptac-2100-3500-kg-plateau-5000-x-2100-pont-de-chargement","status":"publish","type":"product","link":"https:\/\/remorqueco.fr\/index.php\/produit\/universal-plancher-bois-basculante-ptac-2100-3500-kg-plateau-5000-x-2100-pont-de-chargement\/","title":{"rendered":"UNIVERSAL plancher BOIS BASCULANTE PTAC 2100-3500 kg plateau 5000 x 2100 + PONT de chargement"},"content":{"rendered":"<p>[vc_row full_width=\u00a0\u00bbstretch_row\u00a0\u00bb][vc_column width=\u00a0\u00bb2\/3&Prime;][vc_custom_heading text=\u00a0\u00bbTARIF : 7 390 \u20ac TTC\u00a0\u00bb font_container=\u00a0\u00bbtag:h1|font_size:46|text_align:left|color:%23ffffff|line_height:1&Prime; google_fonts=\u00a0\u00bbfont_family:Montserrat%3Aregular%2C700|font_style:400%20regular%3A400%3Anormal\u00a0\u00bb][vc_column_text]<strong>Inclus dans le tarifs le treuil avec son support<\/strong><\/p>\n<p>[\/vc_column_text][vc_column_text]Option :<\/p>\n<p><strong>jeux de ridelle ALUMINIUM 30 cm : 860 \u20ac TTC <\/strong><\/p>\n<p><strong>Barre de blocage de roues :\u00a0 90 \u20ac TTC<\/strong>[\/vc_column_text][vc_btn title=\u00a0\u00bbJoindre votre conseill\u00e9 au 06.64.78.89.91&Prime; style=\u00a0\u00bboutline\u00a0\u00bb shape=\u00a0\u00bbround\u00a0\u00bb color=\u00a0\u00bbjuicy-pink\u00a0\u00bb size=\u00a0\u00bblg\u00a0\u00bb i_icon_fontawesome=\u00a0\u00bbfas fa-phone-alt\u00a0\u00bb add_icon=\u00a0\u00bbtrue\u00a0\u00bb link=\u00a0\u00bb|||\u00a0\u00bb][\/vc_column][vc_column width=\u00a0\u00bb1\/3&Prime;][vc_column_text]<strong>LIMOGES<\/strong> nous sommes ouverts du<\/p>\n<p>LUNDI au VENDREDI de 9h30 \u00e0 12h et de 14h \u00e0 18h30<\/p>\n<p>SAMEDI de 10h \u00e0 12h et de 14h \u00e0 18h<\/p>\n<p>&nbsp;<\/p>\n<p><b>ANGOULEME <\/b>nous sommes ouverts du<\/p>\n<p>MERCREDI au VENDREDI de 10h00 \u00e0 12h et de 14h \u00e0 18h<\/p>\n<p>SAMEDI de 10h \u00e0 12h et de 14h \u00e0 17h<\/p>\n<p>&nbsp;<\/p>\n<p><b>LA SOUTERRAINE <\/b>nous sommes ouverts du<\/p>\n<p>LUNDI au VENDREDI de 9h30 \u00e0 12h et de 14h \u00e0 18h<\/p>\n<p>SAMEDI de 10h \u00e0 12h et de 14h \u00e0 17h[\/vc_column_text][\/vc_column][\/vc_row][vc_row][vc_column][vc_column_text]ATTENTION : toutes les remorques ayant un PTAC au dessus de 500 Kg n\u00e9cessitent une CARTE GRISE.<\/p>\n<p>Remorqu&amp;CO se propose de r\u00e9aliser pour vous votre Carte Grise.<\/p>\n<p>Vous devez vous munir d&rsquo;une carte d&rsquo;identit\u00e9 et d&rsquo;une attestation de domicile (facture EDF, Telecom, Taxes, &#8230;) de moins de trois mois, le tout au nom, du ou des titulaires, de la future carte grise.<\/p>\n<p>La carte grise est r\u00e9alis\u00e9e imm\u00e9diatement dans nos bureaux, vous pouvez aussi obtenir dans nos ateliers les plaques d&rsquo;immatriculations.<\/p>\n<p>[\/vc_column_text][\/vc_column][\/vc_row]<\/p>\n","protected":false},"excerpt":{"rendered":"<p>Remorque professionnelle pour le transport UNIVERSEL<\/p>\n<ul>\n<li>Dimensions :\u00a0 5000 x 2100 mm<\/li>\n<li>PONT de chargement en t\u00f4le acier perfor\u00e9e antiglisse trous ovales<\/li>\n<li>DOUBLE Essieux\u00a0 AL-KO ou KNOTT suspension ind\u00e9pendante sur barre de torsion<\/li>\n<li>Roues 195\/50 R 13<\/li>\n<li>PTAC 2100 kg \u00e0 3500 kg<\/li>\n<li>Timon V<\/li>\n<li>Frein \u00e0 inertie AL-KO ou KNOTT<\/li>\n<li>Ch\u00e2ssis : cadre fabriqu\u00e9 en t\u00f4le parachev\u00e9e \u00e0 froid acier galvanis\u00e9 2,5 mm viss\u00e9<\/li>\n<li>Plancher en contreplaqu\u00e9 marine de haute qualit\u00e9, antiglisse, 18 mm d&rsquo;\u00e9paisseur<\/li>\n<li>Basculement sur v\u00e9rin et pompe hydraulique manuelle<\/li>\n<li>Treuil + Support de Teuil inclus<\/li>\n<\/ul>\n<p><strong>Poids \u00e0 vide 885 kg<\/strong><\/p>\n","protected":false},"featured_media":2852,"template":"","meta":[],"yoast_head":"<!-- This site is optimized with the Yoast SEO plugin v16.4 - https:\/\/yoast.com\/wordpress\/plugins\/seo\/ -->\n<title>UNIVERSAL plancher BOIS BASCULANTE PTAC 2100-3500 kg plateau 5000 x 2100 + PONT de chargement - REMORQU&amp;CO<\/title>\n<meta name=\"robots\" content=\"index, follow, max-snippet:-1, max-image-preview:large, max-video-preview:-1\" \/>\n<link rel=\"canonical\" href=\"https:\/\/remorqueco.fr\/index.php\/produit\/universal-plancher-bois-basculante-ptac-2100-3500-kg-plateau-5000-x-2100-pont-de-chargement\/\" \/>\n<meta property=\"og:locale\" content=\"fr_FR\" \/>\n<meta property=\"og:type\" content=\"article\" \/>\n<meta property=\"og:title\" content=\"UNIVERSAL plancher BOIS BASCULANTE PTAC 2100-3500 kg plateau 5000 x 2100 + PONT de chargement - REMORQU&amp;CO\" \/>\n<meta property=\"og:description\" content=\"Remorque professionnelle pour le transport UNIVERSEL   Dimensions :\u00a0 5000 x 2100 mm  PONT de chargement en t\u00f4le acier perfor\u00e9e antiglisse trous ovales  DOUBLE Essieux\u00a0 AL-KO ou KNOTT suspension ind\u00e9pendante sur barre de torsion  Roues 195\/50 R 13  PTAC 2100 kg \u00e0 3500 kg  Timon V  Frein \u00e0 inertie AL-KO ou KNOTT  Ch\u00e2ssis : cadre fabriqu\u00e9 en t\u00f4le parachev\u00e9e \u00e0 froid acier galvanis\u00e9 2,5 mm viss\u00e9  Plancher en contreplaqu\u00e9 marine de haute qualit\u00e9, antiglisse, 18 mm d&#039;\u00e9paisseur  Basculement sur v\u00e9rin et pompe hydraulique manuelle  Treuil + Support de Teuil inclus  Poids \u00e0 vide 885 kg\" \/>\n<meta property=\"og:url\" content=\"https:\/\/remorqueco.fr\/index.php\/produit\/universal-plancher-bois-basculante-ptac-2100-3500-kg-plateau-5000-x-2100-pont-de-chargement\/\" \/>\n<meta property=\"og:site_name\" content=\"REMORQU&amp;CO\" \/>\n<meta property=\"article:modified_time\" content=\"2025-08-19T07:57:12+00:00\" \/>\n<meta property=\"og:image\" content=\"https:\/\/remorqueco.fr\/new\/wp-content\/uploads\/2025\/08\/20250814_102636.jpg\" \/>\n\t<meta property=\"og:image:width\" content=\"1346\" \/>\n\t<meta property=\"og:image:height\" content=\"1009\" \/>\n<meta name=\"twitter:card\" content=\"summary_large_image\" \/>\n<meta name=\"twitter:label1\" content=\"Dur\u00e9e de lecture est.\" \/>\n\t<meta name=\"twitter:data1\" content=\"1 minute\" \/>\n<script type=\"application\/ld+json\" class=\"yoast-schema-graph\">{\"@context\":\"https:\/\/schema.org\",\"@graph\":[{\"@type\":\"WebSite\",\"@id\":\"https:\/\/remorqueco.fr\/#website\",\"url\":\"https:\/\/remorqueco.fr\/\",\"name\":\"REMORQU&amp;CO\",\"description\":\"Vente de remorques \\u00e0 Limoges\",\"potentialAction\":[{\"@type\":\"SearchAction\",\"target\":\"https:\/\/remorqueco.fr\/?s={search_term_string}\",\"query-input\":\"required name=search_term_string\"}],\"inLanguage\":\"fr-FR\"},{\"@type\":\"ImageObject\",\"@id\":\"https:\/\/remorqueco.fr\/index.php\/produit\/universal-plancher-bois-basculante-ptac-2100-3500-kg-plateau-5000-x-2100-pont-de-chargement\/#primaryimage\",\"inLanguage\":\"fr-FR\",\"url\":\"https:\/\/remorqueco.fr\/new\/wp-content\/uploads\/2025\/08\/20250814_102636.jpg\",\"contentUrl\":\"https:\/\/remorqueco.fr\/new\/wp-content\/uploads\/2025\/08\/20250814_102636.jpg\",\"width\":1346,\"height\":1009},{\"@type\":\"WebPage\",\"@id\":\"https:\/\/remorqueco.fr\/index.php\/produit\/universal-plancher-bois-basculante-ptac-2100-3500-kg-plateau-5000-x-2100-pont-de-chargement\/#webpage\",\"url\":\"https:\/\/remorqueco.fr\/index.php\/produit\/universal-plancher-bois-basculante-ptac-2100-3500-kg-plateau-5000-x-2100-pont-de-chargement\/\",\"name\":\"UNIVERSAL plancher BOIS BASCULANTE PTAC 2100-3500 kg plateau 5000 x 2100 + PONT de chargement - REMORQU&amp;CO\",\"isPartOf\":{\"@id\":\"https:\/\/remorqueco.fr\/#website\"},\"primaryImageOfPage\":{\"@id\":\"https:\/\/remorqueco.fr\/index.php\/produit\/universal-plancher-bois-basculante-ptac-2100-3500-kg-plateau-5000-x-2100-pont-de-chargement\/#primaryimage\"},\"datePublished\":\"2025-08-19T07:49:29+00:00\",\"dateModified\":\"2025-08-19T07:57:12+00:00\",\"breadcrumb\":{\"@id\":\"https:\/\/remorqueco.fr\/index.php\/produit\/universal-plancher-bois-basculante-ptac-2100-3500-kg-plateau-5000-x-2100-pont-de-chargement\/#breadcrumb\"},\"inLanguage\":\"fr-FR\",\"potentialAction\":[{\"@type\":\"ReadAction\",\"target\":[\"https:\/\/remorqueco.fr\/index.php\/produit\/universal-plancher-bois-basculante-ptac-2100-3500-kg-plateau-5000-x-2100-pont-de-chargement\/\"]}]},{\"@type\":\"BreadcrumbList\",\"@id\":\"https:\/\/remorqueco.fr\/index.php\/produit\/universal-plancher-bois-basculante-ptac-2100-3500-kg-plateau-5000-x-2100-pont-de-chargement\/#breadcrumb\",\"itemListElement\":[{\"@type\":\"ListItem\",\"position\":1,\"item\":{\"@type\":\"WebPage\",\"@id\":\"https:\/\/remorqueco.fr\/\",\"url\":\"https:\/\/remorqueco.fr\/\",\"name\":\"Accueil\"}},{\"@type\":\"ListItem\",\"position\":2,\"item\":{\"@type\":\"WebPage\",\"@id\":\"https:\/\/remorqueco.fr\/index.php\/shop\/\",\"url\":\"https:\/\/remorqueco.fr\/index.php\/shop\/\",\"name\":\"Produits\"}},{\"@type\":\"ListItem\",\"position\":3,\"item\":{\"@id\":\"https:\/\/remorqueco.fr\/index.php\/produit\/universal-plancher-bois-basculante-ptac-2100-3500-kg-plateau-5000-x-2100-pont-de-chargement\/#webpage\"}}]}]}<\/script>\n<!-- \/ Yoast SEO plugin. -->","_links":{"self":[{"href":"https:\/\/remorqueco.fr\/index.php\/wp-json\/wp\/v2\/product\/2834"}],"collection":[{"href":"https:\/\/remorqueco.fr\/index.php\/wp-json\/wp\/v2\/product"}],"about":[{"href":"https:\/\/remorqueco.fr\/index.php\/wp-json\/wp\/v2\/types\/product"}],"wp:featuredmedia":[{"embeddable":true,"href":"https:\/\/remorqueco.fr\/index.php\/wp-json\/wp\/v2\/media\/2852"}],"wp:attachment":[{"href":"https:\/\/remorqueco.fr\/index.php\/wp-json\/wp\/v2\/media?parent=2834"}],"curies":[{"name":"wp","href":"https:\/\/api.w.org\/{rel}","templated":true}]}}