{"id":2790,"date":"2025-08-02T15:24:37","date_gmt":"2025-08-02T13:24:37","guid":{"rendered":"https:\/\/remorqueco.fr\/?post_type=product&#038;p=2790"},"modified":"2026-02-17T21:34:04","modified_gmt":"2026-02-17T20:34:04","slug":"gold-3-2-places-tout-alum-ptac-1100-a-2600-kg","status":"publish","type":"product","link":"https:\/\/remorqueco.fr\/index.php\/produit\/gold-3-2-places-tout-alum-ptac-1100-a-2600-kg\/","title":{"rendered":"3.GOLD 3 PULLMAN 2 PLACES  TOUT ALUM  PTAC 1100 \u00e0 2600 kg"},"content":{"rendered":"<p>[vc_row full_width=\u00a0\u00bbstretch_row\u00a0\u00bb][vc_column width=\u00a0\u00bb2\/3&Prime;][vc_custom_heading text=\u00a0\u00bbTARIF public : 8 990 \u20ac TTC avec SELLERIE tarif personnalis\u00e9 sur demande\u00a0\u00bb font_container=\u00a0\u00bbtag:h1|font_size:46|text_align:left|color:%23ffffff|line_height:1&Prime; google_fonts=\u00a0\u00bbfont_family:Montserrat%3Aregular%2C700|font_style:400%20regular%3A400%3Anormal\u00a0\u00bb][vc_column_text css_animation=\u00a0\u00bbslideInRight\u00a0\u00bb]Option :<\/p>\n<p>Roue de secours\u00a0 + support : 300 \u20ac TTC[\/vc_column_text][vc_btn title=\u00a0\u00bbJoindre votre conseill\u00e9 au 06.64.78.89.91&Prime; style=\u00a0\u00bboutline\u00a0\u00bb shape=\u00a0\u00bbround\u00a0\u00bb color=\u00a0\u00bbjuicy-pink\u00a0\u00bb size=\u00a0\u00bblg\u00a0\u00bb i_icon_fontawesome=\u00a0\u00bbfas fa-phone-alt\u00a0\u00bb add_icon=\u00a0\u00bbtrue\u00a0\u00bb link=\u00a0\u00bb|||\u00a0\u00bb][\/vc_column][vc_column width=\u00a0\u00bb1\/3&Prime;][vc_column_text]<strong>LIMOGES<\/strong> nous sommes ouverts du<\/p>\n<p>LUNDI au VENDREDI de 9h30 \u00e0 12h et de 14h \u00e0 18h30<\/p>\n<p>SAMEDI de 10h \u00e0 12h et de 14h \u00e0 18h<\/p>\n<p>&nbsp;<\/p>\n<p><b>LA SOUTERRAINE\u00a0<\/b>nous sommes ouverts du<\/p>\n<p>LUNDI au VENDREDI de 9h30 \u00e0 12h et de 14h \u00e0 18h<\/p>\n<p>SAMEDI de 10h \u00e0 12h et de 14h \u00e0 17h<\/p>\n<p>&nbsp;<\/p>\n<p><b>ANGOULEME <\/b>nous sommes ouverts du<\/p>\n<p>MERCREDI au VENDREDI de 10h00 \u00e0 12h et de 14h \u00e0 18h<\/p>\n<p>SAMEDI de 10h \u00e0 12h et de 14h \u00e0 17h[\/vc_column_text][\/vc_column][\/vc_row]<\/p>\n","protected":false},"excerpt":{"rendered":"<p>Nous sommes concessionnaire des VANS \u00e0 Chevaux CHEVAL LIBERTE \u00e0 Limoges.<\/p>\n<p>Type GOLD 3\u00a0 \u00a02 PLACES<\/p>\n<div>\n<h1>Notre Best-seller revisit\u00e9<\/h1>\n<h1>Van 2 places \u2013 Grand volume<\/h1>\n<p><strong>&gt;<\/strong>\u00a0 Van 2 places avec concept a\u00e9rodynamique<\/p>\n<div>\n<div><strong>&gt;\u00a0<\/strong>Design moderne, ligne fluide et grand volume int\u00e9rieur<br \/>\n<strong>&gt;\u00a0<\/strong>Plancher et parois en aluminium<\/div>\n<div><strong>&gt;\u00a0Suspension Pullman 2<\/strong><br \/>\n<strong>&gt;\u00a0<\/strong>Grande porte de visite<br \/>\n<strong>&gt;\u00a0<\/strong>Roue jockey automatique, avec poign\u00e9e de manoeuvre<br \/>\n<strong>&gt;\u00a0<\/strong>\u00c9quipement complet : coussins, pare botte composite, fen\u00eatres avant coulissantes en verre avec d\u00e9flecteur, b\u00e2che \u00e0 enrouleur airtech<br \/>\n<strong>&gt;\u00a0<\/strong>Pont porte en aluminium<br \/>\n<strong>&gt;\u00a0<\/strong>Cales de parking<br \/>\n<strong>&gt;\u00a0<\/strong>Fen\u00eatres lat\u00e9rales coulissantes 700 x 200 mm<\/div>\n<div><strong>&gt;\u00a0<\/strong>Toit et partie avant monocoque polyester renforc\u00e9<\/div>\n<div><strong>&gt;\u00a0<\/strong>Assemblage robuste<\/div>\n<div><strong>&gt;\u00a0<\/strong>Ch\u00e2ssis avec fl\u00e8che cintr\u00e9e<\/div>\n<div><strong>&gt;\u00a0<\/strong>\u201cAttelage Brake Protect\u201d<\/div>\n<div><strong>&gt;\u00a0<\/strong>Pont porte arri\u00e8re de s\u00e9rie<\/div>\n<div><strong>&gt;\u00a0<\/strong>\u00c9quipement pl\u00e9thorique (Confort, s\u00e9curit\u00e9, ventilation)<\/div>\n<div><strong>&gt;\u00a0<\/strong>Sellerie compl\u00e8te dont porte-selles, crochet pour brides et filets, miroir et filet porte-documents<br \/>\n<strong>&gt;\u00a0<\/strong>Roues 185\/65R14 acier<\/div>\n<div><\/div>\n<div><strong>Options disponibles :\u00a0<\/strong><\/div>\n<\/div>\n<div><strong>&gt;\u00a0<\/strong>S\u00e9paration de t\u00eate grille m\u00e9tal<\/div>\n<div><strong>&gt;\u00a0<\/strong>Surtapis 165 x 125 cm<\/div>\n<div><strong>&gt;\u00a0<\/strong>Roue de secours<br \/>\n<strong>&gt;\u00a0<\/strong>Roues 185\/65R14 aluminium<\/div>\n<\/div>\n<div class=\"et_pb_column et_pb_column_1_6 et_pb_column_12 et_pb_css_mix_blend_mode_passthrough\">\n<div class=\"et_pb_module et_pb_blurb et_pb_blurb_0 et_pb_text_align_center et_pb_blurb_position_top et_pb_bg_layout_dark\">\n<div class=\"et_pb_blurb_content\">\n<div class=\"et_pb_blurb_container\">\n<h4 class=\"et_pb_module_header\">Longueur ext\u00e9rieure\u00a0 \u00a04,43 m<\/h4>\n<\/div>\n<\/div>\n<\/div>\n<\/div>\n<div class=\"et_pb_column et_pb_column_1_6 et_pb_column_13 et_pb_css_mix_blend_mode_passthrough\">\n<div class=\"et_pb_module et_pb_blurb et_pb_blurb_1 et_pb_text_align_center et_pb_blurb_position_top et_pb_bg_layout_dark\">\n<div class=\"et_pb_blurb_content\">\n<div class=\"et_pb_blurb_container\">\n<h4 class=\"et_pb_module_header\">Largeur ext\u00e9rieure\u00a0 \u00a02,15 m<\/h4>\n<\/div>\n<\/div>\n<\/div>\n<\/div>\n<div class=\"et_pb_column et_pb_column_1_6 et_pb_column_14 et_pb_css_mix_blend_mode_passthrough\">\n<div class=\"et_pb_module et_pb_blurb et_pb_blurb_2 et_pb_text_align_center et_pb_blurb_position_top et_pb_bg_layout_dark\">\n<div class=\"et_pb_blurb_content\">\n<div class=\"et_pb_blurb_container\">\n<h4 class=\"et_pb_module_header\">Hauteur ext\u00e9rieure\u00a0 \u00a02,70 m<\/h4>\n<\/div>\n<\/div>\n<\/div>\n<div class=\"et_pb_module et_pb_blurb et_pb_blurb_3 et_pb_text_align_center et_pb_blurb_position_top et_pb_bg_layout_dark\">\n<div class=\"et_pb_blurb_content\">\n<div class=\"et_pb_blurb_container\">\n<h4 class=\"et_pb_module_header\">Poids \u00e0 vide\u00a0 \u00a0825 kg<\/h4>\n<\/div>\n<\/div>\n<\/div>\n<\/div>\n<div class=\"et_pb_column et_pb_column_1_6 et_pb_column_15 et_pb_css_mix_blend_mode_passthrough\">\n<div class=\"et_pb_module et_pb_blurb et_pb_blurb_4 et_pb_text_align_center et_pb_blurb_position_top et_pb_bg_layout_dark\">\n<div class=\"et_pb_blurb_content\">\n<div class=\"et_pb_blurb_container\">\n<h4 class=\"et_pb_module_header\">Longueur int\u00e9rieure\u00a0 3,20 m<\/h4>\n<\/div>\n<\/div>\n<\/div>\n<div class=\"et_pb_module et_pb_blurb et_pb_blurb_5 et_pb_text_align_center et_pb_blurb_position_top et_pb_bg_layout_dark\">\n<div class=\"et_pb_blurb_content\">\n<div class=\"et_pb_blurb_container\">\n<h4 class=\"et_pb_module_header\">P.T.A.C\u00a0 \u00a01400 \u00e0 2600 kg<\/h4>\n<\/div>\n<\/div>\n<\/div>\n<\/div>\n<div class=\"et_pb_column et_pb_column_1_6 et_pb_column_16 et_pb_css_mix_blend_mode_passthrough\">\n<div class=\"et_pb_module et_pb_blurb et_pb_blurb_6 et_pb_text_align_center et_pb_blurb_position_top et_pb_bg_layout_dark\">\n<div class=\"et_pb_blurb_content\">\n<div class=\"et_pb_blurb_container\">\n<h4 class=\"et_pb_module_header\">Largeur int\u00e9rieure\u00a0 \u00a01,67 m<\/h4>\n<\/div>\n<\/div>\n<\/div>\n<\/div>\n<div class=\"et_pb_column et_pb_column_1_6 et_pb_column_17 et_pb_css_mix_blend_mode_passthrough et-last-child\">\n<div class=\"et_pb_module et_pb_blurb et_pb_blurb_7 et_pb_text_align_center et_pb_blurb_position_top et_pb_bg_layout_dark\">\n<div class=\"et_pb_blurb_content\">\n<div class=\"et_pb_blurb_container\">\n<h4 class=\"et_pb_module_header\">Hauteur int\u00e9rieure\u00a0 \u00a02,35 m<\/h4>\n<\/div>\n<\/div>\n<\/div>\n<\/div>\n","protected":false},"featured_media":2780,"template":"","meta":[],"yoast_head":"<!-- This site is optimized with the Yoast SEO plugin v16.4 - https:\/\/yoast.com\/wordpress\/plugins\/seo\/ -->\n<title>3.GOLD 3 PULLMAN 2 PLACES TOUT ALUM PTAC 1100 \u00e0 2600 kg - REMORQU&amp;CO<\/title>\n<meta name=\"robots\" content=\"index, follow, max-snippet:-1, max-image-preview:large, max-video-preview:-1\" \/>\n<link rel=\"canonical\" href=\"https:\/\/remorqueco.fr\/index.php\/produit\/gold-3-2-places-tout-alum-ptac-1100-a-2600-kg\/\" \/>\n<meta property=\"og:locale\" content=\"fr_FR\" \/>\n<meta property=\"og:type\" content=\"article\" \/>\n<meta property=\"og:title\" content=\"3.GOLD 3 PULLMAN 2 PLACES TOUT ALUM PTAC 1100 \u00e0 2600 kg - REMORQU&amp;CO\" \/>\n<meta property=\"og:description\" content=\"Nous sommes concessionnaire des VANS \u00e0 Chevaux CHEVAL LIBERTE \u00e0 Limoges.  Type GOLD 3\u00a0 \u00a02 PLACES  Notre Best-seller revisit\u00e9 Van 2 places \u2013 Grand volume &gt;\u00a0 Van 2 places avec concept a\u00e9rodynamique  &gt;\u00a0Design moderne, ligne fluide et grand volume int\u00e9rieur &gt;\u00a0Plancher et parois en aluminium &gt;\u00a0Suspension Pullman 2 &gt;\u00a0Grande porte de visite &gt;\u00a0Roue jockey automatique, avec poign\u00e9e de manoeuvre &gt;\u00a0\u00c9quipement complet : coussins, pare botte composite, fen\u00eatres avant coulissantes en verre avec d\u00e9flecteur, b\u00e2che \u00e0 enrouleur airtech &gt;\u00a0Pont porte en aluminium &gt;\u00a0Cales de parking &gt;\u00a0Fen\u00eatres lat\u00e9rales coulissantes 700 x 200 mm &gt;\u00a0Toit et partie avant monocoque polyester renforc\u00e9 &gt;\u00a0Assemblage robuste &gt;\u00a0Ch\u00e2ssis avec fl\u00e8che cintr\u00e9e &gt;\u00a0\u201cAttelage Brake Protect\u201d &gt;\u00a0Pont porte arri\u00e8re de s\u00e9rie &gt;\u00a0\u00c9quipement pl\u00e9thorique (Confort, s\u00e9curit\u00e9, ventilation) &gt;\u00a0Sellerie compl\u00e8te dont porte-selles, crochet pour brides et filets, miroir et filet porte-documents &gt;\u00a0Roues 185\/65R14 acier  Options disponibles :\u00a0  &gt;\u00a0S\u00e9paration de t\u00eate grille m\u00e9tal &gt;\u00a0Surtapis 165 x 125 cm &gt;\u00a0Roue de secours &gt;\u00a0Roues 185\/65R14 aluminium      Longueur ext\u00e9rieure\u00a0 \u00a04,43 m         Largeur ext\u00e9rieure\u00a0 \u00a02,15 m         Hauteur ext\u00e9rieure\u00a0 \u00a02,70 m       Poids \u00e0 vide\u00a0 \u00a0825 kg         Longueur int\u00e9rieure\u00a0 3,20 m       P.T.A.C\u00a0 \u00a01400 \u00e0 2600 kg         Largeur int\u00e9rieure\u00a0 \u00a01,67 m         Hauteur int\u00e9rieure\u00a0 \u00a02,35 m\" \/>\n<meta property=\"og:url\" content=\"https:\/\/remorqueco.fr\/index.php\/produit\/gold-3-2-places-tout-alum-ptac-1100-a-2600-kg\/\" \/>\n<meta property=\"og:site_name\" content=\"REMORQU&amp;CO\" \/>\n<meta property=\"article:modified_time\" content=\"2026-02-17T20:34:04+00:00\" \/>\n<meta property=\"og:image\" content=\"https:\/\/remorqueco.fr\/new\/wp-content\/uploads\/2025\/08\/20250618_100648-scaled.jpg\" \/>\n\t<meta property=\"og:image:width\" content=\"2560\" \/>\n\t<meta property=\"og:image:height\" content=\"1920\" \/>\n<meta name=\"twitter:card\" content=\"summary_large_image\" \/>\n<meta name=\"twitter:label1\" content=\"Dur\u00e9e de lecture est.\" \/>\n\t<meta name=\"twitter:data1\" content=\"1 minute\" \/>\n<script type=\"application\/ld+json\" class=\"yoast-schema-graph\">{\"@context\":\"https:\/\/schema.org\",\"@graph\":[{\"@type\":\"WebSite\",\"@id\":\"https:\/\/remorqueco.fr\/#website\",\"url\":\"https:\/\/remorqueco.fr\/\",\"name\":\"REMORQU&amp;CO\",\"description\":\"Vente de remorques \\u00e0 Limoges\",\"potentialAction\":[{\"@type\":\"SearchAction\",\"target\":\"https:\/\/remorqueco.fr\/?s={search_term_string}\",\"query-input\":\"required name=search_term_string\"}],\"inLanguage\":\"fr-FR\"},{\"@type\":\"ImageObject\",\"@id\":\"https:\/\/remorqueco.fr\/index.php\/produit\/gold-3-2-places-tout-alum-ptac-1100-a-2600-kg\/#primaryimage\",\"inLanguage\":\"fr-FR\",\"url\":\"https:\/\/remorqueco.fr\/new\/wp-content\/uploads\/2025\/08\/20250618_100648-scaled.jpg\",\"contentUrl\":\"https:\/\/remorqueco.fr\/new\/wp-content\/uploads\/2025\/08\/20250618_100648-scaled.jpg\",\"width\":2560,\"height\":1920},{\"@type\":\"WebPage\",\"@id\":\"https:\/\/remorqueco.fr\/index.php\/produit\/gold-3-2-places-tout-alum-ptac-1100-a-2600-kg\/#webpage\",\"url\":\"https:\/\/remorqueco.fr\/index.php\/produit\/gold-3-2-places-tout-alum-ptac-1100-a-2600-kg\/\",\"name\":\"3.GOLD 3 PULLMAN 2 PLACES TOUT ALUM PTAC 1100 \\u00e0 2600 kg - REMORQU&amp;CO\",\"isPartOf\":{\"@id\":\"https:\/\/remorqueco.fr\/#website\"},\"primaryImageOfPage\":{\"@id\":\"https:\/\/remorqueco.fr\/index.php\/produit\/gold-3-2-places-tout-alum-ptac-1100-a-2600-kg\/#primaryimage\"},\"datePublished\":\"2025-08-02T13:24:37+00:00\",\"dateModified\":\"2026-02-17T20:34:04+00:00\",\"breadcrumb\":{\"@id\":\"https:\/\/remorqueco.fr\/index.php\/produit\/gold-3-2-places-tout-alum-ptac-1100-a-2600-kg\/#breadcrumb\"},\"inLanguage\":\"fr-FR\",\"potentialAction\":[{\"@type\":\"ReadAction\",\"target\":[\"https:\/\/remorqueco.fr\/index.php\/produit\/gold-3-2-places-tout-alum-ptac-1100-a-2600-kg\/\"]}]},{\"@type\":\"BreadcrumbList\",\"@id\":\"https:\/\/remorqueco.fr\/index.php\/produit\/gold-3-2-places-tout-alum-ptac-1100-a-2600-kg\/#breadcrumb\",\"itemListElement\":[{\"@type\":\"ListItem\",\"position\":1,\"item\":{\"@type\":\"WebPage\",\"@id\":\"https:\/\/remorqueco.fr\/\",\"url\":\"https:\/\/remorqueco.fr\/\",\"name\":\"Accueil\"}},{\"@type\":\"ListItem\",\"position\":2,\"item\":{\"@type\":\"WebPage\",\"@id\":\"https:\/\/remorqueco.fr\/index.php\/shop\/\",\"url\":\"https:\/\/remorqueco.fr\/index.php\/shop\/\",\"name\":\"Produits\"}},{\"@type\":\"ListItem\",\"position\":3,\"item\":{\"@id\":\"https:\/\/remorqueco.fr\/index.php\/produit\/gold-3-2-places-tout-alum-ptac-1100-a-2600-kg\/#webpage\"}}]}]}<\/script>\n<!-- \/ Yoast SEO plugin. -->","_links":{"self":[{"href":"https:\/\/remorqueco.fr\/index.php\/wp-json\/wp\/v2\/product\/2790"}],"collection":[{"href":"https:\/\/remorqueco.fr\/index.php\/wp-json\/wp\/v2\/product"}],"about":[{"href":"https:\/\/remorqueco.fr\/index.php\/wp-json\/wp\/v2\/types\/product"}],"wp:featuredmedia":[{"embeddable":true,"href":"https:\/\/remorqueco.fr\/index.php\/wp-json\/wp\/v2\/media\/2780"}],"wp:attachment":[{"href":"https:\/\/remorqueco.fr\/index.php\/wp-json\/wp\/v2\/media?parent=2790"}],"curies":[{"name":"wp","href":"https:\/\/api.w.org\/{rel}","templated":true}]}}