{"id":2776,"date":"2025-08-02T15:17:13","date_gmt":"2025-08-02T13:17:13","guid":{"rendered":"https:\/\/remorqueco.fr\/?post_type=product&#038;p=2776"},"modified":"2026-02-17T21:32:21","modified_gmt":"2026-02-17T20:32:21","slug":"gold-origins-2-places-tout-alum-ptac-1100-a-2000-kg","status":"publish","type":"product","link":"https:\/\/remorqueco.fr\/index.php\/produit\/gold-origins-2-places-tout-alum-ptac-1100-a-2000-kg\/","title":{"rendered":"2.GOLD ORIGINS 2 PLACES  TOUT ALUM  PTAC 1100 \u00e0 2000 kg"},"content":{"rendered":"<p>[vc_row full_width=\u00a0\u00bbstretch_row\u00a0\u00bb][vc_column width=\u00a0\u00bb2\/3&Prime;][vc_custom_heading text=\u00a0\u00bbTARIF public :7 990 \u20ac TTC version TOUT ALUM tarif personnalis\u00e9 sur demande\u00a0\u00bb font_container=\u00a0\u00bbtag:h1|font_size:46|text_align:left|color:%23ffffff|line_height:1&Prime; google_fonts=\u00a0\u00bbfont_family:Montserrat%3Aregular%2C700|font_style:400%20regular%3A400%3Anormal\u00a0\u00bb][vc_column_text css_animation=\u00a0\u00bbslideInRight\u00a0\u00bb]OPTION\u00a0 SELLERIE : 590 \u20ac<\/p>\n<p>Roue de secours + sellerie : 200 \u20ac TTC<\/p>\n<p>[\/vc_column_text][vc_btn title=\u00a0\u00bbJoindre votre conseill\u00e9 au 06.64.78.89.91&Prime; style=\u00a0\u00bboutline\u00a0\u00bb shape=\u00a0\u00bbround\u00a0\u00bb color=\u00a0\u00bbjuicy-pink\u00a0\u00bb size=\u00a0\u00bblg\u00a0\u00bb i_icon_fontawesome=\u00a0\u00bbfas fa-phone-alt\u00a0\u00bb add_icon=\u00a0\u00bbtrue\u00a0\u00bb link=\u00a0\u00bb|||\u00a0\u00bb][\/vc_column][vc_column width=\u00a0\u00bb1\/3&Prime;][vc_column_text]<strong>LIMOGES<\/strong> nous sommes ouverts du<\/p>\n<p>LUNDI au VENDREDI de 9h30 \u00e0 12h et de 14h \u00e0 18h30<\/p>\n<p>SAMEDI de 10h \u00e0 12h et de 14h \u00e0 18h<\/p>\n<p>&nbsp;<\/p>\n<p><b>LA SOUTERRAINE\u00a0<\/b>nous sommes ouverts du<\/p>\n<p>LUNDI au VENDREDI de 9h30 \u00e0 12h et de 14h \u00e0 18h<\/p>\n<p>SAMEDI de 10h \u00e0 12h et de 14h \u00e0 17h<\/p>\n<p>&nbsp;<\/p>\n<p><b>ANGOULEME <\/b>nous sommes ouverts du<\/p>\n<p>MERCREDI au VENDREDI de 10h00 \u00e0 12h et de 14h \u00e0 18h<\/p>\n<p>SAMEDI de 10h \u00e0 12h et de 14h \u00e0 17h<\/p>\n<p>[\/vc_column_text][\/vc_column][\/vc_row]<\/p>\n","protected":false},"excerpt":{"rendered":"<p>Nous sommes concessionnaire des VANS \u00e0 Chevaux CHEVAL LIBERTE \u00e0 Limoges.<\/p>\n<p>Type GOLD ORIGINS ONE 2 PLACES<\/p>\n<p>D\u00e9couvrez le Gold Origins, qui remplace les mod\u00e8les GOLD FIRST et GOLD II.<br \/>\nR\u00e9unissant ces deux mod\u00e8les historiques, le van GOLD ORIGINS, plus moderne et confortable, conserve la conception \u201csignature\u201d Cheval Libert\u00e9 et offre des \u00e9quipements de s\u00e9rie efficaces, et devient le van id\u00e9al pour les trajets du quotidien.<br \/>\nUn poids \u00e0 vide retravaill\u00e9 (d\u00e8s 750kg) permettant d\u2019optimiser la charge utile avec un P.T.A.C. au choix de 1100 \u00e0 2000kg. Il est ainsi parfait \u00e0 tracter avec un v\u00e9hicule compact, sans forc\u00e9ment n\u00e9cessiter un permis sp\u00e9cifique..<\/p>\n<p>Il pr\u00e9sente de nombreux avantages :<\/p>\n<div><strong>&gt;\u00a0<\/strong>Un grand volume int\u00e9rieur, en longueur, largeur et hauteur notamment dans la partie avant, offrant davantage d\u2019espace pour la t\u00eate des chevaux.<\/div>\n<div><strong>&gt;\u00a0<\/strong>Un syst\u00e8me de ventilation parfait gr\u00e2ce aux fen\u00eatres coulissantes en verre securit \u00e9quip\u00e9es d\u2019un d\u00e9flecteur d\u2019air et une b\u00e2che \u00e0 enrouleur automatique ventil\u00e9e.<\/div>\n<div><strong>&gt;\u00a0<\/strong>Toujours plus de s\u00e9curit\u00e9 et de praticit\u00e9 gr\u00e2ce aux parre-bottes, coussins de protection, pont \u00e0 lattes antid\u00e9rapantes, anneau filet \u00e0 foin et de multiples possibilit\u00e9s d\u2019attaches.<\/div>\n<div><strong>&gt;\u00a0<\/strong>Une plus grande facilit\u00e9 d\u2019utilisation avec une grande porte de visite avant, une sellerie volumineuse (en option), une roue jockey automatique, des barres r\u00e9glables en longueur et hauteur<\/div>\n<div><strong>&gt;\u00a0<\/strong>Un syst\u00e8me pont\/porte arri\u00e8re de s\u00e9rie, facilitant l\u2019acc\u00e8s des chevaux ou du mat\u00e9riel.<\/div>\n<div><strong>&gt;\u00a0<\/strong>Un ch\u00e2ssis totalement m\u00e9cano soud\u00e9, galvanis\u00e9 \u00e0 chaud et \u00e9quip\u00e9 de 2 essieux robustes.<\/div>\n<div>\n<p><strong>&gt;\u00a0<\/strong>L\u2019emploi de mat\u00e9riaux de grande qualit\u00e9 tels que l\u2019aluminium, le composite, le polyester renforc\u00e9 qui garantissent une bonne durabilit\u00e9 dans le temps, tant au niveau de la caisse ext\u00e9rieure qu\u2019int\u00e9rieure.<\/p>\n<p><strong>Options :<\/strong>\u00a0compartiment sellerie verrouillable \u00e0 cl\u00e9 avec porte selles pivotant, 2 porte licols et brides, filet porte document et miroir de courtoisie.<\/p>\n<\/div>\n<p>&nbsp;<\/p>\n","protected":false},"featured_media":2763,"template":"","meta":[],"yoast_head":"<!-- This site is optimized with the Yoast SEO plugin v16.4 - https:\/\/yoast.com\/wordpress\/plugins\/seo\/ -->\n<title>2.GOLD ORIGINS 2 PLACES TOUT ALUM PTAC 1100 \u00e0 2000 kg - REMORQU&amp;CO<\/title>\n<meta name=\"robots\" content=\"index, follow, max-snippet:-1, max-image-preview:large, max-video-preview:-1\" \/>\n<link rel=\"canonical\" href=\"https:\/\/remorqueco.fr\/index.php\/produit\/gold-origins-2-places-tout-alum-ptac-1100-a-2000-kg\/\" \/>\n<meta property=\"og:locale\" content=\"fr_FR\" \/>\n<meta property=\"og:type\" content=\"article\" \/>\n<meta property=\"og:title\" content=\"2.GOLD ORIGINS 2 PLACES TOUT ALUM PTAC 1100 \u00e0 2000 kg - REMORQU&amp;CO\" \/>\n<meta property=\"og:description\" content=\"Nous sommes concessionnaire des VANS \u00e0 Chevaux CHEVAL LIBERTE \u00e0 Limoges.  Type GOLD ORIGINS ONE 2 PLACES  D\u00e9couvrez le Gold Origins, qui remplace les mod\u00e8les GOLD FIRST et GOLD II. R\u00e9unissant ces deux mod\u00e8les historiques, le van GOLD ORIGINS, plus moderne et confortable, conserve la conception \u201csignature\u201d Cheval Libert\u00e9 et offre des \u00e9quipements de s\u00e9rie efficaces, et devient le van id\u00e9al pour les trajets du quotidien. Un poids \u00e0 vide retravaill\u00e9 (d\u00e8s 750kg) permettant d\u2019optimiser la charge utile avec un P.T.A.C. au choix de 1100 \u00e0 2000kg. Il est ainsi parfait \u00e0 tracter avec un v\u00e9hicule compact, sans forc\u00e9ment n\u00e9cessiter un permis sp\u00e9cifique..  Il pr\u00e9sente de nombreux avantages : &gt;\u00a0Un grand volume int\u00e9rieur, en longueur, largeur et hauteur notamment dans la partie avant, offrant davantage d\u2019espace pour la t\u00eate des chevaux. &gt;\u00a0Un syst\u00e8me de ventilation parfait gr\u00e2ce aux fen\u00eatres coulissantes en verre securit \u00e9quip\u00e9es d\u2019un d\u00e9flecteur d\u2019air et une b\u00e2che \u00e0 enrouleur automatique ventil\u00e9e. &gt;\u00a0Toujours plus de s\u00e9curit\u00e9 et de praticit\u00e9 gr\u00e2ce aux parre-bottes, coussins de protection, pont \u00e0 lattes antid\u00e9rapantes, anneau filet \u00e0 foin et de multiples possibilit\u00e9s d\u2019attaches. &gt;\u00a0Une plus grande facilit\u00e9 d\u2019utilisation avec une grande porte de visite avant, une sellerie volumineuse (en option), une roue jockey automatique, des barres r\u00e9glables en longueur et hauteur &gt;\u00a0Un syst\u00e8me pont\/porte arri\u00e8re de s\u00e9rie, facilitant l\u2019acc\u00e8s des chevaux ou du mat\u00e9riel. &gt;\u00a0Un ch\u00e2ssis totalement m\u00e9cano soud\u00e9, galvanis\u00e9 \u00e0 chaud et \u00e9quip\u00e9 de 2 essieux robustes.   &gt;\u00a0L\u2019emploi de mat\u00e9riaux de grande qualit\u00e9 tels que l\u2019aluminium, le composite, le polyester renforc\u00e9 qui garantissent une bonne durabilit\u00e9 dans le temps, tant au niveau de la caisse ext\u00e9rieure qu\u2019int\u00e9rieure.  Options :\u00a0compartiment sellerie verrouillable \u00e0 cl\u00e9 avec porte selles pivotant, 2 porte licols et brides, filet porte document et miroir de courtoisie.   &nbsp;\" \/>\n<meta property=\"og:url\" content=\"https:\/\/remorqueco.fr\/index.php\/produit\/gold-origins-2-places-tout-alum-ptac-1100-a-2000-kg\/\" \/>\n<meta property=\"og:site_name\" content=\"REMORQU&amp;CO\" \/>\n<meta property=\"article:modified_time\" content=\"2026-02-17T20:32:21+00:00\" \/>\n<meta property=\"og:image\" content=\"https:\/\/remorqueco.fr\/new\/wp-content\/uploads\/2021\/03\/20250527_151521-scaled.jpg\" \/>\n\t<meta property=\"og:image:width\" content=\"2560\" \/>\n\t<meta property=\"og:image:height\" content=\"1920\" \/>\n<meta name=\"twitter:card\" content=\"summary_large_image\" \/>\n<meta name=\"twitter:label1\" content=\"Dur\u00e9e de lecture est.\" \/>\n\t<meta name=\"twitter:data1\" content=\"1 minute\" \/>\n<script type=\"application\/ld+json\" class=\"yoast-schema-graph\">{\"@context\":\"https:\/\/schema.org\",\"@graph\":[{\"@type\":\"WebSite\",\"@id\":\"https:\/\/remorqueco.fr\/#website\",\"url\":\"https:\/\/remorqueco.fr\/\",\"name\":\"REMORQU&amp;CO\",\"description\":\"Vente de remorques \\u00e0 Limoges\",\"potentialAction\":[{\"@type\":\"SearchAction\",\"target\":\"https:\/\/remorqueco.fr\/?s={search_term_string}\",\"query-input\":\"required name=search_term_string\"}],\"inLanguage\":\"fr-FR\"},{\"@type\":\"ImageObject\",\"@id\":\"https:\/\/remorqueco.fr\/index.php\/produit\/gold-origins-2-places-tout-alum-ptac-1100-a-2000-kg\/#primaryimage\",\"inLanguage\":\"fr-FR\",\"url\":\"https:\/\/remorqueco.fr\/new\/wp-content\/uploads\/2021\/03\/20250527_151521-scaled.jpg\",\"contentUrl\":\"https:\/\/remorqueco.fr\/new\/wp-content\/uploads\/2021\/03\/20250527_151521-scaled.jpg\",\"width\":2560,\"height\":1920},{\"@type\":\"WebPage\",\"@id\":\"https:\/\/remorqueco.fr\/index.php\/produit\/gold-origins-2-places-tout-alum-ptac-1100-a-2000-kg\/#webpage\",\"url\":\"https:\/\/remorqueco.fr\/index.php\/produit\/gold-origins-2-places-tout-alum-ptac-1100-a-2000-kg\/\",\"name\":\"2.GOLD ORIGINS 2 PLACES TOUT ALUM PTAC 1100 \\u00e0 2000 kg - REMORQU&amp;CO\",\"isPartOf\":{\"@id\":\"https:\/\/remorqueco.fr\/#website\"},\"primaryImageOfPage\":{\"@id\":\"https:\/\/remorqueco.fr\/index.php\/produit\/gold-origins-2-places-tout-alum-ptac-1100-a-2000-kg\/#primaryimage\"},\"datePublished\":\"2025-08-02T13:17:13+00:00\",\"dateModified\":\"2026-02-17T20:32:21+00:00\",\"breadcrumb\":{\"@id\":\"https:\/\/remorqueco.fr\/index.php\/produit\/gold-origins-2-places-tout-alum-ptac-1100-a-2000-kg\/#breadcrumb\"},\"inLanguage\":\"fr-FR\",\"potentialAction\":[{\"@type\":\"ReadAction\",\"target\":[\"https:\/\/remorqueco.fr\/index.php\/produit\/gold-origins-2-places-tout-alum-ptac-1100-a-2000-kg\/\"]}]},{\"@type\":\"BreadcrumbList\",\"@id\":\"https:\/\/remorqueco.fr\/index.php\/produit\/gold-origins-2-places-tout-alum-ptac-1100-a-2000-kg\/#breadcrumb\",\"itemListElement\":[{\"@type\":\"ListItem\",\"position\":1,\"item\":{\"@type\":\"WebPage\",\"@id\":\"https:\/\/remorqueco.fr\/\",\"url\":\"https:\/\/remorqueco.fr\/\",\"name\":\"Accueil\"}},{\"@type\":\"ListItem\",\"position\":2,\"item\":{\"@type\":\"WebPage\",\"@id\":\"https:\/\/remorqueco.fr\/index.php\/shop\/\",\"url\":\"https:\/\/remorqueco.fr\/index.php\/shop\/\",\"name\":\"Produits\"}},{\"@type\":\"ListItem\",\"position\":3,\"item\":{\"@id\":\"https:\/\/remorqueco.fr\/index.php\/produit\/gold-origins-2-places-tout-alum-ptac-1100-a-2000-kg\/#webpage\"}}]}]}<\/script>\n<!-- \/ Yoast SEO plugin. -->","_links":{"self":[{"href":"https:\/\/remorqueco.fr\/index.php\/wp-json\/wp\/v2\/product\/2776"}],"collection":[{"href":"https:\/\/remorqueco.fr\/index.php\/wp-json\/wp\/v2\/product"}],"about":[{"href":"https:\/\/remorqueco.fr\/index.php\/wp-json\/wp\/v2\/types\/product"}],"wp:featuredmedia":[{"embeddable":true,"href":"https:\/\/remorqueco.fr\/index.php\/wp-json\/wp\/v2\/media\/2763"}],"wp:attachment":[{"href":"https:\/\/remorqueco.fr\/index.php\/wp-json\/wp\/v2\/media?parent=2776"}],"curies":[{"name":"wp","href":"https:\/\/api.w.org\/{rel}","templated":true}]}}