{"id":2664,"date":"2025-06-15T20:56:54","date_gmt":"2025-06-15T18:56:54","guid":{"rendered":"https:\/\/remorqueco.fr\/?post_type=product&#038;p=2664"},"modified":"2026-04-07T16:56:03","modified_gmt":"2026-04-07T14:56:03","slug":"tri-benne-kipper-400-3c-4-m-x-197-m-double-essieux-ptac-2200-a-3500-kg","status":"publish","type":"product","link":"https:\/\/remorqueco.fr\/index.php\/produit\/tri-benne-kipper-400-3c-4-m-x-197-m-double-essieux-ptac-2200-a-3500-kg\/","title":{"rendered":"TRI BENNE KIPPER 400\/3C 4 m x 1,97 m DOUBLE ESSIEUX PTAC 2200 \u00e0 3500 kg"},"content":{"rendered":"<p>[vc_row full_width=\u00a0\u00bbstretch_row\u00a0\u00bb][vc_column width=\u00a0\u00bb2\/3&Prime;][vc_custom_heading text=\u00a0\u00bbTARIF : 8 700 \u20ac TTC\u00a0\u00bb font_container=\u00a0\u00bbtag:h1|font_size:46|text_align:left|color:%23ffffff|line_height:1&Prime; google_fonts=\u00a0\u00bbfont_family:Montserrat%3Aregular%2C700|font_style:400%20regular%3A400%3Anormal\u00a0\u00bb][vc_column_text]version Electrique + pompe \u00e0 main PTAC 3500 kg[\/vc_column_text][vc_column_text]En options :<\/p>\n<ul>\n<li>Rehausses grillag\u00e9es : 1200 \u20ac TTC<\/li>\n<li>roue de secours : 140 \u20ac TTC<\/li>\n<li>support de roue de secours : 75 \u20ac TTC<\/li>\n<li>Rampes renforc\u00e9es : 450 \u20ac TTC<\/li>\n<\/ul>\n<p>[\/vc_column_text][vc_btn title=\u00a0\u00bbJoindre votre conseill\u00e9 au 06.64.78.89.91&Prime; style=\u00a0\u00bboutline\u00a0\u00bb shape=\u00a0\u00bbround\u00a0\u00bb color=\u00a0\u00bbjuicy-pink\u00a0\u00bb size=\u00a0\u00bblg\u00a0\u00bb i_icon_fontawesome=\u00a0\u00bbfas fa-phone-alt\u00a0\u00bb add_icon=\u00a0\u00bbtrue\u00a0\u00bb link=\u00a0\u00bb|||\u00a0\u00bb][\/vc_column][vc_column width=\u00a0\u00bb1\/3&Prime;][vc_column_text]<strong>LIMOGES<\/strong> nous sommes ouverts du<\/p>\n<p>LUNDI au VENDREDI de 9h30 \u00e0 12h et de 14h \u00e0 18h30<\/p>\n<p>SAMEDI de 10h \u00e0 12h et de 14h \u00e0 18h<\/p>\n<p>&nbsp;<\/p>\n<p><b>ANGOULEME <\/b>nous sommes ouverts du<\/p>\n<p>MERCREDI au VENDREDI de 10h00 \u00e0 12h et de 14h \u00e0 18h<\/p>\n<p>SAMEDI de 10h \u00e0 12h et de 14h \u00e0 17h<\/p>\n<p>&nbsp;<\/p>\n<p><b>LA SOUTERRAINE <\/b>nous sommes ouverts du<\/p>\n<p>LUNDI au VENDREDI de 9h30 \u00e0 12h et de 14h \u00e0 18h<\/p>\n<p>SAMEDI de 10h \u00e0 12h et de 14h \u00e0 17h<\/p>\n<p>[\/vc_column_text][\/vc_column][\/vc_row]<\/p>\n","protected":false},"excerpt":{"rendered":"<p>Remorque TRI BENNE fabrication s\u00e9rieuse de la marque MARTZ<\/p>\n<p>Plateau Acier 3 mm<\/p>\n<p>plateau : 4 m x 1,97 m ridelle TOUT ACIER 400 mm<br \/>\nAngle de basculement 45 \u00b0<br \/>\npompe \u00e9lectrique + manuelle de s\u00e9rie<br \/>\nCh\u00e2ssis et pont enti\u00e8rement soud\u00e9 et galvanis\u00e9 \u00e0 chaud<\/p>\n<p>Tiroir pour des rampes<\/p>\n<p>Jeux de b\u00e9quilles \u00e0 l&rsquo;arri\u00e8re inclus<\/p>\n<p>3 ESSIEUX\u00a0 haute de gamme AL KO ou KNOTT<br \/>\nPTAC 2200 jusqu&rsquo;\u00e0 3500 kg possibilit\u00e9 de changer le tarage sans modifier la remorque.<\/p>\n<p>Poids \u00e0 vide 1 170 kg<\/p>\n<p>Roues 195\/50 R 13<\/p>\n","protected":false},"featured_media":2674,"template":"","meta":[],"yoast_head":"<!-- This site is optimized with the Yoast SEO plugin v16.4 - https:\/\/yoast.com\/wordpress\/plugins\/seo\/ -->\n<title>TRI BENNE KIPPER 400\/3C 4 m x 1,97 m DOUBLE ESSIEUX PTAC 2200 \u00e0 3500 kg - REMORQU&amp;CO<\/title>\n<meta name=\"robots\" content=\"index, follow, max-snippet:-1, max-image-preview:large, max-video-preview:-1\" \/>\n<link rel=\"canonical\" href=\"https:\/\/remorqueco.fr\/index.php\/produit\/tri-benne-kipper-400-3c-4-m-x-197-m-double-essieux-ptac-2200-a-3500-kg\/\" \/>\n<meta property=\"og:locale\" content=\"fr_FR\" \/>\n<meta property=\"og:type\" content=\"article\" \/>\n<meta property=\"og:title\" content=\"TRI BENNE KIPPER 400\/3C 4 m x 1,97 m DOUBLE ESSIEUX PTAC 2200 \u00e0 3500 kg - REMORQU&amp;CO\" \/>\n<meta property=\"og:description\" content=\"Remorque TRI BENNE fabrication s\u00e9rieuse de la marque MARTZ  Plateau Acier 3 mm  plateau : 4 m x 1,97 m ridelle TOUT ACIER 400 mm Angle de basculement 45 \u00b0 pompe \u00e9lectrique + manuelle de s\u00e9rie Ch\u00e2ssis et pont enti\u00e8rement soud\u00e9 et galvanis\u00e9 \u00e0 chaud  Tiroir pour des rampes  Jeux de b\u00e9quilles \u00e0 l&#039;arri\u00e8re inclus  3 ESSIEUX\u00a0 haute de gamme AL KO ou KNOTT PTAC 2200 jusqu&#039;\u00e0 3500 kg possibilit\u00e9 de changer le tarage sans modifier la remorque.  Poids \u00e0 vide 1 170 kg  Roues 195\/50 R 13\" \/>\n<meta property=\"og:url\" content=\"https:\/\/remorqueco.fr\/index.php\/produit\/tri-benne-kipper-400-3c-4-m-x-197-m-double-essieux-ptac-2200-a-3500-kg\/\" \/>\n<meta property=\"og:site_name\" content=\"REMORQU&amp;CO\" \/>\n<meta property=\"article:modified_time\" content=\"2026-04-07T14:56:03+00:00\" \/>\n<meta property=\"og:image\" content=\"https:\/\/remorqueco.fr\/new\/wp-content\/uploads\/2025\/06\/20250522_170955.jpg\" \/>\n\t<meta property=\"og:image:width\" content=\"1346\" \/>\n\t<meta property=\"og:image:height\" content=\"1009\" \/>\n<meta name=\"twitter:card\" content=\"summary_large_image\" \/>\n<meta name=\"twitter:label1\" content=\"Dur\u00e9e de lecture est.\" \/>\n\t<meta name=\"twitter:data1\" content=\"1 minute\" \/>\n<script type=\"application\/ld+json\" class=\"yoast-schema-graph\">{\"@context\":\"https:\/\/schema.org\",\"@graph\":[{\"@type\":\"WebSite\",\"@id\":\"https:\/\/remorqueco.fr\/#website\",\"url\":\"https:\/\/remorqueco.fr\/\",\"name\":\"REMORQU&amp;CO\",\"description\":\"Vente de remorques \\u00e0 Limoges\",\"potentialAction\":[{\"@type\":\"SearchAction\",\"target\":\"https:\/\/remorqueco.fr\/?s={search_term_string}\",\"query-input\":\"required name=search_term_string\"}],\"inLanguage\":\"fr-FR\"},{\"@type\":\"ImageObject\",\"@id\":\"https:\/\/remorqueco.fr\/index.php\/produit\/tri-benne-kipper-400-3c-4-m-x-197-m-double-essieux-ptac-2200-a-3500-kg\/#primaryimage\",\"inLanguage\":\"fr-FR\",\"url\":\"https:\/\/remorqueco.fr\/new\/wp-content\/uploads\/2025\/06\/20250522_170955.jpg\",\"contentUrl\":\"https:\/\/remorqueco.fr\/new\/wp-content\/uploads\/2025\/06\/20250522_170955.jpg\",\"width\":1346,\"height\":1009},{\"@type\":\"WebPage\",\"@id\":\"https:\/\/remorqueco.fr\/index.php\/produit\/tri-benne-kipper-400-3c-4-m-x-197-m-double-essieux-ptac-2200-a-3500-kg\/#webpage\",\"url\":\"https:\/\/remorqueco.fr\/index.php\/produit\/tri-benne-kipper-400-3c-4-m-x-197-m-double-essieux-ptac-2200-a-3500-kg\/\",\"name\":\"TRI BENNE KIPPER 400\/3C 4 m x 1,97 m DOUBLE ESSIEUX PTAC 2200 \\u00e0 3500 kg - REMORQU&amp;CO\",\"isPartOf\":{\"@id\":\"https:\/\/remorqueco.fr\/#website\"},\"primaryImageOfPage\":{\"@id\":\"https:\/\/remorqueco.fr\/index.php\/produit\/tri-benne-kipper-400-3c-4-m-x-197-m-double-essieux-ptac-2200-a-3500-kg\/#primaryimage\"},\"datePublished\":\"2025-06-15T18:56:54+00:00\",\"dateModified\":\"2026-04-07T14:56:03+00:00\",\"breadcrumb\":{\"@id\":\"https:\/\/remorqueco.fr\/index.php\/produit\/tri-benne-kipper-400-3c-4-m-x-197-m-double-essieux-ptac-2200-a-3500-kg\/#breadcrumb\"},\"inLanguage\":\"fr-FR\",\"potentialAction\":[{\"@type\":\"ReadAction\",\"target\":[\"https:\/\/remorqueco.fr\/index.php\/produit\/tri-benne-kipper-400-3c-4-m-x-197-m-double-essieux-ptac-2200-a-3500-kg\/\"]}]},{\"@type\":\"BreadcrumbList\",\"@id\":\"https:\/\/remorqueco.fr\/index.php\/produit\/tri-benne-kipper-400-3c-4-m-x-197-m-double-essieux-ptac-2200-a-3500-kg\/#breadcrumb\",\"itemListElement\":[{\"@type\":\"ListItem\",\"position\":1,\"item\":{\"@type\":\"WebPage\",\"@id\":\"https:\/\/remorqueco.fr\/\",\"url\":\"https:\/\/remorqueco.fr\/\",\"name\":\"Accueil\"}},{\"@type\":\"ListItem\",\"position\":2,\"item\":{\"@type\":\"WebPage\",\"@id\":\"https:\/\/remorqueco.fr\/index.php\/shop\/\",\"url\":\"https:\/\/remorqueco.fr\/index.php\/shop\/\",\"name\":\"Produits\"}},{\"@type\":\"ListItem\",\"position\":3,\"item\":{\"@id\":\"https:\/\/remorqueco.fr\/index.php\/produit\/tri-benne-kipper-400-3c-4-m-x-197-m-double-essieux-ptac-2200-a-3500-kg\/#webpage\"}}]}]}<\/script>\n<!-- \/ Yoast SEO plugin. -->","_links":{"self":[{"href":"https:\/\/remorqueco.fr\/index.php\/wp-json\/wp\/v2\/product\/2664"}],"collection":[{"href":"https:\/\/remorqueco.fr\/index.php\/wp-json\/wp\/v2\/product"}],"about":[{"href":"https:\/\/remorqueco.fr\/index.php\/wp-json\/wp\/v2\/types\/product"}],"wp:featuredmedia":[{"embeddable":true,"href":"https:\/\/remorqueco.fr\/index.php\/wp-json\/wp\/v2\/media\/2674"}],"wp:attachment":[{"href":"https:\/\/remorqueco.fr\/index.php\/wp-json\/wp\/v2\/media?parent=2664"}],"curies":[{"name":"wp","href":"https:\/\/api.w.org\/{rel}","templated":true}]}}