{"id":2601,"date":"2025-05-10T12:02:09","date_gmt":"2025-05-10T10:02:09","guid":{"rendered":"https:\/\/remorqueco.fr\/?post_type=product&#038;p=2601"},"modified":"2026-01-10T12:47:35","modified_gmt":"2026-01-10T11:47:35","slug":"moto-abaissable-100-au-sol-ptac-500-kg-ccl6","status":"publish","type":"product","link":"https:\/\/remorqueco.fr\/index.php\/produit\/moto-abaissable-100-au-sol-ptac-500-kg-ccl6\/","title":{"rendered":"4.PORTE MOTO 1 moto ABAISSABLE 100 % AU SOL PTAC 500 kg CCL6 YO REMORQUE"},"content":{"rendered":"<p>[vc_row full_width=\u00a0\u00bbstretch_row\u00a0\u00bb][vc_column width=\u00a0\u00bb2\/3&Prime;][vc_custom_heading text=\u00a0\u00bbTARIF : 3 000 \u20ac TTC\u00a0\u00bb font_container=\u00a0\u00bbtag:h1|font_size:46|text_align:left|color:%23ffffff|line_height:1&Prime; google_fonts=\u00a0\u00bbfont_family:Montserrat%3Aregular%2C700|font_style:400%20regular%3A400%3Anormal\u00a0\u00bb][vc_column_text]En option :<\/p>\n<ul>\n<li>feux de gabarit : 90 \u20ac TTC<\/li>\n<li>roue de secours + support : 150 \u20ac TTC<\/li>\n<li>coffre de rangement + support : 160 \u20ac TTC<\/li>\n<\/ul>\n<p>[\/vc_column_text][vc_column_text]<\/p>\n<h4><strong>Nous vous conseillons de venir avec votre moto pour vous faire les d\u00e9monstrations sinon nous avons aussi des motos sympa &#8230;<\/strong><\/h4>\n<p>[\/vc_column_text][vc_btn title=\u00a0\u00bbJoindre votre conseill\u00e9 au 06.64.78.89.91&Prime; style=\u00a0\u00bboutline\u00a0\u00bb shape=\u00a0\u00bbround\u00a0\u00bb color=\u00a0\u00bbjuicy-pink\u00a0\u00bb size=\u00a0\u00bblg\u00a0\u00bb i_icon_fontawesome=\u00a0\u00bbfas fa-phone-alt\u00a0\u00bb add_icon=\u00a0\u00bbtrue\u00a0\u00bb link=\u00a0\u00bb|||\u00a0\u00bb][\/vc_column][vc_column width=\u00a0\u00bb1\/3&Prime;][vc_column_text]Autre Version Charge utile <strong>324 kg<\/strong>\u00a0 &#8211;<\/p>\n<p>[\/vc_column_text][vc_column_text]<strong>LIMOGES<\/strong> nous sommes ouverts du<\/p>\n<p>LUNDI au VENDREDI de 9h30 \u00e0 12h et de 14h \u00e0 18h30<\/p>\n<p>SAMEDI de 10h \u00e0 12h et de 14h \u00e0 18h<\/p>\n<p>&nbsp;<\/p>\n<p><b>ANGOULEME <\/b>nous sommes ouverts du<\/p>\n<p>MERCREDI au VENDREDI de 10h00 \u00e0 12h et de 14h \u00e0 18h<\/p>\n<p>SAMEDI de 10h \u00e0 12h et de 14h \u00e0 17h<\/p>\n<p>&nbsp;<\/p>\n<p><b>LA SOUTERRAINE <\/b>nous sommes ouverts du<\/p>\n<p>LUNDI au VENDREDI de 9h30 \u00e0 12h et de 14h \u00e0 18h<\/p>\n<p>SAMEDI de 10h \u00e0 12h et de 14h \u00e0 17h<\/p>\n<p>[\/vc_column_text][\/vc_column][\/vc_row][vc_row][vc_column][\/vc_column][\/vc_row]<\/p>\n","protected":false},"excerpt":{"rendered":"<p>Remorque porte MOTO PTAC 500 kg sans frein<\/p>\n<ul>\n<li>Dimensions utiles : 2,460 x 1,00 m<\/li>\n<li>Pvide 175 kg\u00a0 P UTILE : 324 kg<\/li>\n<li>plateau abaissable totalement 100 % au sol avec treuil \u00e0 c\u00e2ble<\/li>\n<li>Essieu unique 750 kg AL-KO suspension ind\u00e9pendante sur ressort et amortisseur<\/li>\n<li>Roues 155R13<\/li>\n<li>Timon V 500 kg<\/li>\n<li>Ch\u00e2ssis : cadre acier soud\u00e9 et galvanis\u00e9 \u00e0 chaud<\/li>\n<li>Bloc roue automatique<\/li>\n<\/ul>\n","protected":false},"featured_media":2602,"template":"","meta":[],"yoast_head":"<!-- This site is optimized with the Yoast SEO plugin v16.4 - https:\/\/yoast.com\/wordpress\/plugins\/seo\/ -->\n<title>4.PORTE MOTO 1 moto ABAISSABLE 100 % AU SOL PTAC 500 kg CCL6 YO REMORQUE - REMORQU&amp;CO<\/title>\n<meta name=\"robots\" content=\"index, follow, max-snippet:-1, max-image-preview:large, max-video-preview:-1\" \/>\n<link rel=\"canonical\" href=\"https:\/\/remorqueco.fr\/index.php\/produit\/moto-abaissable-100-au-sol-ptac-500-kg-ccl6\/\" \/>\n<meta property=\"og:locale\" content=\"fr_FR\" \/>\n<meta property=\"og:type\" content=\"article\" \/>\n<meta property=\"og:title\" content=\"4.PORTE MOTO 1 moto ABAISSABLE 100 % AU SOL PTAC 500 kg CCL6 YO REMORQUE - REMORQU&amp;CO\" \/>\n<meta property=\"og:description\" content=\"Remorque porte MOTO PTAC 500 kg sans frein   Dimensions utiles : 2,460 x 1,00 m  Pvide 175 kg\u00a0 P UTILE : 324 kg  plateau abaissable totalement 100 % au sol avec treuil \u00e0 c\u00e2ble  Essieu unique 750 kg AL-KO suspension ind\u00e9pendante sur ressort et amortisseur  Roues 155R13  Timon V 500 kg  Ch\u00e2ssis : cadre acier soud\u00e9 et galvanis\u00e9 \u00e0 chaud  Bloc roue automatique\" \/>\n<meta property=\"og:url\" content=\"https:\/\/remorqueco.fr\/index.php\/produit\/moto-abaissable-100-au-sol-ptac-500-kg-ccl6\/\" \/>\n<meta property=\"og:site_name\" content=\"REMORQU&amp;CO\" \/>\n<meta property=\"article:modified_time\" content=\"2026-01-10T11:47:35+00:00\" \/>\n<meta property=\"og:image\" content=\"https:\/\/remorqueco.fr\/new\/wp-content\/uploads\/2025\/05\/IMG_9956-Personnalise.jpg\" \/>\n\t<meta property=\"og:image:width\" content=\"1200\" \/>\n\t<meta property=\"og:image:height\" content=\"800\" \/>\n<meta name=\"twitter:card\" content=\"summary_large_image\" \/>\n<meta name=\"twitter:label1\" content=\"Dur\u00e9e de lecture est.\" \/>\n\t<meta name=\"twitter:data1\" content=\"1 minute\" \/>\n<script type=\"application\/ld+json\" class=\"yoast-schema-graph\">{\"@context\":\"https:\/\/schema.org\",\"@graph\":[{\"@type\":\"WebSite\",\"@id\":\"https:\/\/remorqueco.fr\/#website\",\"url\":\"https:\/\/remorqueco.fr\/\",\"name\":\"REMORQU&amp;CO\",\"description\":\"Vente de remorques \\u00e0 Limoges\",\"potentialAction\":[{\"@type\":\"SearchAction\",\"target\":\"https:\/\/remorqueco.fr\/?s={search_term_string}\",\"query-input\":\"required name=search_term_string\"}],\"inLanguage\":\"fr-FR\"},{\"@type\":\"ImageObject\",\"@id\":\"https:\/\/remorqueco.fr\/index.php\/produit\/moto-abaissable-100-au-sol-ptac-500-kg-ccl6\/#primaryimage\",\"inLanguage\":\"fr-FR\",\"url\":\"https:\/\/remorqueco.fr\/new\/wp-content\/uploads\/2025\/05\/IMG_9956-Personnalise.jpg\",\"contentUrl\":\"https:\/\/remorqueco.fr\/new\/wp-content\/uploads\/2025\/05\/IMG_9956-Personnalise.jpg\",\"width\":1200,\"height\":800},{\"@type\":\"WebPage\",\"@id\":\"https:\/\/remorqueco.fr\/index.php\/produit\/moto-abaissable-100-au-sol-ptac-500-kg-ccl6\/#webpage\",\"url\":\"https:\/\/remorqueco.fr\/index.php\/produit\/moto-abaissable-100-au-sol-ptac-500-kg-ccl6\/\",\"name\":\"4.PORTE MOTO 1 moto ABAISSABLE 100 % AU SOL PTAC 500 kg CCL6 YO REMORQUE - REMORQU&amp;CO\",\"isPartOf\":{\"@id\":\"https:\/\/remorqueco.fr\/#website\"},\"primaryImageOfPage\":{\"@id\":\"https:\/\/remorqueco.fr\/index.php\/produit\/moto-abaissable-100-au-sol-ptac-500-kg-ccl6\/#primaryimage\"},\"datePublished\":\"2025-05-10T10:02:09+00:00\",\"dateModified\":\"2026-01-10T11:47:35+00:00\",\"breadcrumb\":{\"@id\":\"https:\/\/remorqueco.fr\/index.php\/produit\/moto-abaissable-100-au-sol-ptac-500-kg-ccl6\/#breadcrumb\"},\"inLanguage\":\"fr-FR\",\"potentialAction\":[{\"@type\":\"ReadAction\",\"target\":[\"https:\/\/remorqueco.fr\/index.php\/produit\/moto-abaissable-100-au-sol-ptac-500-kg-ccl6\/\"]}]},{\"@type\":\"BreadcrumbList\",\"@id\":\"https:\/\/remorqueco.fr\/index.php\/produit\/moto-abaissable-100-au-sol-ptac-500-kg-ccl6\/#breadcrumb\",\"itemListElement\":[{\"@type\":\"ListItem\",\"position\":1,\"item\":{\"@type\":\"WebPage\",\"@id\":\"https:\/\/remorqueco.fr\/\",\"url\":\"https:\/\/remorqueco.fr\/\",\"name\":\"Accueil\"}},{\"@type\":\"ListItem\",\"position\":2,\"item\":{\"@type\":\"WebPage\",\"@id\":\"https:\/\/remorqueco.fr\/index.php\/shop\/\",\"url\":\"https:\/\/remorqueco.fr\/index.php\/shop\/\",\"name\":\"Produits\"}},{\"@type\":\"ListItem\",\"position\":3,\"item\":{\"@id\":\"https:\/\/remorqueco.fr\/index.php\/produit\/moto-abaissable-100-au-sol-ptac-500-kg-ccl6\/#webpage\"}}]}]}<\/script>\n<!-- \/ Yoast SEO plugin. -->","_links":{"self":[{"href":"https:\/\/remorqueco.fr\/index.php\/wp-json\/wp\/v2\/product\/2601"}],"collection":[{"href":"https:\/\/remorqueco.fr\/index.php\/wp-json\/wp\/v2\/product"}],"about":[{"href":"https:\/\/remorqueco.fr\/index.php\/wp-json\/wp\/v2\/types\/product"}],"wp:featuredmedia":[{"embeddable":true,"href":"https:\/\/remorqueco.fr\/index.php\/wp-json\/wp\/v2\/media\/2602"}],"wp:attachment":[{"href":"https:\/\/remorqueco.fr\/index.php\/wp-json\/wp\/v2\/media?parent=2601"}],"curies":[{"name":"wp","href":"https:\/\/api.w.org\/{rel}","templated":true}]}}