{"id":2483,"date":"2025-01-31T10:08:59","date_gmt":"2025-01-31T09:08:59","guid":{"rendered":"https:\/\/remorqueco.fr\/?post_type=product&#038;p=2483"},"modified":"2026-04-22T09:44:01","modified_gmt":"2026-04-22T07:44:01","slug":"c-2000-55-m-x-164m-x-22-m-ptac-3500-kg","status":"publish","type":"product","link":"https:\/\/remorqueco.fr\/index.php\/produit\/c-2000-55-m-x-164m-x-22-m-ptac-3500-kg\/","title":{"rendered":"C 2000 5,5 m x 2,2 m x hauteur 2 m PTAC 3500 kg"},"content":{"rendered":"<p>[vc_row full_width=\u00a0\u00bbstretch_row\u00a0\u00bb][vc_column width=\u00a0\u00bb2\/3&Prime;][vc_custom_heading text=\u00a0\u00bbTARIF public : 19 900 \u20ac TTC\u00a0\u00bb font_container=\u00a0\u00bbtag:h1|font_size:46|text_align:left|color:%23ffffff|line_height:1&Prime; google_fonts=\u00a0\u00bbfont_family:Montserrat%3Aregular%2C700|font_style:400%20regular%3A400%3Anormal\u00a0\u00bb][vc_column_text css_animation=\u00a0\u00bbslideInLeft\u00a0\u00bb]<strong>SUSPENSION PULLMAN II\u00a0 pour une tenue de route exceptionnelle<\/strong><\/p>\n<p>Pour votre voiture il existe aussi les versions <strong>C 1000, C900 C 800 et C 700<\/strong> consultez nous.<\/p>\n<p><strong>OPTIONS :<\/strong><\/p>\n<p>Roue de secours avec Support<\/p>\n<p>Double fermeture s\u00e9curis\u00e9e du pont arri\u00e8re<\/p>\n<p>Cales but\u00e9es de roues<\/p>\n<p>Cam\u00e9ra de recul<\/p>\n<p>Rampes de mont\u00e9es sp\u00e9ciales v\u00e9hicules taille basse<\/p>\n<p>&nbsp;<\/p>\n<p>[\/vc_column_text][vc_btn title=\u00a0\u00bbJoindre votre conseill\u00e9 au 06.64.78.89.91&Prime; style=\u00a0\u00bboutline\u00a0\u00bb shape=\u00a0\u00bbround\u00a0\u00bb color=\u00a0\u00bbjuicy-pink\u00a0\u00bb size=\u00a0\u00bblg\u00a0\u00bb i_icon_fontawesome=\u00a0\u00bbfas fa-phone-alt\u00a0\u00bb add_icon=\u00a0\u00bbtrue\u00a0\u00bb link=\u00a0\u00bb|||\u00a0\u00bb][\/vc_column][vc_column width=\u00a0\u00bb1\/3&Prime;][vc_column_text]<strong>LIMOGES<\/strong> nous sommes ouverts du<\/p>\n<p>LUNDI au VENDREDI de 9h30 \u00e0 12h et de 14h \u00e0 18h30<\/p>\n<p>SAMEDI de 10h \u00e0 12h et de 14h \u00e0 18h<\/p>\n<p>&nbsp;<\/p>\n<p><b>ANGOULEME <\/b>nous sommes ouverts du<\/p>\n<p>MERCREDI au VENDREDI de 10h00 \u00e0 12h et de 14h \u00e0 18h<\/p>\n<p>SAMEDI de 10h \u00e0 12h et de 14h \u00e0 17h<\/p>\n<p>&nbsp;<\/p>\n<p><b>LA SOUTERRAINE <\/b>nous sommes ouverts du<\/p>\n<p>LUNDI au VENDREDI de 9h30 \u00e0 12h et de 14h \u00e0 18h<\/p>\n<p>SAMEDI de 10h \u00e0 12h et de 14h \u00e0 17h<\/p>\n<p>[\/vc_column_text][\/vc_column][\/vc_row]<\/p>\n","protected":false},"excerpt":{"rendered":"<p>Remorqu&amp;CO est distributeur des produits\u00a0 <strong>DEBON<\/strong><\/p>\n<p>Cette Gamme est tr\u00e8s connue du march\u00e9 des remorques FOURGON.<\/p>\n<p><strong>Porte voiture C 2000\u00a0<\/strong><\/p>\n<p>Dimensions int\u00e9rieures : 5,5 m x 2,2 m\u00a0 hauteur int\u00e9rieure : 2,0 m<\/p>\n<p>Dimension de passage : 5,5 m x 2,150 m x hauteur 1,9 m<\/p>\n<p>PTAC\u00a0 3 500 kg modification de la tare possible<\/p>\n<p>Poids \u00e0 vide 1300 kg<\/p>\n<p>DOUBLE Essieux<\/p>\n<p>Coloris disponibles blanc, vert, bleu, noir ou gris<\/p>\n<p><strong>INCLUS :<\/strong><\/p>\n<p>Jantes Aluminium<\/p>\n<p>Treuil \u00e9lectrique<\/p>\n<p>Rampe sur\u00e9lev\u00e9es + 11 cm<\/p>\n<p>B\u00e9quilles<\/p>\n<p>Eclairage int\u00e9rieur<\/p>\n<p>FULL LED<\/p>\n","protected":false},"featured_media":2485,"template":"","meta":[],"yoast_head":"<!-- This site is optimized with the Yoast SEO plugin v16.4 - https:\/\/yoast.com\/wordpress\/plugins\/seo\/ -->\n<title>C 2000 5,5 m x 2,2 m x hauteur 2 m PTAC 3500 kg - REMORQU&amp;CO<\/title>\n<meta name=\"robots\" content=\"index, follow, max-snippet:-1, max-image-preview:large, max-video-preview:-1\" \/>\n<link rel=\"canonical\" href=\"https:\/\/remorqueco.fr\/index.php\/produit\/c-2000-55-m-x-164m-x-22-m-ptac-3500-kg\/\" \/>\n<meta property=\"og:locale\" content=\"fr_FR\" \/>\n<meta property=\"og:type\" content=\"article\" \/>\n<meta property=\"og:title\" content=\"C 2000 5,5 m x 2,2 m x hauteur 2 m PTAC 3500 kg - REMORQU&amp;CO\" \/>\n<meta property=\"og:description\" content=\"Remorqu&amp;CO est distributeur des produits\u00a0 DEBON  Cette Gamme est tr\u00e8s connue du march\u00e9 des remorques FOURGON.  Porte voiture C 2000\u00a0  Dimensions int\u00e9rieures : 5,5 m x 2,2 m\u00a0 hauteur int\u00e9rieure : 2,0 m  Dimension de passage : 5,5 m x 2,150 m x hauteur 1,9 m  PTAC\u00a0 3 500 kg modification de la tare possible  Poids \u00e0 vide 1300 kg  DOUBLE Essieux  Coloris disponibles blanc, vert, bleu, noir ou gris  INCLUS :  Jantes Aluminium  Treuil \u00e9lectrique  Rampe sur\u00e9lev\u00e9es + 11 cm  B\u00e9quilles  Eclairage int\u00e9rieur  FULL LED\" \/>\n<meta property=\"og:url\" content=\"https:\/\/remorqueco.fr\/index.php\/produit\/c-2000-55-m-x-164m-x-22-m-ptac-3500-kg\/\" \/>\n<meta property=\"og:site_name\" content=\"REMORQU&amp;CO\" \/>\n<meta property=\"article:modified_time\" content=\"2026-04-22T07:44:01+00:00\" \/>\n<meta property=\"og:image\" content=\"https:\/\/remorqueco.fr\/new\/wp-content\/uploads\/2025\/01\/DSCF6927.jpg\" \/>\n\t<meta property=\"og:image:width\" content=\"1953\" \/>\n\t<meta property=\"og:image:height\" content=\"1188\" \/>\n<meta name=\"twitter:card\" content=\"summary_large_image\" \/>\n<meta name=\"twitter:label1\" content=\"Dur\u00e9e de lecture est.\" \/>\n\t<meta name=\"twitter:data1\" content=\"1 minute\" \/>\n<script type=\"application\/ld+json\" class=\"yoast-schema-graph\">{\"@context\":\"https:\/\/schema.org\",\"@graph\":[{\"@type\":\"WebSite\",\"@id\":\"https:\/\/remorqueco.fr\/#website\",\"url\":\"https:\/\/remorqueco.fr\/\",\"name\":\"REMORQU&amp;CO\",\"description\":\"Vente de remorques \\u00e0 Limoges\",\"potentialAction\":[{\"@type\":\"SearchAction\",\"target\":\"https:\/\/remorqueco.fr\/?s={search_term_string}\",\"query-input\":\"required name=search_term_string\"}],\"inLanguage\":\"fr-FR\"},{\"@type\":\"ImageObject\",\"@id\":\"https:\/\/remorqueco.fr\/index.php\/produit\/c-2000-55-m-x-164m-x-22-m-ptac-3500-kg\/#primaryimage\",\"inLanguage\":\"fr-FR\",\"url\":\"https:\/\/remorqueco.fr\/new\/wp-content\/uploads\/2025\/01\/DSCF6927.jpg\",\"contentUrl\":\"https:\/\/remorqueco.fr\/new\/wp-content\/uploads\/2025\/01\/DSCF6927.jpg\",\"width\":1953,\"height\":1188},{\"@type\":\"WebPage\",\"@id\":\"https:\/\/remorqueco.fr\/index.php\/produit\/c-2000-55-m-x-164m-x-22-m-ptac-3500-kg\/#webpage\",\"url\":\"https:\/\/remorqueco.fr\/index.php\/produit\/c-2000-55-m-x-164m-x-22-m-ptac-3500-kg\/\",\"name\":\"C 2000 5,5 m x 2,2 m x hauteur 2 m PTAC 3500 kg - REMORQU&amp;CO\",\"isPartOf\":{\"@id\":\"https:\/\/remorqueco.fr\/#website\"},\"primaryImageOfPage\":{\"@id\":\"https:\/\/remorqueco.fr\/index.php\/produit\/c-2000-55-m-x-164m-x-22-m-ptac-3500-kg\/#primaryimage\"},\"datePublished\":\"2025-01-31T09:08:59+00:00\",\"dateModified\":\"2026-04-22T07:44:01+00:00\",\"breadcrumb\":{\"@id\":\"https:\/\/remorqueco.fr\/index.php\/produit\/c-2000-55-m-x-164m-x-22-m-ptac-3500-kg\/#breadcrumb\"},\"inLanguage\":\"fr-FR\",\"potentialAction\":[{\"@type\":\"ReadAction\",\"target\":[\"https:\/\/remorqueco.fr\/index.php\/produit\/c-2000-55-m-x-164m-x-22-m-ptac-3500-kg\/\"]}]},{\"@type\":\"BreadcrumbList\",\"@id\":\"https:\/\/remorqueco.fr\/index.php\/produit\/c-2000-55-m-x-164m-x-22-m-ptac-3500-kg\/#breadcrumb\",\"itemListElement\":[{\"@type\":\"ListItem\",\"position\":1,\"item\":{\"@type\":\"WebPage\",\"@id\":\"https:\/\/remorqueco.fr\/\",\"url\":\"https:\/\/remorqueco.fr\/\",\"name\":\"Accueil\"}},{\"@type\":\"ListItem\",\"position\":2,\"item\":{\"@type\":\"WebPage\",\"@id\":\"https:\/\/remorqueco.fr\/index.php\/shop\/\",\"url\":\"https:\/\/remorqueco.fr\/index.php\/shop\/\",\"name\":\"Produits\"}},{\"@type\":\"ListItem\",\"position\":3,\"item\":{\"@id\":\"https:\/\/remorqueco.fr\/index.php\/produit\/c-2000-55-m-x-164m-x-22-m-ptac-3500-kg\/#webpage\"}}]}]}<\/script>\n<!-- \/ Yoast SEO plugin. -->","_links":{"self":[{"href":"https:\/\/remorqueco.fr\/index.php\/wp-json\/wp\/v2\/product\/2483"}],"collection":[{"href":"https:\/\/remorqueco.fr\/index.php\/wp-json\/wp\/v2\/product"}],"about":[{"href":"https:\/\/remorqueco.fr\/index.php\/wp-json\/wp\/v2\/types\/product"}],"wp:featuredmedia":[{"embeddable":true,"href":"https:\/\/remorqueco.fr\/index.php\/wp-json\/wp\/v2\/media\/2485"}],"wp:attachment":[{"href":"https:\/\/remorqueco.fr\/index.php\/wp-json\/wp\/v2\/media?parent=2483"}],"curies":[{"name":"wp","href":"https:\/\/api.w.org\/{rel}","templated":true}]}}