{"id":2448,"date":"2025-01-31T09:04:59","date_gmt":"2025-01-31T08:04:59","guid":{"rendered":"https:\/\/remorqueco.fr\/?post_type=product&#038;p=2448"},"modified":"2026-04-07T17:07:24","modified_gmt":"2026-04-07T15:07:24","slug":"lider-porte-voiture-39760-ptac-2000-2500-kg-basculant-40m-x-19m","status":"publish","type":"product","link":"https:\/\/remorqueco.fr\/index.php\/produit\/lider-porte-voiture-39760-ptac-2000-2500-kg-basculant-40m-x-19m\/","title":{"rendered":"FRANC porte voiture 39760 PTAC 1500 \u00e0 2700 kg basculant  4,0m x 1,9m"},"content":{"rendered":"<p>[vc_row full_width=\u00a0\u00bbstretch_row\u00a0\u00bb][vc_column width=\u00a0\u00bb2\/3&Prime;][vc_custom_heading text=\u00a0\u00bbTARIF PROMO : 3 590 \u20ac TTC<br \/>\ninclus :<br \/>\nTREUIL + SUPPORT,<br \/>\n2 CALES DE ROUES,<br \/>\n2 Sangles 3 points,<br \/>\n1 COFFRE de RANGEMENT\u00a0\u00bb font_container=\u00a0\u00bbtag:h1|font_size:30|text_align:left|color:%23ffffff|line_height:1&Prime; google_fonts=\u00a0\u00bbfont_family:Montserrat%3Aregular%2C700|font_style:400%20regular%3A400%3Anormal\u00a0\u00bb][vc_column_text]<strong>Options<\/strong><\/p>\n<p>Basculement hydraulique : 650 \u20ac TTC<\/p>\n<p>Roue de secours et son support : 210 \u20ac<\/p>\n<p>[\/vc_column_text][vc_btn title=\u00a0\u00bbJoindre votre conseill\u00e9 au 06.64.78.89.91&Prime; style=\u00a0\u00bboutline\u00a0\u00bb shape=\u00a0\u00bbround\u00a0\u00bb color=\u00a0\u00bbjuicy-pink\u00a0\u00bb size=\u00a0\u00bblg\u00a0\u00bb i_icon_fontawesome=\u00a0\u00bbfas fa-phone-alt\u00a0\u00bb add_icon=\u00a0\u00bbtrue\u00a0\u00bb link=\u00a0\u00bb|||\u00a0\u00bb][\/vc_column][vc_column width=\u00a0\u00bb1\/3&Prime;][vc_column_text]<strong>LIMOGES<\/strong> nous sommes ouverts du<\/p>\n<p>LUNDI au VENDREDI de 9h30 \u00e0 12h et de 14h \u00e0 18h30<\/p>\n<p>SAMEDI de 10h \u00e0 12h et de 14h \u00e0 18h<\/p>\n<p>&nbsp;<\/p>\n<p><b>ANGOULEME <\/b>nous sommes ouverts du<\/p>\n<p>MERCREDI au VENDREDI de 10h00 \u00e0 12h et de 14h \u00e0 18h<\/p>\n<p>SAMEDI de 10h \u00e0 12h et de 14h \u00e0 17h<\/p>\n<p>&nbsp;<\/p>\n<p><b>LA SOUTERRAINE\u00a0<\/b>nous sommes ouverts du<\/p>\n<p>LUNDI au VENDREDI de 9h30 \u00e0 12h et de 14h \u00e0 18h<\/p>\n<p>SAMEDI de 10h \u00e0 12h et de 14h \u00e0 17h[\/vc_column_text][\/vc_column][\/vc_row][vc_row][vc_column][vc_column_text]ATTENTION : toutes les remorques ayant un PTAC au dessus de 500 Kg n\u00e9cessitent une CARTE GRISE.<\/p>\n<p>Remorqu&amp;CO se propose de r\u00e9aliser pour vous votre Carte Grise.<\/p>\n<p>Vous devez vous munir d&rsquo;une carte d&rsquo;identit\u00e9 et d&rsquo;une attestation de domicile (facture EDF, Telecom, Taxes, &#8230;) de moins de trois mois, le tout au nom, du ou des titulaires, de la future carte grise.<\/p>\n<p>La carte grise est r\u00e9alis\u00e9e imm\u00e9diatement dans nos bureaux, vous pouvez aussi obtenir dans nos ateliers les plaques d&rsquo;immatriculations.[\/vc_column_text][\/vc_column][\/vc_row]<\/p>\n","protected":false},"excerpt":{"rendered":"<p>Remorque professionnelle pour le transport de v\u00e9hicules automobiles<\/p>\n<ul>\n<li>Dimensions Utiles: 4000 mm x 1900 mm<\/li>\n<li>PLATEAU de chargement en t\u00f4le acier perfor\u00e9e antiglisse trous ovales<\/li>\n<li>DOUBLE Essieux AL-KO suspension ind\u00e9pendante sur barre de torsion<\/li>\n<li>Roues 165 R 13 C<\/li>\n<li>PTAC\u00a0 r\u00e9glable 1500 \u00e0 2700 kg<\/li>\n<li>Timon V<\/li>\n<li>Frein \u00e0 inertie AL-KO ou KNOTT<\/li>\n<li>Ch\u00e2ssis : cadre fabriqu\u00e9 en t\u00f4le parachev\u00e9e \u00e0 froid acier galvanis\u00e9<\/li>\n<li>Cales de roues inclus<\/li>\n<li>Basculante sur v\u00e9rin \u00e0 \u00e0 gaz<\/li>\n<li>Garde boue escamotable<\/li>\n<\/ul>\n<p><strong>Poids \u00e0 vide : 580 kg<\/strong><\/p>\n","protected":false},"featured_media":2612,"template":"","meta":[],"yoast_head":"<!-- This site is optimized with the Yoast SEO plugin v16.4 - https:\/\/yoast.com\/wordpress\/plugins\/seo\/ -->\n<title>FRANC porte voiture 39760 PTAC 1500 \u00e0 2700 kg basculant 4,0m x 1,9m - REMORQU&amp;CO<\/title>\n<meta name=\"robots\" content=\"index, follow, max-snippet:-1, max-image-preview:large, max-video-preview:-1\" \/>\n<link rel=\"canonical\" href=\"https:\/\/remorqueco.fr\/index.php\/produit\/lider-porte-voiture-39760-ptac-2000-2500-kg-basculant-40m-x-19m\/\" \/>\n<meta property=\"og:locale\" content=\"fr_FR\" \/>\n<meta property=\"og:type\" content=\"article\" \/>\n<meta property=\"og:title\" content=\"FRANC porte voiture 39760 PTAC 1500 \u00e0 2700 kg basculant 4,0m x 1,9m - REMORQU&amp;CO\" \/>\n<meta property=\"og:description\" content=\"Remorque professionnelle pour le transport de v\u00e9hicules automobiles   Dimensions Utiles: 4000 mm x 1900 mm  PLATEAU de chargement en t\u00f4le acier perfor\u00e9e antiglisse trous ovales  DOUBLE Essieux AL-KO suspension ind\u00e9pendante sur barre de torsion  Roues 165 R 13 C  PTAC\u00a0 r\u00e9glable 1500 \u00e0 2700 kg  Timon V  Frein \u00e0 inertie AL-KO ou KNOTT  Ch\u00e2ssis : cadre fabriqu\u00e9 en t\u00f4le parachev\u00e9e \u00e0 froid acier galvanis\u00e9  Cales de roues inclus  Basculante sur v\u00e9rin \u00e0 \u00e0 gaz  Garde boue escamotable  Poids \u00e0 vide : 580 kg\" \/>\n<meta property=\"og:url\" content=\"https:\/\/remorqueco.fr\/index.php\/produit\/lider-porte-voiture-39760-ptac-2000-2500-kg-basculant-40m-x-19m\/\" \/>\n<meta property=\"og:site_name\" content=\"REMORQU&amp;CO\" \/>\n<meta property=\"article:modified_time\" content=\"2026-04-07T15:07:24+00:00\" \/>\n<meta property=\"og:image\" content=\"https:\/\/remorqueco.fr\/new\/wp-content\/uploads\/2025\/01\/20200528_170241.jpg\" \/>\n\t<meta property=\"og:image:width\" content=\"807\" \/>\n\t<meta property=\"og:image:height\" content=\"807\" \/>\n<meta name=\"twitter:card\" content=\"summary_large_image\" \/>\n<meta name=\"twitter:label1\" content=\"Dur\u00e9e de lecture est.\" \/>\n\t<meta name=\"twitter:data1\" content=\"1 minute\" \/>\n<script type=\"application\/ld+json\" class=\"yoast-schema-graph\">{\"@context\":\"https:\/\/schema.org\",\"@graph\":[{\"@type\":\"WebSite\",\"@id\":\"https:\/\/remorqueco.fr\/#website\",\"url\":\"https:\/\/remorqueco.fr\/\",\"name\":\"REMORQU&amp;CO\",\"description\":\"Vente de remorques \\u00e0 Limoges\",\"potentialAction\":[{\"@type\":\"SearchAction\",\"target\":\"https:\/\/remorqueco.fr\/?s={search_term_string}\",\"query-input\":\"required name=search_term_string\"}],\"inLanguage\":\"fr-FR\"},{\"@type\":\"ImageObject\",\"@id\":\"https:\/\/remorqueco.fr\/index.php\/produit\/lider-porte-voiture-39760-ptac-2000-2500-kg-basculant-40m-x-19m\/#primaryimage\",\"inLanguage\":\"fr-FR\",\"url\":\"https:\/\/remorqueco.fr\/new\/wp-content\/uploads\/2025\/01\/20200528_170241.jpg\",\"contentUrl\":\"https:\/\/remorqueco.fr\/new\/wp-content\/uploads\/2025\/01\/20200528_170241.jpg\",\"width\":807,\"height\":807},{\"@type\":\"WebPage\",\"@id\":\"https:\/\/remorqueco.fr\/index.php\/produit\/lider-porte-voiture-39760-ptac-2000-2500-kg-basculant-40m-x-19m\/#webpage\",\"url\":\"https:\/\/remorqueco.fr\/index.php\/produit\/lider-porte-voiture-39760-ptac-2000-2500-kg-basculant-40m-x-19m\/\",\"name\":\"FRANC porte voiture 39760 PTAC 1500 \\u00e0 2700 kg basculant 4,0m x 1,9m - REMORQU&amp;CO\",\"isPartOf\":{\"@id\":\"https:\/\/remorqueco.fr\/#website\"},\"primaryImageOfPage\":{\"@id\":\"https:\/\/remorqueco.fr\/index.php\/produit\/lider-porte-voiture-39760-ptac-2000-2500-kg-basculant-40m-x-19m\/#primaryimage\"},\"datePublished\":\"2025-01-31T08:04:59+00:00\",\"dateModified\":\"2026-04-07T15:07:24+00:00\",\"breadcrumb\":{\"@id\":\"https:\/\/remorqueco.fr\/index.php\/produit\/lider-porte-voiture-39760-ptac-2000-2500-kg-basculant-40m-x-19m\/#breadcrumb\"},\"inLanguage\":\"fr-FR\",\"potentialAction\":[{\"@type\":\"ReadAction\",\"target\":[\"https:\/\/remorqueco.fr\/index.php\/produit\/lider-porte-voiture-39760-ptac-2000-2500-kg-basculant-40m-x-19m\/\"]}]},{\"@type\":\"BreadcrumbList\",\"@id\":\"https:\/\/remorqueco.fr\/index.php\/produit\/lider-porte-voiture-39760-ptac-2000-2500-kg-basculant-40m-x-19m\/#breadcrumb\",\"itemListElement\":[{\"@type\":\"ListItem\",\"position\":1,\"item\":{\"@type\":\"WebPage\",\"@id\":\"https:\/\/remorqueco.fr\/\",\"url\":\"https:\/\/remorqueco.fr\/\",\"name\":\"Accueil\"}},{\"@type\":\"ListItem\",\"position\":2,\"item\":{\"@type\":\"WebPage\",\"@id\":\"https:\/\/remorqueco.fr\/index.php\/shop\/\",\"url\":\"https:\/\/remorqueco.fr\/index.php\/shop\/\",\"name\":\"Produits\"}},{\"@type\":\"ListItem\",\"position\":3,\"item\":{\"@id\":\"https:\/\/remorqueco.fr\/index.php\/produit\/lider-porte-voiture-39760-ptac-2000-2500-kg-basculant-40m-x-19m\/#webpage\"}}]}]}<\/script>\n<!-- \/ Yoast SEO plugin. -->","_links":{"self":[{"href":"https:\/\/remorqueco.fr\/index.php\/wp-json\/wp\/v2\/product\/2448"}],"collection":[{"href":"https:\/\/remorqueco.fr\/index.php\/wp-json\/wp\/v2\/product"}],"about":[{"href":"https:\/\/remorqueco.fr\/index.php\/wp-json\/wp\/v2\/types\/product"}],"wp:featuredmedia":[{"embeddable":true,"href":"https:\/\/remorqueco.fr\/index.php\/wp-json\/wp\/v2\/media\/2612"}],"wp:attachment":[{"href":"https:\/\/remorqueco.fr\/index.php\/wp-json\/wp\/v2\/media?parent=2448"}],"curies":[{"name":"wp","href":"https:\/\/api.w.org\/{rel}","templated":true}]}}