{"id":2431,"date":"2025-01-31T08:39:29","date_gmt":"2025-01-31T07:39:29","guid":{"rendered":"https:\/\/remorqueco.fr\/?post_type=product&#038;p=2431"},"modified":"2026-01-10T12:45:54","modified_gmt":"2026-01-10T11:45:54","slug":"moto-2-places-abaissable-et-pliable-ptac-500-a-750-kg-mt-2","status":"publish","type":"product","link":"https:\/\/remorqueco.fr\/index.php\/produit\/moto-2-places-abaissable-et-pliable-ptac-500-a-750-kg-mt-2\/","title":{"rendered":"3.PORTE MOTO 2 motos ABAISSABLE et PLIABLE PTAC 500 \u00e0 750 kg MT 2 LORRIES"},"content":{"rendered":"<p>[vc_row full_width=\u00a0\u00bbstretch_row\u00a0\u00bb][vc_column width=\u00a0\u00bb2\/3&Prime;][vc_custom_heading text=\u00a0\u00bbTARIF : 2 990 \u20ac TTC\u00a0\u00bb font_container=\u00a0\u00bbtag:h1|font_size:46|text_align:left|color:%23ffffff|line_height:1&Prime; google_fonts=\u00a0\u00bbfont_family:Montserrat%3Aregular%2C700|font_style:400%20regular%3A400%3Anormal\u00a0\u00bb][vc_column_text]En option :<\/p>\n<ul>\n<li>LIVRAISON POSSIBLE SUR TOUTE LA FRANCE : 550 \u20ac TTC<\/li>\n<li>roue de secours Acier + support : 135 \u20ac TTC<\/li>\n<li>porte v\u00e9lo : 125 \u20ac TTC<\/li>\n<li>support moto cross<\/li>\n<li>Version avec 2 jantes ALUM : 330 \u20ac TTC<\/li>\n<\/ul>\n<p>[\/vc_column_text][vc_column_text]<\/p>\n<h4><strong>Nous vous conseillons de venir avec votre moto pour vous faire les d\u00e9monstrations sinon nous avons aussi des motos sympa &#8230;<\/strong><\/h4>\n<p>[\/vc_column_text][vc_btn title=\u00a0\u00bbJoindre votre conseill\u00e9 au 06.64.78.89.91&Prime; style=\u00a0\u00bboutline\u00a0\u00bb shape=\u00a0\u00bbround\u00a0\u00bb color=\u00a0\u00bbjuicy-pink\u00a0\u00bb size=\u00a0\u00bblg\u00a0\u00bb i_icon_fontawesome=\u00a0\u00bbfas fa-phone-alt\u00a0\u00bb add_icon=\u00a0\u00bbtrue\u00a0\u00bb link=\u00a0\u00bb|||\u00a0\u00bb][\/vc_column][vc_column width=\u00a0\u00bb1\/3&Prime;][vc_column_text]<strong>LIMOGES<\/strong> nous sommes ouverts du<\/p>\n<p>LUNDI au VENDREDI de 9h30 \u00e0 12h et de 14h \u00e0 18h30<\/p>\n<p>SAMEDI de 10h \u00e0 12h et de 14h \u00e0 18h<\/p>\n<p>&nbsp;<\/p>\n<p><b>ANGOULEME <\/b>nous sommes ouverts du<\/p>\n<p>MERCREDI au VENDREDI de 10h00 \u00e0 12h et de 14h \u00e0 18h<\/p>\n<p>SAMEDI de 10h \u00e0 12h et de 14h \u00e0 17h<\/p>\n<p>&nbsp;<\/p>\n<p><b>LA SOUTERRAINE <\/b>nous sommes ouverts du<\/p>\n<p>LUNDI au VENDREDI de 9h30 \u00e0 12h et de 14h \u00e0 18h<\/p>\n<p>SAMEDI de 10h \u00e0 12h et de 14h \u00e0 17h[\/vc_column_text][\/vc_column][\/vc_row][vc_row][vc_column][\/vc_column][\/vc_row]<\/p>\n","protected":false},"excerpt":{"rendered":"<p>Remorque porte MOTO 2 places PTAC 500 \u00e0 750 kg sans frein<\/p>\n<p>Rangement RELEVABLE et PLIABLE<\/p>\n<ul>\n<li>Dimensions hors tout : 3,490 x 2,396 m<\/li>\n<li>Pvide : 249 kg\u00a0 \u00a0P UTILE 500 Kg<\/li>\n<li>plateau abaissable tr\u00e8s faible pente avec treuil \u00e0 c\u00e2ble<\/li>\n<li>Roues 155R13<\/li>\n<li>Full led<\/li>\n<li>Ch\u00e2ssis : cadre acier soud\u00e9 peinture \u00e0 chaud<\/li>\n<li>Bloc roue automatique<\/li>\n<li>Hauteur pli\u00e9 : 2, 574 m<\/li>\n<\/ul>\n","protected":false},"featured_media":2925,"template":"","meta":[],"yoast_head":"<!-- This site is optimized with the Yoast SEO plugin v16.4 - https:\/\/yoast.com\/wordpress\/plugins\/seo\/ -->\n<title>3.PORTE MOTO 2 motos ABAISSABLE et PLIABLE PTAC 500 \u00e0 750 kg MT 2 LORRIES - REMORQU&amp;CO<\/title>\n<meta name=\"robots\" content=\"index, follow, max-snippet:-1, max-image-preview:large, max-video-preview:-1\" \/>\n<link rel=\"canonical\" href=\"https:\/\/remorqueco.fr\/index.php\/produit\/moto-2-places-abaissable-et-pliable-ptac-500-a-750-kg-mt-2\/\" \/>\n<meta property=\"og:locale\" content=\"fr_FR\" \/>\n<meta property=\"og:type\" content=\"article\" \/>\n<meta property=\"og:title\" content=\"3.PORTE MOTO 2 motos ABAISSABLE et PLIABLE PTAC 500 \u00e0 750 kg MT 2 LORRIES - REMORQU&amp;CO\" \/>\n<meta property=\"og:description\" content=\"Remorque porte MOTO 2 places PTAC 500 \u00e0 750 kg sans frein  Rangement RELEVABLE et PLIABLE   Dimensions hors tout : 3,490 x 2,396 m  Pvide : 249 kg\u00a0 \u00a0P UTILE 500 Kg  plateau abaissable tr\u00e8s faible pente avec treuil \u00e0 c\u00e2ble  Roues 155R13  Full led  Ch\u00e2ssis : cadre acier soud\u00e9 peinture \u00e0 chaud  Bloc roue automatique  Hauteur pli\u00e9 : 2, 574 m\" \/>\n<meta property=\"og:url\" content=\"https:\/\/remorqueco.fr\/index.php\/produit\/moto-2-places-abaissable-et-pliable-ptac-500-a-750-kg-mt-2\/\" \/>\n<meta property=\"og:site_name\" content=\"REMORQU&amp;CO\" \/>\n<meta property=\"article:modified_time\" content=\"2026-01-10T11:45:54+00:00\" \/>\n<meta property=\"og:image\" content=\"https:\/\/remorqueco.fr\/new\/wp-content\/uploads\/2025\/01\/20250308_102733.jpg\" \/>\n\t<meta property=\"og:image:width\" content=\"1346\" \/>\n\t<meta property=\"og:image:height\" content=\"1009\" \/>\n<meta name=\"twitter:card\" content=\"summary_large_image\" \/>\n<meta name=\"twitter:label1\" content=\"Dur\u00e9e de lecture est.\" \/>\n\t<meta name=\"twitter:data1\" content=\"1 minute\" \/>\n<script type=\"application\/ld+json\" class=\"yoast-schema-graph\">{\"@context\":\"https:\/\/schema.org\",\"@graph\":[{\"@type\":\"WebSite\",\"@id\":\"https:\/\/remorqueco.fr\/#website\",\"url\":\"https:\/\/remorqueco.fr\/\",\"name\":\"REMORQU&amp;CO\",\"description\":\"Vente de remorques \\u00e0 Limoges\",\"potentialAction\":[{\"@type\":\"SearchAction\",\"target\":\"https:\/\/remorqueco.fr\/?s={search_term_string}\",\"query-input\":\"required name=search_term_string\"}],\"inLanguage\":\"fr-FR\"},{\"@type\":\"ImageObject\",\"@id\":\"https:\/\/remorqueco.fr\/index.php\/produit\/moto-2-places-abaissable-et-pliable-ptac-500-a-750-kg-mt-2\/#primaryimage\",\"inLanguage\":\"fr-FR\",\"url\":\"https:\/\/remorqueco.fr\/new\/wp-content\/uploads\/2025\/01\/20250308_102733.jpg\",\"contentUrl\":\"https:\/\/remorqueco.fr\/new\/wp-content\/uploads\/2025\/01\/20250308_102733.jpg\",\"width\":1346,\"height\":1009},{\"@type\":\"WebPage\",\"@id\":\"https:\/\/remorqueco.fr\/index.php\/produit\/moto-2-places-abaissable-et-pliable-ptac-500-a-750-kg-mt-2\/#webpage\",\"url\":\"https:\/\/remorqueco.fr\/index.php\/produit\/moto-2-places-abaissable-et-pliable-ptac-500-a-750-kg-mt-2\/\",\"name\":\"3.PORTE MOTO 2 motos ABAISSABLE et PLIABLE PTAC 500 \\u00e0 750 kg MT 2 LORRIES - REMORQU&amp;CO\",\"isPartOf\":{\"@id\":\"https:\/\/remorqueco.fr\/#website\"},\"primaryImageOfPage\":{\"@id\":\"https:\/\/remorqueco.fr\/index.php\/produit\/moto-2-places-abaissable-et-pliable-ptac-500-a-750-kg-mt-2\/#primaryimage\"},\"datePublished\":\"2025-01-31T07:39:29+00:00\",\"dateModified\":\"2026-01-10T11:45:54+00:00\",\"breadcrumb\":{\"@id\":\"https:\/\/remorqueco.fr\/index.php\/produit\/moto-2-places-abaissable-et-pliable-ptac-500-a-750-kg-mt-2\/#breadcrumb\"},\"inLanguage\":\"fr-FR\",\"potentialAction\":[{\"@type\":\"ReadAction\",\"target\":[\"https:\/\/remorqueco.fr\/index.php\/produit\/moto-2-places-abaissable-et-pliable-ptac-500-a-750-kg-mt-2\/\"]}]},{\"@type\":\"BreadcrumbList\",\"@id\":\"https:\/\/remorqueco.fr\/index.php\/produit\/moto-2-places-abaissable-et-pliable-ptac-500-a-750-kg-mt-2\/#breadcrumb\",\"itemListElement\":[{\"@type\":\"ListItem\",\"position\":1,\"item\":{\"@type\":\"WebPage\",\"@id\":\"https:\/\/remorqueco.fr\/\",\"url\":\"https:\/\/remorqueco.fr\/\",\"name\":\"Accueil\"}},{\"@type\":\"ListItem\",\"position\":2,\"item\":{\"@type\":\"WebPage\",\"@id\":\"https:\/\/remorqueco.fr\/index.php\/shop\/\",\"url\":\"https:\/\/remorqueco.fr\/index.php\/shop\/\",\"name\":\"Produits\"}},{\"@type\":\"ListItem\",\"position\":3,\"item\":{\"@id\":\"https:\/\/remorqueco.fr\/index.php\/produit\/moto-2-places-abaissable-et-pliable-ptac-500-a-750-kg-mt-2\/#webpage\"}}]}]}<\/script>\n<!-- \/ Yoast SEO plugin. -->","_links":{"self":[{"href":"https:\/\/remorqueco.fr\/index.php\/wp-json\/wp\/v2\/product\/2431"}],"collection":[{"href":"https:\/\/remorqueco.fr\/index.php\/wp-json\/wp\/v2\/product"}],"about":[{"href":"https:\/\/remorqueco.fr\/index.php\/wp-json\/wp\/v2\/types\/product"}],"wp:featuredmedia":[{"embeddable":true,"href":"https:\/\/remorqueco.fr\/index.php\/wp-json\/wp\/v2\/media\/2925"}],"wp:attachment":[{"href":"https:\/\/remorqueco.fr\/index.php\/wp-json\/wp\/v2\/media?parent=2431"}],"curies":[{"name":"wp","href":"https:\/\/api.w.org\/{rel}","templated":true}]}}