{"id":2401,"date":"2025-01-30T21:47:38","date_gmt":"2025-01-30T20:47:38","guid":{"rendered":"https:\/\/remorqueco.fr\/?post_type=product&#038;p=2401"},"modified":"2026-02-17T21:23:48","modified_gmt":"2026-02-17T20:23:48","slug":"roadster-400-alum-porte-3150-m-x-164-m-x-210-m-ptac-750-a-1300-kg","status":"publish","type":"product","link":"https:\/\/remorqueco.fr\/index.php\/produit\/roadster-400-alum-porte-3150-m-x-164-m-x-210-m-ptac-750-a-1300-kg\/","title":{"rendered":"ROADSTER 400 ALUM + PORTE  3,150 m x 1,64 m x 2,10 m PTAC 750 \u00e0 1300 kg"},"content":{"rendered":"<p>[vc_row full_width=\u00a0\u00bbstretch_row\u00a0\u00bb][vc_column width=\u00a0\u00bb2\/3&Prime;][vc_custom_heading text=\u00a0\u00bbTARIF public : 6 890 \u20ac TTC tarif personnalis\u00e9 sur demande\u00a0\u00bb font_container=\u00a0\u00bbtag:h1|font_size:46|text_align:left|color:%23ffffff|line_height:1&Prime; google_fonts=\u00a0\u00bbfont_family:Montserrat%3Aregular%2C700|font_style:400%20regular%3A400%3Anormal\u00a0\u00bb][vc_column_text css_animation=\u00a0\u00bbslideInLeft\u00a0\u00bb]Ch\u00e2ssis\u00a0renforc\u00e9 Timon en V<\/p>\n<p><strong>SUSPENSION PULLMAN II\u00a0 pour une tenue de route exceptionnelle<\/strong><\/p>\n<p>D\u00e9flecteur et toit en Polyester<\/p>\n<p>Panneaux lat\u00e9raux sandwich contreplaqu\u00e9<\/p>\n<p>Structure d&rsquo;encadrement du ch\u00e2ssis en Aluminium<\/p>\n<p>Ailes ABS antichoc<\/p>\n<p>Roue jockey automatique<\/p>\n<p>PONT \/ PORTE \u00e0 la FRANCAISE tout en un en Aluminium verrouillable<\/p>\n<p>Feux encastr\u00e9s prot\u00e9g\u00e9s<\/p>\n<p>2 B\u00e9quilles stabilisatrices<\/p>\n<p>4 Anneaux d&rsquo;arrimage int\u00e9rieurs<\/p>\n<p>Eclairage int\u00e9rieur<\/p>\n<p>Cales de parking<\/p>\n<p>Poign\u00e9e de man\u0153uvre<\/p>\n<p>[\/vc_column_text][vc_btn title=\u00a0\u00bbJoindre votre conseill\u00e9 au 06.64.78.89.91&Prime; style=\u00a0\u00bboutline\u00a0\u00bb shape=\u00a0\u00bbround\u00a0\u00bb color=\u00a0\u00bbjuicy-pink\u00a0\u00bb size=\u00a0\u00bblg\u00a0\u00bb i_icon_fontawesome=\u00a0\u00bbfas fa-phone-alt\u00a0\u00bb add_icon=\u00a0\u00bbtrue\u00a0\u00bb link=\u00a0\u00bb|||\u00a0\u00bb][\/vc_column][vc_column width=\u00a0\u00bb1\/3&Prime;][vc_column_text]<strong>LIMOGES<\/strong> nous sommes ouverts du<\/p>\n<p>LUNDI au VENDREDI de 9h30 \u00e0 12h et de 14h \u00e0 18h30<\/p>\n<p>SAMEDI de 10h \u00e0 12h et de 14h \u00e0 18h<\/p>\n<p>&nbsp;<\/p>\n<p><b>LA SOUTERRAINE <\/b>nous sommes ouverts du<\/p>\n<p>LUNDI au VENDREDI de 9h30 \u00e0 12h et de 14h \u00e0 18h<\/p>\n<p>SAMEDI de 10h \u00e0 12h et de 14h \u00e0 17h<\/p>\n<p>&nbsp;<\/p>\n<p><b>ANGOULEME <\/b>nous sommes ouverts du<\/p>\n<p>MERCREDI au VENDREDI de 10h00 \u00e0 12h et de 14h \u00e0 18h<\/p>\n<p>SAMEDI de 10h \u00e0 12h et de 14h \u00e0 17h<\/p>\n<p>[\/vc_column_text][\/vc_column][\/vc_row]<\/p>\n","protected":false},"excerpt":{"rendered":"<p>Remorqu&amp;CO est distributeur des produits\u00a0 <strong>DEBON<\/strong><\/p>\n<p>Cette Gamme est tr\u00e8s connue du march\u00e9 des remorques FOURGON.<\/p>\n<p><strong>ROADSTER 400 ALUM avec PORTE LATERALE<\/strong><\/p>\n<p>Dimensions int\u00e9rieures : 3,150 m x 1,640\u00a0 hauteur int\u00e9rieure : 2,10 m<\/p>\n<p>PTAC de 750 \u00e0 1300 kg<\/p>\n<p>Poids \u00e0 vide 490 kg<\/p>\n<p>Simple Essieux<\/p>\n<p>Coloris disponibles blanc, noir ou gris<\/p>\n<p>OPTION accessoire de fixation pour Moto, Quads ou autres &#8230;<\/p>\n","protected":false},"featured_media":1378,"template":"","meta":[],"yoast_head":"<!-- This site is optimized with the Yoast SEO plugin v16.4 - https:\/\/yoast.com\/wordpress\/plugins\/seo\/ -->\n<title>ROADSTER 400 ALUM + PORTE 3,150 m x 1,64 m x 2,10 m PTAC 750 \u00e0 1300 kg - REMORQU&amp;CO<\/title>\n<meta name=\"robots\" content=\"index, follow, max-snippet:-1, max-image-preview:large, max-video-preview:-1\" \/>\n<link rel=\"canonical\" href=\"https:\/\/remorqueco.fr\/index.php\/produit\/roadster-400-alum-porte-3150-m-x-164-m-x-210-m-ptac-750-a-1300-kg\/\" \/>\n<meta property=\"og:locale\" content=\"fr_FR\" \/>\n<meta property=\"og:type\" content=\"article\" \/>\n<meta property=\"og:title\" content=\"ROADSTER 400 ALUM + PORTE 3,150 m x 1,64 m x 2,10 m PTAC 750 \u00e0 1300 kg - REMORQU&amp;CO\" \/>\n<meta property=\"og:description\" content=\"Remorqu&amp;CO est distributeur des produits\u00a0 DEBON  Cette Gamme est tr\u00e8s connue du march\u00e9 des remorques FOURGON.  ROADSTER 400 ALUM avec PORTE LATERALE  Dimensions int\u00e9rieures : 3,150 m x 1,640\u00a0 hauteur int\u00e9rieure : 2,10 m  PTAC de 750 \u00e0 1300 kg  Poids \u00e0 vide 490 kg  Simple Essieux  Coloris disponibles blanc, noir ou gris  OPTION accessoire de fixation pour Moto, Quads ou autres ...\" \/>\n<meta property=\"og:url\" content=\"https:\/\/remorqueco.fr\/index.php\/produit\/roadster-400-alum-porte-3150-m-x-164-m-x-210-m-ptac-750-a-1300-kg\/\" \/>\n<meta property=\"og:site_name\" content=\"REMORQU&amp;CO\" \/>\n<meta property=\"article:modified_time\" content=\"2026-02-17T20:23:48+00:00\" \/>\n<meta property=\"og:image\" content=\"https:\/\/remorqueco.fr\/new\/wp-content\/uploads\/2020\/11\/267A8132.jpg\" \/>\n\t<meta property=\"og:image:width\" content=\"633\" \/>\n\t<meta property=\"og:image:height\" content=\"422\" \/>\n<meta name=\"twitter:card\" content=\"summary_large_image\" \/>\n<meta name=\"twitter:label1\" content=\"Dur\u00e9e de lecture est.\" \/>\n\t<meta name=\"twitter:data1\" content=\"1 minute\" \/>\n<script type=\"application\/ld+json\" class=\"yoast-schema-graph\">{\"@context\":\"https:\/\/schema.org\",\"@graph\":[{\"@type\":\"WebSite\",\"@id\":\"https:\/\/remorqueco.fr\/#website\",\"url\":\"https:\/\/remorqueco.fr\/\",\"name\":\"REMORQU&amp;CO\",\"description\":\"Vente de remorques \\u00e0 Limoges\",\"potentialAction\":[{\"@type\":\"SearchAction\",\"target\":\"https:\/\/remorqueco.fr\/?s={search_term_string}\",\"query-input\":\"required name=search_term_string\"}],\"inLanguage\":\"fr-FR\"},{\"@type\":\"ImageObject\",\"@id\":\"https:\/\/remorqueco.fr\/index.php\/produit\/roadster-400-alum-porte-3150-m-x-164-m-x-210-m-ptac-750-a-1300-kg\/#primaryimage\",\"inLanguage\":\"fr-FR\",\"url\":\"https:\/\/remorqueco.fr\/new\/wp-content\/uploads\/2020\/11\/267A8132.jpg\",\"contentUrl\":\"https:\/\/remorqueco.fr\/new\/wp-content\/uploads\/2020\/11\/267A8132.jpg\",\"width\":633,\"height\":422},{\"@type\":\"WebPage\",\"@id\":\"https:\/\/remorqueco.fr\/index.php\/produit\/roadster-400-alum-porte-3150-m-x-164-m-x-210-m-ptac-750-a-1300-kg\/#webpage\",\"url\":\"https:\/\/remorqueco.fr\/index.php\/produit\/roadster-400-alum-porte-3150-m-x-164-m-x-210-m-ptac-750-a-1300-kg\/\",\"name\":\"ROADSTER 400 ALUM + PORTE 3,150 m x 1,64 m x 2,10 m PTAC 750 \\u00e0 1300 kg - REMORQU&amp;CO\",\"isPartOf\":{\"@id\":\"https:\/\/remorqueco.fr\/#website\"},\"primaryImageOfPage\":{\"@id\":\"https:\/\/remorqueco.fr\/index.php\/produit\/roadster-400-alum-porte-3150-m-x-164-m-x-210-m-ptac-750-a-1300-kg\/#primaryimage\"},\"datePublished\":\"2025-01-30T20:47:38+00:00\",\"dateModified\":\"2026-02-17T20:23:48+00:00\",\"breadcrumb\":{\"@id\":\"https:\/\/remorqueco.fr\/index.php\/produit\/roadster-400-alum-porte-3150-m-x-164-m-x-210-m-ptac-750-a-1300-kg\/#breadcrumb\"},\"inLanguage\":\"fr-FR\",\"potentialAction\":[{\"@type\":\"ReadAction\",\"target\":[\"https:\/\/remorqueco.fr\/index.php\/produit\/roadster-400-alum-porte-3150-m-x-164-m-x-210-m-ptac-750-a-1300-kg\/\"]}]},{\"@type\":\"BreadcrumbList\",\"@id\":\"https:\/\/remorqueco.fr\/index.php\/produit\/roadster-400-alum-porte-3150-m-x-164-m-x-210-m-ptac-750-a-1300-kg\/#breadcrumb\",\"itemListElement\":[{\"@type\":\"ListItem\",\"position\":1,\"item\":{\"@type\":\"WebPage\",\"@id\":\"https:\/\/remorqueco.fr\/\",\"url\":\"https:\/\/remorqueco.fr\/\",\"name\":\"Accueil\"}},{\"@type\":\"ListItem\",\"position\":2,\"item\":{\"@type\":\"WebPage\",\"@id\":\"https:\/\/remorqueco.fr\/index.php\/shop\/\",\"url\":\"https:\/\/remorqueco.fr\/index.php\/shop\/\",\"name\":\"Produits\"}},{\"@type\":\"ListItem\",\"position\":3,\"item\":{\"@id\":\"https:\/\/remorqueco.fr\/index.php\/produit\/roadster-400-alum-porte-3150-m-x-164-m-x-210-m-ptac-750-a-1300-kg\/#webpage\"}}]}]}<\/script>\n<!-- \/ Yoast SEO plugin. -->","_links":{"self":[{"href":"https:\/\/remorqueco.fr\/index.php\/wp-json\/wp\/v2\/product\/2401"}],"collection":[{"href":"https:\/\/remorqueco.fr\/index.php\/wp-json\/wp\/v2\/product"}],"about":[{"href":"https:\/\/remorqueco.fr\/index.php\/wp-json\/wp\/v2\/types\/product"}],"wp:featuredmedia":[{"embeddable":true,"href":"https:\/\/remorqueco.fr\/index.php\/wp-json\/wp\/v2\/media\/1378"}],"wp:attachment":[{"href":"https:\/\/remorqueco.fr\/index.php\/wp-json\/wp\/v2\/media?parent=2401"}],"curies":[{"name":"wp","href":"https:\/\/api.w.org\/{rel}","templated":true}]}}