{"id":2295,"date":"2024-04-18T10:59:06","date_gmt":"2024-04-18T08:59:06","guid":{"rendered":"https:\/\/remorqueco.fr\/?post_type=product&#038;p=2295"},"modified":"2026-02-07T09:54:23","modified_gmt":"2026-02-07T08:54:23","slug":"teardrop-mini-caravane-position-debout","status":"publish","type":"product","link":"https:\/\/remorqueco.fr\/index.php\/produit\/teardrop-mini-caravane-position-debout\/","title":{"rendered":"BETAILLERE 2,58m x1,4m x hauteur 1,48m  PTAC 1300 kg VT1326H"},"content":{"rendered":"<p>[vc_row full_width=\u00a0\u00bbstretch_row\u00a0\u00bb][vc_column width=\u00a0\u00bb2\/3&Prime;][vc_custom_heading text=\u00a0\u00bbTARIF : 5 680 \u20ac TTC\u00a0\u00bb font_container=\u00a0\u00bbtag:h1|font_size:46|text_align:left|color:%23ffffff|line_height:1&Prime; google_fonts=\u00a0\u00bbfont_family:Montserrat%3Aregular%2C700|font_style:400%20regular%3A400%3Anormal\u00a0\u00bb][vc_btn title=\u00a0\u00bbJoindre votre conseill\u00e9 au 06.64.78.89.91&Prime; style=\u00a0\u00bboutline\u00a0\u00bb shape=\u00a0\u00bbround\u00a0\u00bb color=\u00a0\u00bbjuicy-pink\u00a0\u00bb size=\u00a0\u00bblg\u00a0\u00bb i_icon_fontawesome=\u00a0\u00bbfas fa-phone-alt\u00a0\u00bb add_icon=\u00a0\u00bbtrue\u00a0\u00bb link=\u00a0\u00bb|||\u00a0\u00bb][\/vc_column][vc_column width=\u00a0\u00bb1\/3&Prime;][vc_column_text]Options :<\/p>\n<p>S\u00e9parateur : 350 \u20ac TTC<\/p>\n<p>Eclairage LED : 255 \u20ac TTC[\/vc_column_text][vc_column_text]<strong>LIMOGES<\/strong> nous sommes ouverts du<\/p>\n<p>LUNDI au VENDREDI de 9h30 \u00e0 12h et de 14h \u00e0 18h30<\/p>\n<p>SAMEDI de 10h \u00e0 12h et de 14h \u00e0 18h<\/p>\n<p>&nbsp;<\/p>\n<p><b>ANGOULEME <\/b>nous sommes ouverts du<\/p>\n<p>MERCREDI au VENDREDI de 10h00 \u00e0 12h et de 14h \u00e0 18h<\/p>\n<p>SAMEDI de 10h \u00e0 12h et de 14h \u00e0 17h<\/p>\n<p>&nbsp;<\/p>\n<p><b>LA SOUTERRAINE <\/b>nous sommes ouverts du<\/p>\n<p>LUNDI au VENDREDI de 9h30 \u00e0 12h et de 14h \u00e0 18h<\/p>\n<p>SAMEDI de 10h \u00e0 12h et de 14h \u00e0 17h<\/p>\n<p>[\/vc_column_text][\/vc_column][\/vc_row]<\/p>\n","protected":false},"excerpt":{"rendered":"<p>Fabriqu\u00e9 en Europe, la construction de cette remorque b\u00e9taill\u00e8re est robuste et rustique.<\/p>\n<table style=\"height: 468px;\" width=\"781\">\n<tbody>\n<tr>\n<td><span dir=\"auto\">Dimensions de la caisse de chargement (cm)<\/span><\/td>\n<td><span dir=\"auto\">258x140x148<\/span><\/td>\n<\/tr>\n<tr>\n<td><span dir=\"auto\">Dimensions globales (cm)<\/span><\/td>\n<td><span dir=\"auto\">416x191x212<\/span><\/td>\n<\/tr>\n<tr>\n<td><span dir=\"auto\">Poids total autoris\u00e9 (kg)<\/span><\/td>\n<td><span dir=\"auto\">1300<\/span><\/td>\n<\/tr>\n<tr>\n<td><span dir=\"auto\">Capacit\u00e9 de charge admissible (kg)<\/span><\/td>\n<td><span dir=\"auto\">750<\/span><\/td>\n<\/tr>\n<tr>\n<td><span dir=\"auto\">Nombre d&rsquo;essieux<\/span><\/td>\n<td><span dir=\"auto\">1 frein\u00e9<\/span><\/td>\n<\/tr>\n<tr>\n<td><span dir=\"auto\">Roues<\/span><\/td>\n<td><span dir=\"auto\">185R14C<\/span><\/td>\n<\/tr>\n<tr>\n<td><span dir=\"auto\">Murs<\/span><\/td>\n<td><span dir=\"auto\">Aluminium<\/span><\/td>\n<\/tr>\n<tr>\n<td><span dir=\"auto\">Sol<\/span><\/td>\n<td width=\"277\"><span dir=\"auto\">Contreplaqu\u00e9 \u00e9tanche de 15 mm recouvert d&rsquo;une feuille d&rsquo;aluminium rainur\u00e9e<\/span><\/td>\n<\/tr>\n<tr>\n<td><span dir=\"auto\">Toit<\/span><\/td>\n<td><span dir=\"auto\">t\u00f4le peinte en blanc<\/span><\/td>\n<\/tr>\n<tr>\n<td><span dir=\"auto\">Cadre<\/span><\/td>\n<td><span dir=\"auto\">Acier galvanis\u00e9 \u00e0 chaud<\/span><\/td>\n<\/tr>\n<tr>\n<td><span dir=\"auto\">porte de service lat\u00e9rale<\/span><\/td>\n<td><span dir=\"auto\">Oui<\/span><\/td>\n<\/tr>\n<tr>\n<td><span dir=\"auto\">Pi\u00e8ge<\/span><\/td>\n<td width=\"277\"><span dir=\"auto\">Avec barres transversales antid\u00e9rapantes suppl\u00e9mentaires<\/span><\/td>\n<\/tr>\n<\/tbody>\n<\/table>\n","protected":false},"featured_media":3068,"template":"","meta":[],"yoast_head":"<!-- This site is optimized with the Yoast SEO plugin v16.4 - https:\/\/yoast.com\/wordpress\/plugins\/seo\/ -->\n<title>BETAILLERE 2,58m x1,4m x hauteur 1,48m PTAC 1300 kg VT1326H - REMORQU&amp;CO<\/title>\n<meta name=\"robots\" content=\"index, follow, max-snippet:-1, max-image-preview:large, max-video-preview:-1\" \/>\n<link rel=\"canonical\" href=\"https:\/\/remorqueco.fr\/index.php\/produit\/teardrop-mini-caravane-position-debout\/\" \/>\n<meta property=\"og:locale\" content=\"fr_FR\" \/>\n<meta property=\"og:type\" content=\"article\" \/>\n<meta property=\"og:title\" content=\"BETAILLERE 2,58m x1,4m x hauteur 1,48m PTAC 1300 kg VT1326H - REMORQU&amp;CO\" \/>\n<meta property=\"og:description\" content=\"Fabriqu\u00e9 en Europe, la construction de cette remorque b\u00e9taill\u00e8re est robuste et rustique.    Dimensions de la caisse de chargement (cm) 258x140x148   Dimensions globales (cm) 416x191x212   Poids total autoris\u00e9 (kg) 1300   Capacit\u00e9 de charge admissible (kg) 750   Nombre d&#039;essieux 1 frein\u00e9   Roues 185R14C   Murs Aluminium   Sol Contreplaqu\u00e9 \u00e9tanche de 15 mm recouvert d&#039;une feuille d&#039;aluminium rainur\u00e9e   Toit t\u00f4le peinte en blanc   Cadre Acier galvanis\u00e9 \u00e0 chaud   porte de service lat\u00e9rale Oui   Pi\u00e8ge Avec barres transversales antid\u00e9rapantes suppl\u00e9mentaires\" \/>\n<meta property=\"og:url\" content=\"https:\/\/remorqueco.fr\/index.php\/produit\/teardrop-mini-caravane-position-debout\/\" \/>\n<meta property=\"og:site_name\" content=\"REMORQU&amp;CO\" \/>\n<meta property=\"article:modified_time\" content=\"2026-02-07T08:54:23+00:00\" \/>\n<meta property=\"og:image\" content=\"https:\/\/remorqueco.fr\/new\/wp-content\/uploads\/2026\/01\/VT1326H-BOK-OTWARTY-1.png\" \/>\n\t<meta property=\"og:image:width\" content=\"960\" \/>\n\t<meta property=\"og:image:height\" content=\"640\" \/>\n<meta name=\"twitter:card\" content=\"summary_large_image\" \/>\n<meta name=\"twitter:label1\" content=\"Dur\u00e9e de lecture est.\" \/>\n\t<meta name=\"twitter:data1\" content=\"1 minute\" \/>\n<script type=\"application\/ld+json\" class=\"yoast-schema-graph\">{\"@context\":\"https:\/\/schema.org\",\"@graph\":[{\"@type\":\"WebSite\",\"@id\":\"https:\/\/remorqueco.fr\/#website\",\"url\":\"https:\/\/remorqueco.fr\/\",\"name\":\"REMORQU&amp;CO\",\"description\":\"Vente de remorques \\u00e0 Limoges\",\"potentialAction\":[{\"@type\":\"SearchAction\",\"target\":\"https:\/\/remorqueco.fr\/?s={search_term_string}\",\"query-input\":\"required name=search_term_string\"}],\"inLanguage\":\"fr-FR\"},{\"@type\":\"ImageObject\",\"@id\":\"https:\/\/remorqueco.fr\/index.php\/produit\/teardrop-mini-caravane-position-debout\/#primaryimage\",\"inLanguage\":\"fr-FR\",\"url\":\"https:\/\/remorqueco.fr\/new\/wp-content\/uploads\/2026\/01\/VT1326H-BOK-OTWARTY-1.png\",\"contentUrl\":\"https:\/\/remorqueco.fr\/new\/wp-content\/uploads\/2026\/01\/VT1326H-BOK-OTWARTY-1.png\",\"width\":960,\"height\":640},{\"@type\":\"WebPage\",\"@id\":\"https:\/\/remorqueco.fr\/index.php\/produit\/teardrop-mini-caravane-position-debout\/#webpage\",\"url\":\"https:\/\/remorqueco.fr\/index.php\/produit\/teardrop-mini-caravane-position-debout\/\",\"name\":\"BETAILLERE 2,58m x1,4m x hauteur 1,48m PTAC 1300 kg VT1326H - REMORQU&amp;CO\",\"isPartOf\":{\"@id\":\"https:\/\/remorqueco.fr\/#website\"},\"primaryImageOfPage\":{\"@id\":\"https:\/\/remorqueco.fr\/index.php\/produit\/teardrop-mini-caravane-position-debout\/#primaryimage\"},\"datePublished\":\"2024-04-18T08:59:06+00:00\",\"dateModified\":\"2026-02-07T08:54:23+00:00\",\"breadcrumb\":{\"@id\":\"https:\/\/remorqueco.fr\/index.php\/produit\/teardrop-mini-caravane-position-debout\/#breadcrumb\"},\"inLanguage\":\"fr-FR\",\"potentialAction\":[{\"@type\":\"ReadAction\",\"target\":[\"https:\/\/remorqueco.fr\/index.php\/produit\/teardrop-mini-caravane-position-debout\/\"]}]},{\"@type\":\"BreadcrumbList\",\"@id\":\"https:\/\/remorqueco.fr\/index.php\/produit\/teardrop-mini-caravane-position-debout\/#breadcrumb\",\"itemListElement\":[{\"@type\":\"ListItem\",\"position\":1,\"item\":{\"@type\":\"WebPage\",\"@id\":\"https:\/\/remorqueco.fr\/\",\"url\":\"https:\/\/remorqueco.fr\/\",\"name\":\"Accueil\"}},{\"@type\":\"ListItem\",\"position\":2,\"item\":{\"@type\":\"WebPage\",\"@id\":\"https:\/\/remorqueco.fr\/index.php\/shop\/\",\"url\":\"https:\/\/remorqueco.fr\/index.php\/shop\/\",\"name\":\"Produits\"}},{\"@type\":\"ListItem\",\"position\":3,\"item\":{\"@id\":\"https:\/\/remorqueco.fr\/index.php\/produit\/teardrop-mini-caravane-position-debout\/#webpage\"}}]}]}<\/script>\n<!-- \/ Yoast SEO plugin. -->","_links":{"self":[{"href":"https:\/\/remorqueco.fr\/index.php\/wp-json\/wp\/v2\/product\/2295"}],"collection":[{"href":"https:\/\/remorqueco.fr\/index.php\/wp-json\/wp\/v2\/product"}],"about":[{"href":"https:\/\/remorqueco.fr\/index.php\/wp-json\/wp\/v2\/types\/product"}],"wp:featuredmedia":[{"embeddable":true,"href":"https:\/\/remorqueco.fr\/index.php\/wp-json\/wp\/v2\/media\/3068"}],"wp:attachment":[{"href":"https:\/\/remorqueco.fr\/index.php\/wp-json\/wp\/v2\/media?parent=2295"}],"curies":[{"name":"wp","href":"https:\/\/api.w.org\/{rel}","templated":true}]}}