{"id":2292,"date":"2024-04-18T10:24:29","date_gmt":"2024-04-18T08:24:29","guid":{"rendered":"https:\/\/remorqueco.fr\/?post_type=product&#038;p=2292"},"modified":"2025-10-23T17:40:54","modified_gmt":"2025-10-23T15:40:54","slug":"transporter-300-2-essieux-nf-3-m-x-153-m-ptac-500-a-750-kg-sans-frein","status":"publish","type":"product","link":"https:\/\/remorqueco.fr\/index.php\/produit\/transporter-300-2-essieux-nf-3-m-x-153-m-ptac-500-a-750-kg-sans-frein\/","title":{"rendered":"TRANSPORTER 300\/2 ESSIEUX NF 3 m x 1,53 m PTAC 500 \u00e0 750 kg SANS FREIN"},"content":{"rendered":"<p>[vc_row full_width=\u00a0\u00bbstretch_row\u00a0\u00bb][vc_column width=\u00a0\u00bb2\/3&Prime;][vc_custom_heading text=\u00a0\u00bbTARIF : 1 850 \u20ac TTC\u00a0\u00bb font_container=\u00a0\u00bbtag:h1|font_size:46|text_align:left|color:%23ffffff|line_height:1&Prime; google_fonts=\u00a0\u00bbfont_family:Montserrat%3Aregular%2C700|font_style:400%20regular%3A400%3Anormal\u00a0\u00bb][vc_column_text]<strong>En Option :<\/strong><\/p>\n<ul>\n<li>Rehausse ACIER\u00a0 : 490 \u20ac TTC<\/li>\n<li>Rehausse GRILLAG\u00c9ES 500 mm : 790 \u20ac TTC<\/li>\n<li>B\u00e2che plate : 110 \u20ac TTC<\/li>\n<li>Roue de secours : 85 \u20ac TTC<\/li>\n<li>Support de roue de secours : 65 \u20ac TTC<\/li>\n<li>Porte \u00e9chelle : 140 \u20ac TTC<\/li>\n<\/ul>\n<p>[\/vc_column_text][vc_btn title=\u00a0\u00bbJoindre votre conseill\u00e9 au 06.64.78.89.91&Prime; style=\u00a0\u00bboutline\u00a0\u00bb shape=\u00a0\u00bbround\u00a0\u00bb color=\u00a0\u00bbjuicy-pink\u00a0\u00bb size=\u00a0\u00bblg\u00a0\u00bb i_icon_fontawesome=\u00a0\u00bbfas fa-phone-alt\u00a0\u00bb add_icon=\u00a0\u00bbtrue\u00a0\u00bb link=\u00a0\u00bb|||\u00a0\u00bb][\/vc_column][vc_column width=\u00a0\u00bb1\/3&Prime;][vc_column_text]<strong>LIMOGES<\/strong> nous sommes ouverts du<\/p>\n<p>LUNDI au VENDREDI de 9h30 \u00e0 12h et de 14h \u00e0 18h30<\/p>\n<p>SAMEDI de 10h \u00e0 12h et de 14h \u00e0 18h<\/p>\n<p>&nbsp;<\/p>\n<p><b>ANGOULEME <\/b>nous sommes ouverts du<\/p>\n<p>MERCREDI au VENDREDI de 10h00 \u00e0 12h et de 14h \u00e0 18h<\/p>\n<p>SAMEDI de 10h \u00e0 12h et de 14h \u00e0 17h<\/p>\n<p>&nbsp;<\/p>\n<p><b>LA SOUTERRAINE <\/b>nous sommes ouverts du<\/p>\n<p>LUNDI au VENDREDI de 9h30 \u00e0 12h et de 14h \u00e0 18h<\/p>\n<p>SAMEDI de 10h \u00e0 12h et de 14h \u00e0 17h<\/p>\n<p>[\/vc_column_text][\/vc_column][\/vc_row][vc_row][vc_column][vc_column_text]ATTENTION : toutes les remorques ayant un PTAC au dessus de 500 Kg n\u00e9cessitent une CARTE GRISE.<\/p>\n<p>Remorqu&amp;CO se propose de r\u00e9aliser pour vous votre Carte Grise.<\/p>\n<p>Vous devez vous munir d&rsquo;une carte d&rsquo;identit\u00e9 et d&rsquo;une attestation de domicile (facture EDF, Telecom, Taxes, &#8230;) de moins de trois mois, le tout au nom, du ou des titulaires, de la future carte grise.<\/p>\n<p>La carte grise est r\u00e9alis\u00e9e imm\u00e9diatement dans nos bureaux, vous pouvez aussi obtenir dans nos ateliers les plaques d&rsquo;immatriculations.[\/vc_column_text][\/vc_column][\/vc_row]<\/p>\n","protected":false},"excerpt":{"rendered":"<p>Remorque professionnelle<\/p>\n<ul>\n<li>Plateau fond bois antiglisse 12 mm : 3000 x 1530 mm<\/li>\n<li><strong>Ridelles acier hauteur 400 mm\u00a0 <\/strong>t\u00f4le galvanis\u00e9e 2,5 mm<\/li>\n<li>Ridelles toutes basculantes<\/li>\n<li>Double Essieux 750 kg AL-KO ou KNOTT suspension ind\u00e9pendante sur barre de torsion<\/li>\n<li>Roues 155R13<\/li>\n<li>PTAC 500 \u00e0 750 kg<\/li>\n<\/ul>\n<p><strong>Poids \u00e0 vide : 290 kg<\/strong><\/p>\n<ul>\n<li>Timon V rigide<\/li>\n<li>\u00a0Essieux AL KO<\/li>\n<li>Ch\u00e2ssis : acier galvanis\u00e9<\/li>\n<li>Dispositif de\u00a0 fixation par anneaux dans le plancher<\/li>\n<\/ul>\n","protected":false},"featured_media":989,"template":"","meta":[],"yoast_head":"<!-- This site is optimized with the Yoast SEO plugin v16.4 - https:\/\/yoast.com\/wordpress\/plugins\/seo\/ -->\n<title>TRANSPORTER 300\/2 ESSIEUX NF 3 m x 1,53 m PTAC 500 \u00e0 750 kg SANS FREIN - REMORQU&amp;CO<\/title>\n<meta name=\"robots\" content=\"index, follow, max-snippet:-1, max-image-preview:large, max-video-preview:-1\" \/>\n<link rel=\"canonical\" href=\"https:\/\/remorqueco.fr\/index.php\/produit\/transporter-300-2-essieux-nf-3-m-x-153-m-ptac-500-a-750-kg-sans-frein\/\" \/>\n<meta property=\"og:locale\" content=\"fr_FR\" \/>\n<meta property=\"og:type\" content=\"article\" \/>\n<meta property=\"og:title\" content=\"TRANSPORTER 300\/2 ESSIEUX NF 3 m x 1,53 m PTAC 500 \u00e0 750 kg SANS FREIN - REMORQU&amp;CO\" \/>\n<meta property=\"og:description\" content=\"Remorque professionnelle   Plateau fond bois antiglisse 12 mm : 3000 x 1530 mm  Ridelles acier hauteur 400 mm\u00a0 t\u00f4le galvanis\u00e9e 2,5 mm  Ridelles toutes basculantes  Double Essieux 750 kg AL-KO ou KNOTT suspension ind\u00e9pendante sur barre de torsion  Roues 155R13  PTAC 500 \u00e0 750 kg  Poids \u00e0 vide : 290 kg   Timon V rigide  \u00a0Essieux AL KO  Ch\u00e2ssis : acier galvanis\u00e9  Dispositif de\u00a0 fixation par anneaux dans le plancher\" \/>\n<meta property=\"og:url\" content=\"https:\/\/remorqueco.fr\/index.php\/produit\/transporter-300-2-essieux-nf-3-m-x-153-m-ptac-500-a-750-kg-sans-frein\/\" \/>\n<meta property=\"og:site_name\" content=\"REMORQU&amp;CO\" \/>\n<meta property=\"article:modified_time\" content=\"2025-10-23T15:40:54+00:00\" \/>\n<meta property=\"og:image\" content=\"https:\/\/remorqueco.fr\/new\/wp-content\/uploads\/2020\/11\/w2810.jpg\" \/>\n\t<meta property=\"og:image:width\" content=\"807\" \/>\n\t<meta property=\"og:image:height\" content=\"807\" \/>\n<meta name=\"twitter:card\" content=\"summary_large_image\" \/>\n<meta name=\"twitter:label1\" content=\"Dur\u00e9e de lecture est.\" \/>\n\t<meta name=\"twitter:data1\" content=\"1 minute\" \/>\n<script type=\"application\/ld+json\" class=\"yoast-schema-graph\">{\"@context\":\"https:\/\/schema.org\",\"@graph\":[{\"@type\":\"WebSite\",\"@id\":\"https:\/\/remorqueco.fr\/#website\",\"url\":\"https:\/\/remorqueco.fr\/\",\"name\":\"REMORQU&amp;CO\",\"description\":\"Vente de remorques \\u00e0 Limoges\",\"potentialAction\":[{\"@type\":\"SearchAction\",\"target\":\"https:\/\/remorqueco.fr\/?s={search_term_string}\",\"query-input\":\"required name=search_term_string\"}],\"inLanguage\":\"fr-FR\"},{\"@type\":\"ImageObject\",\"@id\":\"https:\/\/remorqueco.fr\/index.php\/produit\/transporter-300-2-essieux-nf-3-m-x-153-m-ptac-500-a-750-kg-sans-frein\/#primaryimage\",\"inLanguage\":\"fr-FR\",\"url\":\"https:\/\/remorqueco.fr\/new\/wp-content\/uploads\/2020\/11\/w2810.jpg\",\"contentUrl\":\"https:\/\/remorqueco.fr\/new\/wp-content\/uploads\/2020\/11\/w2810.jpg\",\"width\":807,\"height\":807,\"caption\":\"TRANSPORTER 250\/2 NF 2,5 m x 1,5 m PTAC jusqu'\\u00e0 750 kg SANS FREIN\"},{\"@type\":\"WebPage\",\"@id\":\"https:\/\/remorqueco.fr\/index.php\/produit\/transporter-300-2-essieux-nf-3-m-x-153-m-ptac-500-a-750-kg-sans-frein\/#webpage\",\"url\":\"https:\/\/remorqueco.fr\/index.php\/produit\/transporter-300-2-essieux-nf-3-m-x-153-m-ptac-500-a-750-kg-sans-frein\/\",\"name\":\"TRANSPORTER 300\/2 ESSIEUX NF 3 m x 1,53 m PTAC 500 \\u00e0 750 kg SANS FREIN - REMORQU&amp;CO\",\"isPartOf\":{\"@id\":\"https:\/\/remorqueco.fr\/#website\"},\"primaryImageOfPage\":{\"@id\":\"https:\/\/remorqueco.fr\/index.php\/produit\/transporter-300-2-essieux-nf-3-m-x-153-m-ptac-500-a-750-kg-sans-frein\/#primaryimage\"},\"datePublished\":\"2024-04-18T08:24:29+00:00\",\"dateModified\":\"2025-10-23T15:40:54+00:00\",\"breadcrumb\":{\"@id\":\"https:\/\/remorqueco.fr\/index.php\/produit\/transporter-300-2-essieux-nf-3-m-x-153-m-ptac-500-a-750-kg-sans-frein\/#breadcrumb\"},\"inLanguage\":\"fr-FR\",\"potentialAction\":[{\"@type\":\"ReadAction\",\"target\":[\"https:\/\/remorqueco.fr\/index.php\/produit\/transporter-300-2-essieux-nf-3-m-x-153-m-ptac-500-a-750-kg-sans-frein\/\"]}]},{\"@type\":\"BreadcrumbList\",\"@id\":\"https:\/\/remorqueco.fr\/index.php\/produit\/transporter-300-2-essieux-nf-3-m-x-153-m-ptac-500-a-750-kg-sans-frein\/#breadcrumb\",\"itemListElement\":[{\"@type\":\"ListItem\",\"position\":1,\"item\":{\"@type\":\"WebPage\",\"@id\":\"https:\/\/remorqueco.fr\/\",\"url\":\"https:\/\/remorqueco.fr\/\",\"name\":\"Accueil\"}},{\"@type\":\"ListItem\",\"position\":2,\"item\":{\"@type\":\"WebPage\",\"@id\":\"https:\/\/remorqueco.fr\/index.php\/shop\/\",\"url\":\"https:\/\/remorqueco.fr\/index.php\/shop\/\",\"name\":\"Produits\"}},{\"@type\":\"ListItem\",\"position\":3,\"item\":{\"@id\":\"https:\/\/remorqueco.fr\/index.php\/produit\/transporter-300-2-essieux-nf-3-m-x-153-m-ptac-500-a-750-kg-sans-frein\/#webpage\"}}]}]}<\/script>\n<!-- \/ Yoast SEO plugin. -->","_links":{"self":[{"href":"https:\/\/remorqueco.fr\/index.php\/wp-json\/wp\/v2\/product\/2292"}],"collection":[{"href":"https:\/\/remorqueco.fr\/index.php\/wp-json\/wp\/v2\/product"}],"about":[{"href":"https:\/\/remorqueco.fr\/index.php\/wp-json\/wp\/v2\/types\/product"}],"wp:featuredmedia":[{"embeddable":true,"href":"https:\/\/remorqueco.fr\/index.php\/wp-json\/wp\/v2\/media\/989"}],"wp:attachment":[{"href":"https:\/\/remorqueco.fr\/index.php\/wp-json\/wp\/v2\/media?parent=2292"}],"curies":[{"name":"wp","href":"https:\/\/api.w.org\/{rel}","templated":true}]}}