{"id":2231,"date":"2023-02-27T16:11:54","date_gmt":"2023-02-27T15:11:54","guid":{"rendered":"https:\/\/remorqueco.fr\/?post_type=product&#038;p=2231"},"modified":"2026-04-09T12:30:44","modified_gmt":"2026-04-09T10:30:44","slug":"remorque-magasin","status":"publish","type":"product","link":"https:\/\/remorqueco.fr\/index.php\/produit\/remorque-magasin\/","title":{"rendered":"Remorque MAGASIN 3 m x 2 m x hauteur 2,3 m 1 ou 2 OUVRANTS"},"content":{"rendered":"<p>[vc_row full_width=\u00a0\u00bbstretch_row\u00a0\u00bb][vc_column width=\u00a0\u00bb2\/3&Prime;][vc_custom_heading text=\u00a0\u00bbTARIF : 8 350 \u20ac TTC\u00a0\u00bb font_container=\u00a0\u00bbtag:h1|font_size:46|text_align:left|color:%23ffffff|line_height:1&Prime; google_fonts=\u00a0\u00bbfont_family:Montserrat%3Aregular%2C700|font_style:400%20regular%3A400%3Anormal\u00a0\u00bb][vc_column_text]Version 1 ouvrant : 8 350 \u20ac TTC<\/p>\n<p>Version 2 ouvrants : 8 700 \u20ac TTC<\/p>\n<p>&nbsp;<\/p>\n<p>Autres dimensions et options possibles, nous consulter.<\/p>\n<p>[\/vc_column_text][vc_btn title=\u00a0\u00bbJoindre votre conseill\u00e9 au 06.64.78.89.91&Prime; style=\u00a0\u00bboutline\u00a0\u00bb shape=\u00a0\u00bbround\u00a0\u00bb color=\u00a0\u00bbjuicy-pink\u00a0\u00bb size=\u00a0\u00bblg\u00a0\u00bb i_icon_fontawesome=\u00a0\u00bbfas fa-phone-alt\u00a0\u00bb add_icon=\u00a0\u00bbtrue\u00a0\u00bb link=\u00a0\u00bb|||\u00a0\u00bb][\/vc_column][vc_column width=\u00a0\u00bb1\/3&Prime;][vc_column_text]AUTRE VERSION : double essieux possible[\/vc_column_text][vc_column_text]<strong>LIMOGES<\/strong> nous sommes ouverts du<\/p>\n<p>LUNDI au VENDREDI de 9h30 \u00e0 12h et de 14h \u00e0 18h30<\/p>\n<p>SAMEDI de 10h \u00e0 12h et de 14h \u00e0 18h<\/p>\n<p>&nbsp;<\/p>\n<p><b>ANGOULEME <\/b>nous sommes ouverts du<\/p>\n<p>MERCREDI au VENDREDI de 10h00 \u00e0 12h et de 14h \u00e0 18h<\/p>\n<p>SAMEDI de 10h \u00e0 12h et de 14h \u00e0 17h<\/p>\n<p>&nbsp;<\/p>\n<p><b>LA SOUTERRAINE <\/b>nous sommes ouverts du<\/p>\n<p>LUNDI au VENDREDI de 9h30 \u00e0 12h et de 14h \u00e0 18h<\/p>\n<p>SAMEDI de 10h \u00e0 12h et de 14h \u00e0 17h<\/p>\n<p>[\/vc_column_text][\/vc_column][\/vc_row]<\/p>\n","protected":false},"excerpt":{"rendered":"<p>Remorque MAGASIN<br \/>\nPanneaux sandwich 30 mm, sol contre plaqu\u00e9 marine 18 mm avec rev\u00eatement PVC<br \/>\nPorte sur la face AVANT ou sur la face ARRIERE (voir photos)<br \/>\nOuvrant lat\u00e9ral sur v\u00e9rin \u00e0 gaz<br \/>\n4 b\u00e9quilles<\/p>\n<p>Dimensions int\u00e9rieures : 3 m x 2 m x Hauteur 2,3 m<br \/>\n1 essieux PTAC 1300 kg<\/p>\n<p>Poids \u00e0 vide 610 kg<\/p>\n<p>&#8211; Pr\u00e8s Installation \u00e9lectrique<br \/>\n&#8211; Porte ext\u00e9rieure pour bouteille de gaz<br \/>\n&#8211; Amortisseurs<\/p>\n<p>Autres mod\u00e8les possibles avec d&rsquo;autres dimensions, nous consulter.<\/p>\n","protected":false},"featured_media":2328,"template":"","meta":[],"yoast_head":"<!-- This site is optimized with the Yoast SEO plugin v16.4 - https:\/\/yoast.com\/wordpress\/plugins\/seo\/ -->\n<title>Remorque MAGASIN 3 m x 2 m x hauteur 2,3 m 1 ou 2 OUVRANTS - REMORQU&amp;CO<\/title>\n<meta name=\"robots\" content=\"index, follow, max-snippet:-1, max-image-preview:large, max-video-preview:-1\" \/>\n<link rel=\"canonical\" href=\"https:\/\/remorqueco.fr\/index.php\/produit\/remorque-magasin\/\" \/>\n<meta property=\"og:locale\" content=\"fr_FR\" \/>\n<meta property=\"og:type\" content=\"article\" \/>\n<meta property=\"og:title\" content=\"Remorque MAGASIN 3 m x 2 m x hauteur 2,3 m 1 ou 2 OUVRANTS - REMORQU&amp;CO\" \/>\n<meta property=\"og:description\" content=\"Remorque MAGASIN Panneaux sandwich 30 mm, sol contre plaqu\u00e9 marine 18 mm avec rev\u00eatement PVC Porte sur la face AVANT ou sur la face ARRIERE (voir photos) Ouvrant lat\u00e9ral sur v\u00e9rin \u00e0 gaz 4 b\u00e9quilles  Dimensions int\u00e9rieures : 3 m x 2 m x Hauteur 2,3 m 1 essieux PTAC 1300 kg  Poids \u00e0 vide 610 kg  - Pr\u00e8s Installation \u00e9lectrique - Porte ext\u00e9rieure pour bouteille de gaz - Amortisseurs  Autres mod\u00e8les possibles avec d&#039;autres dimensions, nous consulter.\" \/>\n<meta property=\"og:url\" content=\"https:\/\/remorqueco.fr\/index.php\/produit\/remorque-magasin\/\" \/>\n<meta property=\"og:site_name\" content=\"REMORQU&amp;CO\" \/>\n<meta property=\"article:modified_time\" content=\"2026-04-09T10:30:44+00:00\" \/>\n<meta property=\"og:image\" content=\"https:\/\/remorqueco.fr\/new\/wp-content\/uploads\/2021\/01\/20240313_111617.jpg\" \/>\n\t<meta property=\"og:image:width\" content=\"266\" \/>\n\t<meta property=\"og:image:height\" content=\"266\" \/>\n<meta name=\"twitter:card\" content=\"summary_large_image\" \/>\n<meta name=\"twitter:label1\" content=\"Dur\u00e9e de lecture est.\" \/>\n\t<meta name=\"twitter:data1\" content=\"1 minute\" \/>\n<script type=\"application\/ld+json\" class=\"yoast-schema-graph\">{\"@context\":\"https:\/\/schema.org\",\"@graph\":[{\"@type\":\"WebSite\",\"@id\":\"https:\/\/remorqueco.fr\/#website\",\"url\":\"https:\/\/remorqueco.fr\/\",\"name\":\"REMORQU&amp;CO\",\"description\":\"Vente de remorques \\u00e0 Limoges\",\"potentialAction\":[{\"@type\":\"SearchAction\",\"target\":\"https:\/\/remorqueco.fr\/?s={search_term_string}\",\"query-input\":\"required name=search_term_string\"}],\"inLanguage\":\"fr-FR\"},{\"@type\":\"ImageObject\",\"@id\":\"https:\/\/remorqueco.fr\/index.php\/produit\/remorque-magasin\/#primaryimage\",\"inLanguage\":\"fr-FR\",\"url\":\"https:\/\/remorqueco.fr\/new\/wp-content\/uploads\/2021\/01\/20240313_111617.jpg\",\"contentUrl\":\"https:\/\/remorqueco.fr\/new\/wp-content\/uploads\/2021\/01\/20240313_111617.jpg\",\"width\":266,\"height\":266},{\"@type\":\"WebPage\",\"@id\":\"https:\/\/remorqueco.fr\/index.php\/produit\/remorque-magasin\/#webpage\",\"url\":\"https:\/\/remorqueco.fr\/index.php\/produit\/remorque-magasin\/\",\"name\":\"Remorque MAGASIN 3 m x 2 m x hauteur 2,3 m 1 ou 2 OUVRANTS - REMORQU&amp;CO\",\"isPartOf\":{\"@id\":\"https:\/\/remorqueco.fr\/#website\"},\"primaryImageOfPage\":{\"@id\":\"https:\/\/remorqueco.fr\/index.php\/produit\/remorque-magasin\/#primaryimage\"},\"datePublished\":\"2023-02-27T15:11:54+00:00\",\"dateModified\":\"2026-04-09T10:30:44+00:00\",\"breadcrumb\":{\"@id\":\"https:\/\/remorqueco.fr\/index.php\/produit\/remorque-magasin\/#breadcrumb\"},\"inLanguage\":\"fr-FR\",\"potentialAction\":[{\"@type\":\"ReadAction\",\"target\":[\"https:\/\/remorqueco.fr\/index.php\/produit\/remorque-magasin\/\"]}]},{\"@type\":\"BreadcrumbList\",\"@id\":\"https:\/\/remorqueco.fr\/index.php\/produit\/remorque-magasin\/#breadcrumb\",\"itemListElement\":[{\"@type\":\"ListItem\",\"position\":1,\"item\":{\"@type\":\"WebPage\",\"@id\":\"https:\/\/remorqueco.fr\/\",\"url\":\"https:\/\/remorqueco.fr\/\",\"name\":\"Accueil\"}},{\"@type\":\"ListItem\",\"position\":2,\"item\":{\"@type\":\"WebPage\",\"@id\":\"https:\/\/remorqueco.fr\/index.php\/shop\/\",\"url\":\"https:\/\/remorqueco.fr\/index.php\/shop\/\",\"name\":\"Produits\"}},{\"@type\":\"ListItem\",\"position\":3,\"item\":{\"@id\":\"https:\/\/remorqueco.fr\/index.php\/produit\/remorque-magasin\/#webpage\"}}]}]}<\/script>\n<!-- \/ Yoast SEO plugin. -->","_links":{"self":[{"href":"https:\/\/remorqueco.fr\/index.php\/wp-json\/wp\/v2\/product\/2231"}],"collection":[{"href":"https:\/\/remorqueco.fr\/index.php\/wp-json\/wp\/v2\/product"}],"about":[{"href":"https:\/\/remorqueco.fr\/index.php\/wp-json\/wp\/v2\/types\/product"}],"wp:featuredmedia":[{"embeddable":true,"href":"https:\/\/remorqueco.fr\/index.php\/wp-json\/wp\/v2\/media\/2328"}],"wp:attachment":[{"href":"https:\/\/remorqueco.fr\/index.php\/wp-json\/wp\/v2\/media?parent=2231"}],"curies":[{"name":"wp","href":"https:\/\/api.w.org\/{rel}","templated":true}]}}