{"id":1900,"date":"2021-03-13T17:41:37","date_gmt":"2021-03-13T16:41:37","guid":{"rendered":"https:\/\/remorqueco.fr\/?post_type=product&#038;p=1900"},"modified":"2026-02-17T21:28:50","modified_gmt":"2026-02-17T20:28:50","slug":"gold-one-white-line-plancher-alum-ptac-1100-a-1600-kg","status":"publish","type":"product","link":"https:\/\/remorqueco.fr\/index.php\/produit\/gold-one-white-line-plancher-alum-ptac-1100-a-1600-kg\/","title":{"rendered":"1.GOLD ORIGINS ONE 1 place 1\/2 TOUT ALUM  PTAC 1100 \u00e0 1600 kg"},"content":{"rendered":"<p>[vc_row full_width=\u00a0\u00bbstretch_row\u00a0\u00bb][vc_column width=\u00a0\u00bb2\/3&Prime;][vc_custom_heading text=\u00a0\u00bbTARIF public : 6 990 \u20ac TTC tarif personnalis\u00e9 sur demande\u00a0\u00bb font_container=\u00a0\u00bbtag:h1|font_size:46|text_align:left|color:%23ffffff|line_height:1&Prime; google_fonts=\u00a0\u00bbfont_family:Montserrat%3Aregular%2C700|font_style:400%20regular%3A400%3Anormal\u00a0\u00bb][vc_column_text css_animation=\u00a0\u00bbslideInRight\u00a0\u00bb]OPTION<\/p>\n<p>. SELLERIE : 590 \u20ac<\/p>\n<p>. Roue de secours + support : 200 \u20ac TTC<\/p>\n<p>[\/vc_column_text][vc_btn title=\u00a0\u00bbJoindre votre conseill\u00e9 au 06.64.78.89.91&Prime; style=\u00a0\u00bboutline\u00a0\u00bb shape=\u00a0\u00bbround\u00a0\u00bb color=\u00a0\u00bbjuicy-pink\u00a0\u00bb size=\u00a0\u00bblg\u00a0\u00bb i_icon_fontawesome=\u00a0\u00bbfas fa-phone-alt\u00a0\u00bb add_icon=\u00a0\u00bbtrue\u00a0\u00bb link=\u00a0\u00bb|||\u00a0\u00bb][\/vc_column][vc_column width=\u00a0\u00bb1\/3&Prime;][vc_column_text]<strong>LIMOGES<\/strong> nous sommes ouverts du<\/p>\n<p>LUNDI au VENDREDI de 9h30 \u00e0 12h et de 14h \u00e0 18h30<\/p>\n<p>SAMEDI de 10h \u00e0 12h et de 14h \u00e0 18h<\/p>\n<p>&nbsp;<\/p>\n<p><b>LA SOUTERRAINE\u00a0<\/b>nous sommes ouverts du<\/p>\n<p>LUNDI au VENDREDI de 9h30 \u00e0 12h et de 14h \u00e0 18h<\/p>\n<p>SAMEDI de 10h \u00e0 12h et de 14h \u00e0 17h<\/p>\n<p>&nbsp;<\/p>\n<p><b>ANGOULEME <\/b>nous sommes ouverts du<\/p>\n<p>MERCREDI au VENDREDI de 10h00 \u00e0 12h et de 14h \u00e0 18h<\/p>\n<p>SAMEDI de 10h \u00e0 12h et de 14h \u00e0 17h<\/p>\n<p>[\/vc_column_text][\/vc_column][\/vc_row]<\/p>\n","protected":false},"excerpt":{"rendered":"<p>Nous sommes concessionnaire des VANS \u00e0 Chevaux CHEVAL LIBERTE \u00e0 Limoges.<\/p>\n<p>Type GOLD ORIGINS ONE 1 place 1\/2<\/p>\n<p>PTAC 1 100 \u00e0 1 600 Kg<\/p>\n<p>Pvide 615 kg<\/p>\n<p><strong>Suspension BARRE DE TORSION<\/strong><\/p>\n<p>Plusieurs couleurs possibles (pour les coloris voir avec notre stock disponible en cours)<\/p>\n<p>Toit et partie avant monocoque polyester renforc\u00e9<\/p>\n<p><strong>PAROIES\u00a0 Aluminium<\/strong><\/p>\n<p>2 fen\u00eatres ouvrantes<\/p>\n<p>1 lanterneau<\/p>\n<p>B\u00e2che Airtech<\/p>\n<p>Ch\u00e2ssis en m\u00e9tal galvanis\u00e9<\/p>\n<p><strong>PLANCHER ALUMINIUM <\/strong><\/p>\n<p>Roue jockey automatique<\/p>\n<p>Syst\u00e8me PONT \/ PORTE\u00a0 Arri\u00e8re<\/p>\n<p>PORTE de visite Avant<\/p>\n<p><strong>Dimensions int\u00e9rieures : 3,17 m x 1,33 m x 2,3 de hauteur<\/strong><\/p>\n<p>D\u00e9couvrez le Gold One Origins, la version 1,5 place du Gold Origins.<\/p>\n<p>Con\u00e7u pour allier compacit\u00e9, l\u00e9g\u00e8ret\u00e9 et confort, il est id\u00e9al pour les cavaliers \u00e0 la recherche d\u2019un van accessible sans permis BE, maniable et pratique au quotidien.<\/p>\n<p>Avec un poids \u00e0 vide optimis\u00e9 \u00e0 partir de 615kg et un P.T.A.C. de 1100 \u00e0 1600 kg au choix, le Gold One Origins est parfait \u00e0 tracter avec un v\u00e9hicule l\u00e9ger.<\/p>\n<p><strong>Le Gold One Origins pr\u00e9sente de nombreux atouts :<\/strong><\/p>\n<ul>\n<li>Un espace optimis\u00e9 pour le bien-\u00eatre du cheval, avec une hauteur int\u00e9rieure de 2,34m et un volume confortable.<\/li>\n<li>Une excellente ventilation gr\u00e2ce aux fen\u00eatres coulissantes en verre securit avec d\u00e9flecteur d\u2019air et une b\u00e2che \u00e0 enrouleur automatique ventil\u00e9e.<\/li>\n<li>S\u00e9curit\u00e9 et praticit\u00e9 maximales avec des pare-bottes, des coussins de protection, un pont\/porte antid\u00e9rapant, un anneau filet \u00e0 foin et plusieurs points d\u2019attache.<\/li>\n<li>Toujours plus pratique d\u2019utilisation, avec une grande porte de visite avant, une roue jockey automatique et des barres r\u00e9glables en longueur et hauteur.<\/li>\n<li>Un syst\u00e8me pont\/porte arri\u00e8re de s\u00e9rie, offrant un acc\u00e8s simplifi\u00e9 pour les chevaux et le mat\u00e9riel.<\/li>\n<li>Des mat\u00e9riaux robustes et durables, avec une caisse en aluminium et polyester renforc\u00e9, un plancher aluminium et un ch\u00e2ssis m\u00e9cano-soud\u00e9 galvanis\u00e9 \u00e0 chaud.<\/li>\n<\/ul>\n<p><strong>Options:<\/strong><\/p>\n<p>Compartiment sellerie verrouillable \u00e0 cl\u00e9 avec porte-selles pivotant, 2 porte-licols et brides, filet porte-document et miroir de courtoisie.<\/p>\n<p>&nbsp;<\/p>\n","protected":false},"featured_media":2760,"template":"","meta":[],"yoast_head":"<!-- This site is optimized with the Yoast SEO plugin v16.4 - https:\/\/yoast.com\/wordpress\/plugins\/seo\/ -->\n<title>1.GOLD ORIGINS ONE 1 place 1\/2 TOUT ALUM PTAC 1100 \u00e0 1600 kg - REMORQU&amp;CO<\/title>\n<meta name=\"robots\" content=\"index, follow, max-snippet:-1, max-image-preview:large, max-video-preview:-1\" \/>\n<link rel=\"canonical\" href=\"https:\/\/remorqueco.fr\/index.php\/produit\/gold-one-white-line-plancher-alum-ptac-1100-a-1600-kg\/\" \/>\n<meta property=\"og:locale\" content=\"fr_FR\" \/>\n<meta property=\"og:type\" content=\"article\" \/>\n<meta property=\"og:title\" content=\"1.GOLD ORIGINS ONE 1 place 1\/2 TOUT ALUM PTAC 1100 \u00e0 1600 kg - REMORQU&amp;CO\" \/>\n<meta property=\"og:description\" content=\"Nous sommes concessionnaire des VANS \u00e0 Chevaux CHEVAL LIBERTE \u00e0 Limoges.  Type GOLD ORIGINS ONE 1 place 1\/2  PTAC 1 100 \u00e0 1 600 Kg  Pvide 615 kg  Suspension BARRE DE TORSION  Plusieurs couleurs possibles (pour les coloris voir avec notre stock disponible en cours)  Toit et partie avant monocoque polyester renforc\u00e9  PAROIES\u00a0 Aluminium  2 fen\u00eatres ouvrantes  1 lanterneau  B\u00e2che Airtech  Ch\u00e2ssis en m\u00e9tal galvanis\u00e9  PLANCHER ALUMINIUM   Roue jockey automatique  Syst\u00e8me PONT \/ PORTE\u00a0 Arri\u00e8re  PORTE de visite Avant  Dimensions int\u00e9rieures : 3,17 m x 1,33 m x 2,3 de hauteur  D\u00e9couvrez le Gold One Origins, la version 1,5 place du Gold Origins.  Con\u00e7u pour allier compacit\u00e9, l\u00e9g\u00e8ret\u00e9 et confort, il est id\u00e9al pour les cavaliers \u00e0 la recherche d\u2019un van accessible sans permis BE, maniable et pratique au quotidien.  Avec un poids \u00e0 vide optimis\u00e9 \u00e0 partir de 615kg et un P.T.A.C. de 1100 \u00e0 1600 kg au choix, le Gold One Origins est parfait \u00e0 tracter avec un v\u00e9hicule l\u00e9ger.  Le Gold One Origins pr\u00e9sente de nombreux atouts :   Un espace optimis\u00e9 pour le bien-\u00eatre du cheval, avec une hauteur int\u00e9rieure de 2,34m et un volume confortable.  Une excellente ventilation gr\u00e2ce aux fen\u00eatres coulissantes en verre securit avec d\u00e9flecteur d\u2019air et une b\u00e2che \u00e0 enrouleur automatique ventil\u00e9e.  S\u00e9curit\u00e9 et praticit\u00e9 maximales avec des pare-bottes, des coussins de protection, un pont\/porte antid\u00e9rapant, un anneau filet \u00e0 foin et plusieurs points d\u2019attache.  Toujours plus pratique d\u2019utilisation, avec une grande porte de visite avant, une roue jockey automatique et des barres r\u00e9glables en longueur et hauteur.  Un syst\u00e8me pont\/porte arri\u00e8re de s\u00e9rie, offrant un acc\u00e8s simplifi\u00e9 pour les chevaux et le mat\u00e9riel.  Des mat\u00e9riaux robustes et durables, avec une caisse en aluminium et polyester renforc\u00e9, un plancher aluminium et un ch\u00e2ssis m\u00e9cano-soud\u00e9 galvanis\u00e9 \u00e0 chaud.  Options:  Compartiment sellerie verrouillable \u00e0 cl\u00e9 avec porte-selles pivotant, 2 porte-licols et brides, filet porte-document et miroir de courtoisie.  &nbsp;\" \/>\n<meta property=\"og:url\" content=\"https:\/\/remorqueco.fr\/index.php\/produit\/gold-one-white-line-plancher-alum-ptac-1100-a-1600-kg\/\" \/>\n<meta property=\"og:site_name\" content=\"REMORQU&amp;CO\" \/>\n<meta property=\"article:modified_time\" content=\"2026-02-17T20:28:50+00:00\" \/>\n<meta property=\"og:image\" content=\"https:\/\/remorqueco.fr\/new\/wp-content\/uploads\/2021\/03\/20250527_151449-scaled.jpg\" \/>\n\t<meta property=\"og:image:width\" content=\"2560\" \/>\n\t<meta property=\"og:image:height\" content=\"1920\" \/>\n<meta name=\"twitter:card\" content=\"summary_large_image\" \/>\n<meta name=\"twitter:label1\" content=\"Dur\u00e9e de lecture est.\" \/>\n\t<meta name=\"twitter:data1\" content=\"1 minute\" \/>\n<script type=\"application\/ld+json\" class=\"yoast-schema-graph\">{\"@context\":\"https:\/\/schema.org\",\"@graph\":[{\"@type\":\"WebSite\",\"@id\":\"https:\/\/remorqueco.fr\/#website\",\"url\":\"https:\/\/remorqueco.fr\/\",\"name\":\"REMORQU&amp;CO\",\"description\":\"Vente de remorques \\u00e0 Limoges\",\"potentialAction\":[{\"@type\":\"SearchAction\",\"target\":\"https:\/\/remorqueco.fr\/?s={search_term_string}\",\"query-input\":\"required name=search_term_string\"}],\"inLanguage\":\"fr-FR\"},{\"@type\":\"ImageObject\",\"@id\":\"https:\/\/remorqueco.fr\/index.php\/produit\/gold-one-white-line-plancher-alum-ptac-1100-a-1600-kg\/#primaryimage\",\"inLanguage\":\"fr-FR\",\"url\":\"https:\/\/remorqueco.fr\/new\/wp-content\/uploads\/2021\/03\/20250527_151449-scaled.jpg\",\"contentUrl\":\"https:\/\/remorqueco.fr\/new\/wp-content\/uploads\/2021\/03\/20250527_151449-scaled.jpg\",\"width\":2560,\"height\":1920},{\"@type\":\"WebPage\",\"@id\":\"https:\/\/remorqueco.fr\/index.php\/produit\/gold-one-white-line-plancher-alum-ptac-1100-a-1600-kg\/#webpage\",\"url\":\"https:\/\/remorqueco.fr\/index.php\/produit\/gold-one-white-line-plancher-alum-ptac-1100-a-1600-kg\/\",\"name\":\"1.GOLD ORIGINS ONE 1 place 1\/2 TOUT ALUM PTAC 1100 \\u00e0 1600 kg - REMORQU&amp;CO\",\"isPartOf\":{\"@id\":\"https:\/\/remorqueco.fr\/#website\"},\"primaryImageOfPage\":{\"@id\":\"https:\/\/remorqueco.fr\/index.php\/produit\/gold-one-white-line-plancher-alum-ptac-1100-a-1600-kg\/#primaryimage\"},\"datePublished\":\"2021-03-13T16:41:37+00:00\",\"dateModified\":\"2026-02-17T20:28:50+00:00\",\"breadcrumb\":{\"@id\":\"https:\/\/remorqueco.fr\/index.php\/produit\/gold-one-white-line-plancher-alum-ptac-1100-a-1600-kg\/#breadcrumb\"},\"inLanguage\":\"fr-FR\",\"potentialAction\":[{\"@type\":\"ReadAction\",\"target\":[\"https:\/\/remorqueco.fr\/index.php\/produit\/gold-one-white-line-plancher-alum-ptac-1100-a-1600-kg\/\"]}]},{\"@type\":\"BreadcrumbList\",\"@id\":\"https:\/\/remorqueco.fr\/index.php\/produit\/gold-one-white-line-plancher-alum-ptac-1100-a-1600-kg\/#breadcrumb\",\"itemListElement\":[{\"@type\":\"ListItem\",\"position\":1,\"item\":{\"@type\":\"WebPage\",\"@id\":\"https:\/\/remorqueco.fr\/\",\"url\":\"https:\/\/remorqueco.fr\/\",\"name\":\"Accueil\"}},{\"@type\":\"ListItem\",\"position\":2,\"item\":{\"@type\":\"WebPage\",\"@id\":\"https:\/\/remorqueco.fr\/index.php\/shop\/\",\"url\":\"https:\/\/remorqueco.fr\/index.php\/shop\/\",\"name\":\"Produits\"}},{\"@type\":\"ListItem\",\"position\":3,\"item\":{\"@id\":\"https:\/\/remorqueco.fr\/index.php\/produit\/gold-one-white-line-plancher-alum-ptac-1100-a-1600-kg\/#webpage\"}}]}]}<\/script>\n<!-- \/ Yoast SEO plugin. -->","_links":{"self":[{"href":"https:\/\/remorqueco.fr\/index.php\/wp-json\/wp\/v2\/product\/1900"}],"collection":[{"href":"https:\/\/remorqueco.fr\/index.php\/wp-json\/wp\/v2\/product"}],"about":[{"href":"https:\/\/remorqueco.fr\/index.php\/wp-json\/wp\/v2\/types\/product"}],"wp:featuredmedia":[{"embeddable":true,"href":"https:\/\/remorqueco.fr\/index.php\/wp-json\/wp\/v2\/media\/2760"}],"wp:attachment":[{"href":"https:\/\/remorqueco.fr\/index.php\/wp-json\/wp\/v2\/media?parent=1900"}],"curies":[{"name":"wp","href":"https:\/\/api.w.org\/{rel}","templated":true}]}}