{"id":1847,"date":"2021-03-03T08:43:04","date_gmt":"2021-03-03T07:43:04","guid":{"rendered":"https:\/\/remorqueco.fr\/?post_type=product&#038;p=1847"},"modified":"2026-04-07T17:04:27","modified_gmt":"2026-04-07T15:04:27","slug":"porte-bateau-yacht-1000-ptac-850-1000-kg","status":"publish","type":"product","link":"https:\/\/remorqueco.fr\/index.php\/produit\/porte-bateau-yacht-1000-ptac-850-1000-kg\/","title":{"rendered":"2.Porte Bateau YACHT 1000 PTAC 850-1000 kg"},"content":{"rendered":"<p>[vc_row full_width=\u00a0\u00bbstretch_row\u00a0\u00bb][vc_column width=\u00a0\u00bb2\/3&Prime;][vc_custom_heading text=\u00a0\u00bbTARIF : 2 500 \u20ac TTC\u00a0\u00bb font_container=\u00a0\u00bbtag:h1|font_size:46|text_align:left|color:%23ffffff|line_height:1&Prime; google_fonts=\u00a0\u00bbfont_family:Montserrat%3Aregular%2C700|font_style:400%20regular%3A400%3Anormal\u00a0\u00bb][vc_btn title=\u00a0\u00bbJoindre votre conseill\u00e9\u00a0 au 06.64.78.89.91&Prime; style=\u00a0\u00bboutline\u00a0\u00bb shape=\u00a0\u00bbround\u00a0\u00bb color=\u00a0\u00bbjuicy-pink\u00a0\u00bb size=\u00a0\u00bblg\u00a0\u00bb i_icon_fontawesome=\u00a0\u00bbfas fa-phone-alt\u00a0\u00bb add_icon=\u00a0\u00bbtrue\u00a0\u00bb link=\u00a0\u00bb|||\u00a0\u00bb][\/vc_column][vc_column width=\u00a0\u00bb1\/3&Prime;][vc_column_text]<\/p>\n<p>&nbsp;<\/p>\n<p>[\/vc_column_text][vc_column_text]<\/p>\n<p><strong>LIMOGES<\/strong> nous sommes ouverts du<\/p>\n<p>LUNDI au VENDREDI de 9h30 \u00e0 12h et de 14h \u00e0 18h30<\/p>\n<p>SAMEDI de 10h \u00e0 12h et de 14h \u00e0 18h<\/p>\n<p>&nbsp;<\/p>\n<p><b>ANGOULEME <\/b>nous sommes ouverts du<\/p>\n<p>MERCREDI au VENDREDI de 10h00 \u00e0 12h et de 14h \u00e0 18h<\/p>\n<p>SAMEDI de 10h \u00e0 12h et de 14h \u00e0 17h<\/p>\n<p>&nbsp;<\/p>\n<p><b>LA SOUTERRAINE <\/b>nous sommes ouverts du<\/p>\n<p>LUNDI au VENDREDI de 9h30 \u00e0 12h et de 14h \u00e0 18h<\/p>\n<p>SAMEDI de 10h \u00e0 12h et de 14h \u00e0 17h<\/p>\n<p>[\/vc_column_text][\/vc_column][\/vc_row][vc_row][vc_column][vc_column_text]ATTENTION : toutes les remorques ayant un PTAC au dessus de 500 Kg n\u00e9cessitent une CARTE GRISE.<\/p>\n<p>Remorqu&amp;CO se propose de r\u00e9aliser pour vous votre Carte Grise .<\/p>\n<p>Vous devez vous munir d&rsquo;une carte d&rsquo;identit\u00e9 et d&rsquo;une attestation de domicile (facture EDF, Telecom, Taxes, &#8230;) de moins de trois mois, le tout au nom, du ou des titulaires, de la future carte grise.<\/p>\n<p>La carte grise est r\u00e9alis\u00e9e imm\u00e9diatement dans nos bureaux, vous pouvez aussi obtenir dans nos ateliers les plaques d&rsquo;immatriculations.<\/p>\n<p>[\/vc_column_text][\/vc_column][\/vc_row]<\/p>\n","protected":false},"excerpt":{"rendered":"<p>Remorque de fabrication THOMAS TRAILERS PTAC 1000 kg<\/p>\n<p>P vide 315 kg 1 Essieu<\/p>\n<p>Longueur maxi du bateau acceptable 5,8 m<\/p>\n<p>Timon renforc\u00e9<\/p>\n<p>Ch\u00e2ssis enti\u00e8rement m\u00e9cano soud\u00e9 et galvanis\u00e9 \u00e0 chaud<\/p>\n<p>Essieux AL KO ou KNOTT Water Proof<\/p>\n<p>Roue jockey inclus<\/p>\n<p>Treuil \u00e0 sangle avec position r\u00e9glable<\/p>\n<p>Diabolo d&rsquo;\u00e9trave<\/p>\n<p>3 x Diabolos de soubassement<\/p>\n<p>4 x Ensembles de galets sur balanciers<\/p>\n<p>2 x Ensembles Multi Rouleaux sur balanciers<\/p>\n<p>Rampe de feux d\u00e9montable avec connexion 13 Broches<\/p>\n<p>Rampe de feux r\u00e9glable en longueur<\/p>\n","protected":false},"featured_media":2831,"template":"","meta":[],"yoast_head":"<!-- This site is optimized with the Yoast SEO plugin v16.4 - https:\/\/yoast.com\/wordpress\/plugins\/seo\/ -->\n<title>2.Porte Bateau YACHT 1000 PTAC 850-1000 kg - REMORQU&amp;CO<\/title>\n<meta name=\"robots\" content=\"index, follow, max-snippet:-1, max-image-preview:large, max-video-preview:-1\" \/>\n<link rel=\"canonical\" href=\"https:\/\/remorqueco.fr\/index.php\/produit\/porte-bateau-yacht-1000-ptac-850-1000-kg\/\" \/>\n<meta property=\"og:locale\" content=\"fr_FR\" \/>\n<meta property=\"og:type\" content=\"article\" \/>\n<meta property=\"og:title\" content=\"2.Porte Bateau YACHT 1000 PTAC 850-1000 kg - REMORQU&amp;CO\" \/>\n<meta property=\"og:description\" content=\"Remorque de fabrication THOMAS TRAILERS PTAC 1000 kg  P vide 315 kg 1 Essieu  Longueur maxi du bateau acceptable 5,8 m  Timon renforc\u00e9  Ch\u00e2ssis enti\u00e8rement m\u00e9cano soud\u00e9 et galvanis\u00e9 \u00e0 chaud  Essieux AL KO ou KNOTT Water Proof  Roue jockey inclus  Treuil \u00e0 sangle avec position r\u00e9glable  Diabolo d&#039;\u00e9trave  3 x Diabolos de soubassement  4 x Ensembles de galets sur balanciers  2 x Ensembles Multi Rouleaux sur balanciers  Rampe de feux d\u00e9montable avec connexion 13 Broches  Rampe de feux r\u00e9glable en longueur\" \/>\n<meta property=\"og:url\" content=\"https:\/\/remorqueco.fr\/index.php\/produit\/porte-bateau-yacht-1000-ptac-850-1000-kg\/\" \/>\n<meta property=\"og:site_name\" content=\"REMORQU&amp;CO\" \/>\n<meta property=\"article:modified_time\" content=\"2026-04-07T15:04:27+00:00\" \/>\n<meta property=\"og:image\" content=\"https:\/\/remorqueco.fr\/new\/wp-content\/uploads\/2021\/03\/20250818_105917.jpg\" \/>\n\t<meta property=\"og:image:width\" content=\"1346\" \/>\n\t<meta property=\"og:image:height\" content=\"1009\" \/>\n<meta name=\"twitter:card\" content=\"summary_large_image\" \/>\n<meta name=\"twitter:label1\" content=\"Dur\u00e9e de lecture est.\" \/>\n\t<meta name=\"twitter:data1\" content=\"1 minute\" \/>\n<script type=\"application\/ld+json\" class=\"yoast-schema-graph\">{\"@context\":\"https:\/\/schema.org\",\"@graph\":[{\"@type\":\"WebSite\",\"@id\":\"https:\/\/remorqueco.fr\/#website\",\"url\":\"https:\/\/remorqueco.fr\/\",\"name\":\"REMORQU&amp;CO\",\"description\":\"Vente de remorques \\u00e0 Limoges\",\"potentialAction\":[{\"@type\":\"SearchAction\",\"target\":\"https:\/\/remorqueco.fr\/?s={search_term_string}\",\"query-input\":\"required name=search_term_string\"}],\"inLanguage\":\"fr-FR\"},{\"@type\":\"ImageObject\",\"@id\":\"https:\/\/remorqueco.fr\/index.php\/produit\/porte-bateau-yacht-1000-ptac-850-1000-kg\/#primaryimage\",\"inLanguage\":\"fr-FR\",\"url\":\"https:\/\/remorqueco.fr\/new\/wp-content\/uploads\/2021\/03\/20250818_105917.jpg\",\"contentUrl\":\"https:\/\/remorqueco.fr\/new\/wp-content\/uploads\/2021\/03\/20250818_105917.jpg\",\"width\":1346,\"height\":1009},{\"@type\":\"WebPage\",\"@id\":\"https:\/\/remorqueco.fr\/index.php\/produit\/porte-bateau-yacht-1000-ptac-850-1000-kg\/#webpage\",\"url\":\"https:\/\/remorqueco.fr\/index.php\/produit\/porte-bateau-yacht-1000-ptac-850-1000-kg\/\",\"name\":\"2.Porte Bateau YACHT 1000 PTAC 850-1000 kg - REMORQU&amp;CO\",\"isPartOf\":{\"@id\":\"https:\/\/remorqueco.fr\/#website\"},\"primaryImageOfPage\":{\"@id\":\"https:\/\/remorqueco.fr\/index.php\/produit\/porte-bateau-yacht-1000-ptac-850-1000-kg\/#primaryimage\"},\"datePublished\":\"2021-03-03T07:43:04+00:00\",\"dateModified\":\"2026-04-07T15:04:27+00:00\",\"breadcrumb\":{\"@id\":\"https:\/\/remorqueco.fr\/index.php\/produit\/porte-bateau-yacht-1000-ptac-850-1000-kg\/#breadcrumb\"},\"inLanguage\":\"fr-FR\",\"potentialAction\":[{\"@type\":\"ReadAction\",\"target\":[\"https:\/\/remorqueco.fr\/index.php\/produit\/porte-bateau-yacht-1000-ptac-850-1000-kg\/\"]}]},{\"@type\":\"BreadcrumbList\",\"@id\":\"https:\/\/remorqueco.fr\/index.php\/produit\/porte-bateau-yacht-1000-ptac-850-1000-kg\/#breadcrumb\",\"itemListElement\":[{\"@type\":\"ListItem\",\"position\":1,\"item\":{\"@type\":\"WebPage\",\"@id\":\"https:\/\/remorqueco.fr\/\",\"url\":\"https:\/\/remorqueco.fr\/\",\"name\":\"Accueil\"}},{\"@type\":\"ListItem\",\"position\":2,\"item\":{\"@type\":\"WebPage\",\"@id\":\"https:\/\/remorqueco.fr\/index.php\/shop\/\",\"url\":\"https:\/\/remorqueco.fr\/index.php\/shop\/\",\"name\":\"Produits\"}},{\"@type\":\"ListItem\",\"position\":3,\"item\":{\"@id\":\"https:\/\/remorqueco.fr\/index.php\/produit\/porte-bateau-yacht-1000-ptac-850-1000-kg\/#webpage\"}}]}]}<\/script>\n<!-- \/ Yoast SEO plugin. -->","_links":{"self":[{"href":"https:\/\/remorqueco.fr\/index.php\/wp-json\/wp\/v2\/product\/1847"}],"collection":[{"href":"https:\/\/remorqueco.fr\/index.php\/wp-json\/wp\/v2\/product"}],"about":[{"href":"https:\/\/remorqueco.fr\/index.php\/wp-json\/wp\/v2\/types\/product"}],"wp:featuredmedia":[{"embeddable":true,"href":"https:\/\/remorqueco.fr\/index.php\/wp-json\/wp\/v2\/media\/2831"}],"wp:attachment":[{"href":"https:\/\/remorqueco.fr\/index.php\/wp-json\/wp\/v2\/media?parent=1847"}],"curies":[{"name":"wp","href":"https:\/\/api.w.org\/{rel}","templated":true}]}}