{"id":1801,"date":"2021-01-19T21:27:51","date_gmt":"2021-01-19T20:27:51","guid":{"rendered":"https:\/\/remorqueco.fr\/?post_type=product&#038;p=1801"},"modified":"2026-01-27T08:27:02","modified_gmt":"2026-01-27T07:27:02","slug":"magasin-4-m-x-2-m-x-23-m-ptac-1800-a-2700-kg","status":"publish","type":"product","link":"https:\/\/remorqueco.fr\/index.php\/produit\/magasin-4-m-x-2-m-x-23-m-ptac-1800-a-2700-kg\/","title":{"rendered":"MAGASIN 4,2 m x 2 m x hauteur 2,3 m PTAC 1800 \u00e0 2000 kg 1 ou 2 ouvrants"},"content":{"rendered":"<p>[vc_row full_width=\u00a0\u00bbstretch_row\u00a0\u00bb][vc_column width=\u00a0\u00bb2\/3&Prime;][vc_custom_heading text=\u00a0\u00bbTARIF : 9 900 \u20ac\u00a0\u00bb font_container=\u00a0\u00bbtag:h1|font_size:46|text_align:left|color:%23ffffff|line_height:1&Prime; google_fonts=\u00a0\u00bbfont_family:Montserrat%3Aregular%2C700|font_style:400%20regular%3A400%3Anormal\u00a0\u00bb][vc_column_text css_animation=\u00a0\u00bbslideInLeft\u00a0\u00bb].[\/vc_column_text][vc_btn title=\u00a0\u00bbJoindre votre conseill\u00e9 au 06.64.78.89.91&Prime; style=\u00a0\u00bboutline\u00a0\u00bb shape=\u00a0\u00bbround\u00a0\u00bb color=\u00a0\u00bbjuicy-pink\u00a0\u00bb size=\u00a0\u00bblg\u00a0\u00bb i_icon_fontawesome=\u00a0\u00bbfas fa-phone-alt\u00a0\u00bb add_icon=\u00a0\u00bbtrue\u00a0\u00bb link=\u00a0\u00bb|||\u00a0\u00bb][\/vc_column][vc_column width=\u00a0\u00bb1\/3&Prime;][vc_column_text]<\/p>\n<p><strong>LIMOGES<\/strong> nous sommes ouverts du<\/p>\n<p>LUNDI au VENDREDI de 9h30 \u00e0 12h et de 14h \u00e0 18h30<\/p>\n<p>SAMEDI de 10h \u00e0 12h et de 14h \u00e0 18h<\/p>\n<p>&nbsp;<\/p>\n<p><b>ANGOULEME <\/b>nous sommes ouverts du<\/p>\n<p>MERCREDI au VENDREDI de 10h00 \u00e0 12h et de 14h \u00e0 18h<\/p>\n<p>SAMEDI de 10h \u00e0 12h et de 14h \u00e0 17h<\/p>\n<p>&nbsp;<\/p>\n<p><b>LA SOUTERRAINE <\/b>nous sommes ouverts du<\/p>\n<p>LUNDI au VENDREDI de 9h30 \u00e0 12h et de 14h \u00e0 18h<\/p>\n<p>SAMEDI de 10h \u00e0 12h et de 14h \u00e0 17h<\/p>\n<p>[\/vc_column_text][\/vc_column][\/vc_row]<\/p>\n","protected":false},"excerpt":{"rendered":"<p><strong>DECOUVREZ notre gamme de Remorques magasins<\/strong><\/p>\n<p>Double essieu haut de gamme AL KO avec freins et recul automatique<\/p>\n<p>Hauteur d&rsquo;attelage standard Europ\u00e9en<\/p>\n<p>Roue jockey 60 mm<\/p>\n<p>4 b\u00e9quilles type caravane et 1 manivelle<\/p>\n<p>Ch\u00e2ssis en acier soud\u00e9 et galvanis\u00e9 \u00e0 chaud<\/p>\n<p>Plancher en panneau Multipli 20 mm + tapis Vinyl<\/p>\n<p>1 Porte d&rsquo;acc\u00e8s \u00e0 l&rsquo;avant sur le timon, fermeture \u00e0 cl\u00e9<\/p>\n<p>1 Hayon lat\u00e9ral droit<\/p>\n<p>1 Porte acc\u00e8s bouteille de gaz arri\u00e8re gauche<\/p>\n<p>Toit en panneau sandwich polyester et Gel Coat 25 mm<\/p>\n<p>1 Eclairage et coffret \u00e9lectrique<\/p>\n<p>Remorque avec certificat de conformit\u00e9 Europ\u00e9en COC<\/p>\n<p><strong>Homologation aux normes sanitaires la remorque est agr\u00e9e RESP<\/strong><\/p>\n<p>1 Roue de secours<\/p>\n<p>1 Timon en v\u00e9<\/p>\n<p><strong>Dimension 4,2 m x 2 m x 2,3 m PTAC 1800 \u00e0 2000 kg\u00a0<\/strong><\/p>\n<p>Autres possibilit\u00e9s de remorques sur mesure avec un d\u00e9lai raisonnable<\/p>\n<p>Possibilit\u00e9 de changer la tare des remorques en fonction de votre v\u00e9hicule et de votre permis de conduire.<\/p>\n<p>&nbsp;<\/p>\n<p>VERSION AVEC 2 OUVRANTS : 10 500 \u20ac TTC<\/p>\n<p>&nbsp;<\/p>\n","protected":false},"featured_media":2561,"template":"","meta":[],"yoast_head":"<!-- This site is optimized with the Yoast SEO plugin v16.4 - https:\/\/yoast.com\/wordpress\/plugins\/seo\/ -->\n<title>MAGASIN 4,2 m x 2 m x hauteur 2,3 m PTAC 1800 \u00e0 2000 kg 1 ou 2 ouvrants - REMORQU&amp;CO<\/title>\n<meta name=\"robots\" content=\"index, follow, max-snippet:-1, max-image-preview:large, max-video-preview:-1\" \/>\n<link rel=\"canonical\" href=\"https:\/\/remorqueco.fr\/index.php\/produit\/magasin-4-m-x-2-m-x-23-m-ptac-1800-a-2700-kg\/\" \/>\n<meta property=\"og:locale\" content=\"fr_FR\" \/>\n<meta property=\"og:type\" content=\"article\" \/>\n<meta property=\"og:title\" content=\"MAGASIN 4,2 m x 2 m x hauteur 2,3 m PTAC 1800 \u00e0 2000 kg 1 ou 2 ouvrants - REMORQU&amp;CO\" \/>\n<meta property=\"og:description\" content=\"DECOUVREZ notre gamme de Remorques magasins  Double essieu haut de gamme AL KO avec freins et recul automatique  Hauteur d&#039;attelage standard Europ\u00e9en  Roue jockey 60 mm  4 b\u00e9quilles type caravane et 1 manivelle  Ch\u00e2ssis en acier soud\u00e9 et galvanis\u00e9 \u00e0 chaud  Plancher en panneau Multipli 20 mm + tapis Vinyl  1 Porte d&#039;acc\u00e8s \u00e0 l&#039;avant sur le timon, fermeture \u00e0 cl\u00e9  1 Hayon lat\u00e9ral droit  1 Porte acc\u00e8s bouteille de gaz arri\u00e8re gauche  Toit en panneau sandwich polyester et Gel Coat 25 mm  1 Eclairage et coffret \u00e9lectrique  Remorque avec certificat de conformit\u00e9 Europ\u00e9en COC  Homologation aux normes sanitaires la remorque est agr\u00e9e RESP  1 Roue de secours  1 Timon en v\u00e9  Dimension 4,2 m x 2 m x 2,3 m PTAC 1800 \u00e0 2000 kg\u00a0  Autres possibilit\u00e9s de remorques sur mesure avec un d\u00e9lai raisonnable  Possibilit\u00e9 de changer la tare des remorques en fonction de votre v\u00e9hicule et de votre permis de conduire.  &nbsp;  VERSION AVEC 2 OUVRANTS : 10 500 \u20ac TTC  &nbsp;\" \/>\n<meta property=\"og:url\" content=\"https:\/\/remorqueco.fr\/index.php\/produit\/magasin-4-m-x-2-m-x-23-m-ptac-1800-a-2700-kg\/\" \/>\n<meta property=\"og:site_name\" content=\"REMORQU&amp;CO\" \/>\n<meta property=\"article:modified_time\" content=\"2026-01-27T07:27:02+00:00\" \/>\n<meta property=\"og:image\" content=\"https:\/\/remorqueco.fr\/new\/wp-content\/uploads\/2021\/01\/20250315_115416.jpg\" \/>\n\t<meta property=\"og:image:width\" content=\"1077\" \/>\n\t<meta property=\"og:image:height\" content=\"807\" \/>\n<meta name=\"twitter:card\" content=\"summary_large_image\" \/>\n<meta name=\"twitter:label1\" content=\"Dur\u00e9e de lecture est.\" \/>\n\t<meta name=\"twitter:data1\" content=\"1 minute\" \/>\n<script type=\"application\/ld+json\" class=\"yoast-schema-graph\">{\"@context\":\"https:\/\/schema.org\",\"@graph\":[{\"@type\":\"WebSite\",\"@id\":\"https:\/\/remorqueco.fr\/#website\",\"url\":\"https:\/\/remorqueco.fr\/\",\"name\":\"REMORQU&amp;CO\",\"description\":\"Vente de remorques \\u00e0 Limoges\",\"potentialAction\":[{\"@type\":\"SearchAction\",\"target\":\"https:\/\/remorqueco.fr\/?s={search_term_string}\",\"query-input\":\"required name=search_term_string\"}],\"inLanguage\":\"fr-FR\"},{\"@type\":\"ImageObject\",\"@id\":\"https:\/\/remorqueco.fr\/index.php\/produit\/magasin-4-m-x-2-m-x-23-m-ptac-1800-a-2700-kg\/#primaryimage\",\"inLanguage\":\"fr-FR\",\"url\":\"https:\/\/remorqueco.fr\/new\/wp-content\/uploads\/2021\/01\/20250315_115416.jpg\",\"contentUrl\":\"https:\/\/remorqueco.fr\/new\/wp-content\/uploads\/2021\/01\/20250315_115416.jpg\",\"width\":1077,\"height\":807},{\"@type\":\"WebPage\",\"@id\":\"https:\/\/remorqueco.fr\/index.php\/produit\/magasin-4-m-x-2-m-x-23-m-ptac-1800-a-2700-kg\/#webpage\",\"url\":\"https:\/\/remorqueco.fr\/index.php\/produit\/magasin-4-m-x-2-m-x-23-m-ptac-1800-a-2700-kg\/\",\"name\":\"MAGASIN 4,2 m x 2 m x hauteur 2,3 m PTAC 1800 \\u00e0 2000 kg 1 ou 2 ouvrants - REMORQU&amp;CO\",\"isPartOf\":{\"@id\":\"https:\/\/remorqueco.fr\/#website\"},\"primaryImageOfPage\":{\"@id\":\"https:\/\/remorqueco.fr\/index.php\/produit\/magasin-4-m-x-2-m-x-23-m-ptac-1800-a-2700-kg\/#primaryimage\"},\"datePublished\":\"2021-01-19T20:27:51+00:00\",\"dateModified\":\"2026-01-27T07:27:02+00:00\",\"breadcrumb\":{\"@id\":\"https:\/\/remorqueco.fr\/index.php\/produit\/magasin-4-m-x-2-m-x-23-m-ptac-1800-a-2700-kg\/#breadcrumb\"},\"inLanguage\":\"fr-FR\",\"potentialAction\":[{\"@type\":\"ReadAction\",\"target\":[\"https:\/\/remorqueco.fr\/index.php\/produit\/magasin-4-m-x-2-m-x-23-m-ptac-1800-a-2700-kg\/\"]}]},{\"@type\":\"BreadcrumbList\",\"@id\":\"https:\/\/remorqueco.fr\/index.php\/produit\/magasin-4-m-x-2-m-x-23-m-ptac-1800-a-2700-kg\/#breadcrumb\",\"itemListElement\":[{\"@type\":\"ListItem\",\"position\":1,\"item\":{\"@type\":\"WebPage\",\"@id\":\"https:\/\/remorqueco.fr\/\",\"url\":\"https:\/\/remorqueco.fr\/\",\"name\":\"Accueil\"}},{\"@type\":\"ListItem\",\"position\":2,\"item\":{\"@type\":\"WebPage\",\"@id\":\"https:\/\/remorqueco.fr\/index.php\/shop\/\",\"url\":\"https:\/\/remorqueco.fr\/index.php\/shop\/\",\"name\":\"Produits\"}},{\"@type\":\"ListItem\",\"position\":3,\"item\":{\"@id\":\"https:\/\/remorqueco.fr\/index.php\/produit\/magasin-4-m-x-2-m-x-23-m-ptac-1800-a-2700-kg\/#webpage\"}}]}]}<\/script>\n<!-- \/ Yoast SEO plugin. -->","_links":{"self":[{"href":"https:\/\/remorqueco.fr\/index.php\/wp-json\/wp\/v2\/product\/1801"}],"collection":[{"href":"https:\/\/remorqueco.fr\/index.php\/wp-json\/wp\/v2\/product"}],"about":[{"href":"https:\/\/remorqueco.fr\/index.php\/wp-json\/wp\/v2\/types\/product"}],"wp:featuredmedia":[{"embeddable":true,"href":"https:\/\/remorqueco.fr\/index.php\/wp-json\/wp\/v2\/media\/2561"}],"wp:attachment":[{"href":"https:\/\/remorqueco.fr\/index.php\/wp-json\/wp\/v2\/media?parent=1801"}],"curies":[{"name":"wp","href":"https:\/\/api.w.org\/{rel}","templated":true}]}}