{"id":1720,"date":"2021-01-03T13:26:47","date_gmt":"2021-01-03T12:26:47","guid":{"rendered":"https:\/\/remorqueco.fr\/?post_type=product&#038;p=1720"},"modified":"2026-01-21T22:03:24","modified_gmt":"2026-01-21T21:03:24","slug":"porte-bateau-tripple-essieux-yacht-3500-ptac-2500-3500-kg","status":"publish","type":"product","link":"https:\/\/remorqueco.fr\/index.php\/produit\/porte-bateau-tripple-essieux-yacht-3500-ptac-2500-3500-kg\/","title":{"rendered":"5.Porte Bateau TRIPPLE ESSIEUX YACHT 3500 PTAC 2500-3500 kg"},"content":{"rendered":"<p>[vc_row full_width=\u00a0\u00bbstretch_row\u00a0\u00bb][vc_column width=\u00a0\u00bb2\/3&Prime;][vc_custom_heading text=\u00a0\u00bbTARIF : 5 990 \u20ac TTC\u00a0\u00bb font_container=\u00a0\u00bbtag:h1|font_size:46|text_align:left|color:%23ffffff|line_height:1&Prime; google_fonts=\u00a0\u00bbfont_family:Montserrat%3Aregular%2C700|font_style:400%20regular%3A400%3Anormal\u00a0\u00bb][vc_btn title=\u00a0\u00bbJoindre votre conseill\u00e9 au 06.64.78.89.91&Prime; style=\u00a0\u00bboutline\u00a0\u00bb shape=\u00a0\u00bbround\u00a0\u00bb color=\u00a0\u00bbjuicy-pink\u00a0\u00bb size=\u00a0\u00bblg\u00a0\u00bb i_icon_fontawesome=\u00a0\u00bbfas fa-phone-alt\u00a0\u00bb add_icon=\u00a0\u00bbtrue\u00a0\u00bb link=\u00a0\u00bb|||\u00a0\u00bb][\/vc_column][vc_column width=\u00a0\u00bb1\/3&Prime;][vc_column_text][\/vc_column_text][vc_column_text]<strong>LIMOGES<\/strong> nous sommes ouverts du<\/p>\n<p>LUNDI au VENDREDI de 9h30 \u00e0 12h et de 14h \u00e0 18h30<\/p>\n<p>SAMEDI de 10h \u00e0 12h et de 14h \u00e0 18h<\/p>\n<p>&nbsp;<\/p>\n<p><b>ANGOULEME <\/b>nous sommes ouverts du<\/p>\n<p>MERCREDI au VENDREDI de 10h00 \u00e0 12h et de 14h \u00e0 18h<\/p>\n<p>SAMEDI de 10h \u00e0 12h et de 14h \u00e0 17h<\/p>\n<p>&nbsp;<\/p>\n<p><b>LA SOUTERRAINE <\/b>nous sommes ouverts du<\/p>\n<p>LUNDI au VENDREDI de 9h30 \u00e0 12h et de 14h \u00e0 18h<\/p>\n<p>SAMEDI de 10h \u00e0 12h et de 14h \u00e0 17h[\/vc_column_text][\/vc_column][\/vc_row][vc_row][vc_column][vc_column_text]ATTENTION : toutes les remorques ayant un PTAC au dessus de 500 Kg n\u00e9cessitent une CARTE GRISE.<\/p>\n<p>Remorqu&amp;CO se propose de r\u00e9aliser pour vous votre Carte Grise .<\/p>\n<p>Vous devez vous munir d&rsquo;une carte d&rsquo;identit\u00e9 et d&rsquo;une attestation de domicile (facture EDF, Telecom, Taxes, &#8230;) de moins de trois mois, le tout au nom, du ou des titulaires, de la future carte grise.<\/p>\n<p>La carte grise est r\u00e9alis\u00e9e imm\u00e9diatement dans nos bureaux, vous pouvez aussi obtenir dans nos ateliers les plaques d&rsquo;immatriculations.<\/p>\n<p>[\/vc_column_text][\/vc_column][\/vc_row]<\/p>\n","protected":false},"excerpt":{"rendered":"<p>Remorque PORTE BATEAU PTAC : 3 500 kg (possibilit\u00e9 de changer la tare de la remorque)<\/p>\n<p>P \u00e0 vide 660 kg<\/p>\n<p>Longueur maxi du bateau 8,8 m\u00e8tres<\/p>\n<p>Timon renforc\u00e9<\/p>\n<p>Ch\u00e2ssis enti\u00e8rement m\u00e9cano soud\u00e9 et galvanis\u00e9 \u00e0 chaud<\/p>\n<p>TRIPPLE Essieux AL KO ou KNOTT Water Proof<\/p>\n<p>Roue jockey automatique inclus<\/p>\n<p>Treuil \u00e0 sangle avec position r\u00e9glable<\/p>\n<p>Diabolo d&rsquo;\u00e9trave<\/p>\n<p>6 x Diabolos de soubassement<\/p>\n<p>8 x Ensembles de galets sur balanciers<\/p>\n<p>2 x multi rouleaux arri\u00e8res sur balanciers<\/p>\n<p>Rampe de feux d\u00e9montable avec connexion 13 Broches<\/p>\n<p>Rampe de feux r\u00e9glable en longueur<\/p>\n","protected":false},"featured_media":1730,"template":"","meta":[],"yoast_head":"<!-- This site is optimized with the Yoast SEO plugin v16.4 - https:\/\/yoast.com\/wordpress\/plugins\/seo\/ -->\n<title>5.Porte Bateau TRIPPLE ESSIEUX YACHT 3500 PTAC 2500-3500 kg - REMORQU&amp;CO<\/title>\n<meta name=\"robots\" content=\"index, follow, max-snippet:-1, max-image-preview:large, max-video-preview:-1\" \/>\n<link rel=\"canonical\" href=\"https:\/\/remorqueco.fr\/index.php\/produit\/porte-bateau-tripple-essieux-yacht-3500-ptac-2500-3500-kg\/\" \/>\n<meta property=\"og:locale\" content=\"fr_FR\" \/>\n<meta property=\"og:type\" content=\"article\" \/>\n<meta property=\"og:title\" content=\"5.Porte Bateau TRIPPLE ESSIEUX YACHT 3500 PTAC 2500-3500 kg - REMORQU&amp;CO\" \/>\n<meta property=\"og:description\" content=\"Remorque PORTE BATEAU PTAC : 3 500 kg (possibilit\u00e9 de changer la tare de la remorque)  P \u00e0 vide 660 kg  Longueur maxi du bateau 8,8 m\u00e8tres  Timon renforc\u00e9  Ch\u00e2ssis enti\u00e8rement m\u00e9cano soud\u00e9 et galvanis\u00e9 \u00e0 chaud  TRIPPLE Essieux AL KO ou KNOTT Water Proof  Roue jockey automatique inclus  Treuil \u00e0 sangle avec position r\u00e9glable  Diabolo d&#039;\u00e9trave  6 x Diabolos de soubassement  8 x Ensembles de galets sur balanciers  2 x multi rouleaux arri\u00e8res sur balanciers  Rampe de feux d\u00e9montable avec connexion 13 Broches  Rampe de feux r\u00e9glable en longueur\" \/>\n<meta property=\"og:url\" content=\"https:\/\/remorqueco.fr\/index.php\/produit\/porte-bateau-tripple-essieux-yacht-3500-ptac-2500-3500-kg\/\" \/>\n<meta property=\"og:site_name\" content=\"REMORQU&amp;CO\" \/>\n<meta property=\"article:modified_time\" content=\"2026-01-21T21:03:24+00:00\" \/>\n<meta property=\"og:image\" content=\"https:\/\/remorqueco.fr\/new\/wp-content\/uploads\/2021\/01\/20200608_102924.jpg\" \/>\n\t<meta property=\"og:image:width\" content=\"807\" \/>\n\t<meta property=\"og:image:height\" content=\"807\" \/>\n<meta name=\"twitter:card\" content=\"summary_large_image\" \/>\n<meta name=\"twitter:label1\" content=\"Dur\u00e9e de lecture est.\" \/>\n\t<meta name=\"twitter:data1\" content=\"1 minute\" \/>\n<script type=\"application\/ld+json\" class=\"yoast-schema-graph\">{\"@context\":\"https:\/\/schema.org\",\"@graph\":[{\"@type\":\"WebSite\",\"@id\":\"https:\/\/remorqueco.fr\/#website\",\"url\":\"https:\/\/remorqueco.fr\/\",\"name\":\"REMORQU&amp;CO\",\"description\":\"Vente de remorques \\u00e0 Limoges\",\"potentialAction\":[{\"@type\":\"SearchAction\",\"target\":\"https:\/\/remorqueco.fr\/?s={search_term_string}\",\"query-input\":\"required name=search_term_string\"}],\"inLanguage\":\"fr-FR\"},{\"@type\":\"ImageObject\",\"@id\":\"https:\/\/remorqueco.fr\/index.php\/produit\/porte-bateau-tripple-essieux-yacht-3500-ptac-2500-3500-kg\/#primaryimage\",\"inLanguage\":\"fr-FR\",\"url\":\"https:\/\/remorqueco.fr\/new\/wp-content\/uploads\/2021\/01\/20200608_102924.jpg\",\"contentUrl\":\"https:\/\/remorqueco.fr\/new\/wp-content\/uploads\/2021\/01\/20200608_102924.jpg\",\"width\":807,\"height\":807},{\"@type\":\"WebPage\",\"@id\":\"https:\/\/remorqueco.fr\/index.php\/produit\/porte-bateau-tripple-essieux-yacht-3500-ptac-2500-3500-kg\/#webpage\",\"url\":\"https:\/\/remorqueco.fr\/index.php\/produit\/porte-bateau-tripple-essieux-yacht-3500-ptac-2500-3500-kg\/\",\"name\":\"5.Porte Bateau TRIPPLE ESSIEUX YACHT 3500 PTAC 2500-3500 kg - REMORQU&amp;CO\",\"isPartOf\":{\"@id\":\"https:\/\/remorqueco.fr\/#website\"},\"primaryImageOfPage\":{\"@id\":\"https:\/\/remorqueco.fr\/index.php\/produit\/porte-bateau-tripple-essieux-yacht-3500-ptac-2500-3500-kg\/#primaryimage\"},\"datePublished\":\"2021-01-03T12:26:47+00:00\",\"dateModified\":\"2026-01-21T21:03:24+00:00\",\"breadcrumb\":{\"@id\":\"https:\/\/remorqueco.fr\/index.php\/produit\/porte-bateau-tripple-essieux-yacht-3500-ptac-2500-3500-kg\/#breadcrumb\"},\"inLanguage\":\"fr-FR\",\"potentialAction\":[{\"@type\":\"ReadAction\",\"target\":[\"https:\/\/remorqueco.fr\/index.php\/produit\/porte-bateau-tripple-essieux-yacht-3500-ptac-2500-3500-kg\/\"]}]},{\"@type\":\"BreadcrumbList\",\"@id\":\"https:\/\/remorqueco.fr\/index.php\/produit\/porte-bateau-tripple-essieux-yacht-3500-ptac-2500-3500-kg\/#breadcrumb\",\"itemListElement\":[{\"@type\":\"ListItem\",\"position\":1,\"item\":{\"@type\":\"WebPage\",\"@id\":\"https:\/\/remorqueco.fr\/\",\"url\":\"https:\/\/remorqueco.fr\/\",\"name\":\"Accueil\"}},{\"@type\":\"ListItem\",\"position\":2,\"item\":{\"@type\":\"WebPage\",\"@id\":\"https:\/\/remorqueco.fr\/index.php\/shop\/\",\"url\":\"https:\/\/remorqueco.fr\/index.php\/shop\/\",\"name\":\"Produits\"}},{\"@type\":\"ListItem\",\"position\":3,\"item\":{\"@id\":\"https:\/\/remorqueco.fr\/index.php\/produit\/porte-bateau-tripple-essieux-yacht-3500-ptac-2500-3500-kg\/#webpage\"}}]}]}<\/script>\n<!-- \/ Yoast SEO plugin. -->","_links":{"self":[{"href":"https:\/\/remorqueco.fr\/index.php\/wp-json\/wp\/v2\/product\/1720"}],"collection":[{"href":"https:\/\/remorqueco.fr\/index.php\/wp-json\/wp\/v2\/product"}],"about":[{"href":"https:\/\/remorqueco.fr\/index.php\/wp-json\/wp\/v2\/types\/product"}],"wp:featuredmedia":[{"embeddable":true,"href":"https:\/\/remorqueco.fr\/index.php\/wp-json\/wp\/v2\/media\/1730"}],"wp:attachment":[{"href":"https:\/\/remorqueco.fr\/index.php\/wp-json\/wp\/v2\/media?parent=1720"}],"curies":[{"name":"wp","href":"https:\/\/api.w.org\/{rel}","templated":true}]}}