{"id":1691,"date":"2021-01-03T11:45:53","date_gmt":"2021-01-03T10:45:53","guid":{"rendered":"https:\/\/remorqueco.fr\/?post_type=product&#038;p=1691"},"modified":"2026-01-21T18:47:24","modified_gmt":"2026-01-21T17:47:24","slug":"re-254-plateau-2500x1420x-ridelles-350-mm-main-courante","status":"publish","type":"product","link":"https:\/\/remorqueco.fr\/index.php\/produit\/re-254-plateau-2500x1420x-ridelles-350-mm-main-courante\/","title":{"rendered":"RE 254 plateau 2500x1420x ridelles 350 mm MAIN COURANTE"},"content":{"rendered":"<p>[vc_row full_width=\u00a0\u00bbstretch_row\u00a0\u00bb][vc_column width=\u00a0\u00bb2\/3&Prime;][vc_custom_heading text=\u00a0\u00bbTARIF : 1 750 \u20ac TTC\u00a0\u00bb font_container=\u00a0\u00bbtag:h1|font_size:46|text_align:left|color:%23ffffff|line_height:1&Prime; google_fonts=\u00a0\u00bbfont_family:Montserrat%3Aregular%2C700|font_style:400%20regular%3A400%3Anormal\u00a0\u00bb][vc_column_text]En Option :<\/p>\n<ul>\n<li>B\u00e2che : 100 \u20ac TTC<\/li>\n<li>Rehausses Grillag\u00e9es : 420 \u20ac TTC<\/li>\n<li>Roue de secours : 85 \u20ac<\/li>\n<li>Support de roue de secours : 65 \u20ac<\/li>\n<li>El\u00e9vateur pour basculement de la remorque : 120 \u20ac TTC<\/li>\n<\/ul>\n<p>&nbsp;<\/p>\n<p>[\/vc_column_text][vc_btn title=\u00a0\u00bbJoindre votre conseill\u00e9 au 06.64.78.89.91&Prime; style=\u00a0\u00bboutline\u00a0\u00bb shape=\u00a0\u00bbround\u00a0\u00bb color=\u00a0\u00bbjuicy-pink\u00a0\u00bb size=\u00a0\u00bblg\u00a0\u00bb i_icon_fontawesome=\u00a0\u00bbfas fa-phone-alt\u00a0\u00bb add_icon=\u00a0\u00bbtrue\u00a0\u00bb link=\u00a0\u00bb|||\u00a0\u00bb][\/vc_column][vc_column width=\u00a0\u00bb1\/3&Prime;][vc_column_text]<strong>LIMOGES<\/strong> nous sommes ouverts du<\/p>\n<p>LUNDI au VENDREDI de 9h30 \u00e0 12h et de 14h \u00e0 18h30<\/p>\n<p>SAMEDI de 10h \u00e0 12h et de 14h \u00e0 18h<\/p>\n<p>&nbsp;<\/p>\n<p><b>ANGOULEME <\/b>nous sommes ouverts du<\/p>\n<p>MERCREDI au VENDREDI de 10h00 \u00e0 12h et de 14h \u00e0 18h<\/p>\n<p>SAMEDI de 10h \u00e0 12h et de 14h \u00e0 17h<\/p>\n<p>&nbsp;<\/p>\n<p><b>LA SOUTERRAINE <\/b>nous sommes ouverts du<\/p>\n<p>LUNDI au VENDREDI de 9h30 \u00e0 12h et de 14h \u00e0 18h<\/p>\n<p>SAMEDI de 10h \u00e0 12h et de 14h \u00e0 17h[\/vc_column_text][\/vc_column][\/vc_row][vc_row][vc_column][vc_column_text]ATTENTION : toutes les remorques ayant un PTAC au dessus de 500 Kg n\u00e9cessitent une CARTE GRISE.<\/p>\n<p>Remorqu&amp;CO r\u00e9alise pour vous votre Carte Grise.<\/p>\n<p>Vous devez vous munir d&rsquo;une carte d&rsquo;identit\u00e9 et d&rsquo;une attestation de domicile (facture EDF, Telecom, Taxes, &#8230;) de moins de trois mois, le tout au nom, du ou des titulaires, de la future carte grise.<\/p>\n<p>La carte grise est r\u00e9alis\u00e9e imm\u00e9diatement dans nos bureaux, vous pouvez aussi obtenir dans nos ateliers les plaques d&rsquo;immatriculations.<\/p>\n<p>[\/vc_column_text][\/vc_column][\/vc_row]<\/p>\n","protected":false},"excerpt":{"rendered":"<p>Remorque \u00e0 timon pliable\u00a0\u00a0 PTAC 500 ou 750 kg<\/p>\n<ul>\n<li>Plateau fond bois antiglisse 9 mm : 2360 x 1250 mm<\/li>\n<li><strong> Ridelles acier hauteur 350 mm + MAIN COURANTE + porte\u00a0<\/strong><b>\u00e9chelle<\/b><\/li>\n<li>Ridelles arri\u00e8re et avant basculantes<\/li>\n<li>Poids \u00e0 Vide : 270 kg<\/li>\n<li><strong>\u00a0DOUBLE Essieux<\/strong>\u00a0 750 kg AL-KO suspension ind\u00e9pendante sur barre de torsion<\/li>\n<li>Roues 155R13<\/li>\n<li>Timon V 750 kg pliable<\/li>\n<li>Caisse : cadre et ridelles acier galvanis\u00e9 \u00e0 chaud<\/li>\n<li>Plancher en contreplaqu\u00e9 marine de haute qualit\u00e9, antiglisse, 9 mm d&rsquo;\u00e9paisseur<\/li>\n<\/ul>\n","protected":false},"featured_media":1696,"template":"","meta":[],"yoast_head":"<!-- This site is optimized with the Yoast SEO plugin v16.4 - https:\/\/yoast.com\/wordpress\/plugins\/seo\/ -->\n<title>RE 254 plateau 2500x1420x ridelles 350 mm MAIN COURANTE - REMORQU&amp;CO<\/title>\n<meta name=\"robots\" content=\"index, follow, max-snippet:-1, max-image-preview:large, max-video-preview:-1\" \/>\n<link rel=\"canonical\" href=\"https:\/\/remorqueco.fr\/index.php\/produit\/re-254-plateau-2500x1420x-ridelles-350-mm-main-courante\/\" \/>\n<meta property=\"og:locale\" content=\"fr_FR\" \/>\n<meta property=\"og:type\" content=\"article\" \/>\n<meta property=\"og:title\" content=\"RE 254 plateau 2500x1420x ridelles 350 mm MAIN COURANTE - REMORQU&amp;CO\" \/>\n<meta property=\"og:description\" content=\"Remorque \u00e0 timon pliable\u00a0\u00a0 PTAC 500 ou 750 kg   Plateau fond bois antiglisse 9 mm : 2360 x 1250 mm   Ridelles acier hauteur 350 mm + MAIN COURANTE + porte\u00a0\u00e9chelle  Ridelles arri\u00e8re et avant basculantes  Poids \u00e0 Vide : 270 kg  \u00a0DOUBLE Essieux\u00a0 750 kg AL-KO suspension ind\u00e9pendante sur barre de torsion  Roues 155R13  Timon V 750 kg pliable  Caisse : cadre et ridelles acier galvanis\u00e9 \u00e0 chaud  Plancher en contreplaqu\u00e9 marine de haute qualit\u00e9, antiglisse, 9 mm d&#039;\u00e9paisseur\" \/>\n<meta property=\"og:url\" content=\"https:\/\/remorqueco.fr\/index.php\/produit\/re-254-plateau-2500x1420x-ridelles-350-mm-main-courante\/\" \/>\n<meta property=\"og:site_name\" content=\"REMORQU&amp;CO\" \/>\n<meta property=\"article:modified_time\" content=\"2026-01-21T17:47:24+00:00\" \/>\n<meta property=\"og:image\" content=\"https:\/\/remorqueco.fr\/new\/wp-content\/uploads\/2021\/01\/20200528_160427.jpg\" \/>\n\t<meta property=\"og:image:width\" content=\"807\" \/>\n\t<meta property=\"og:image:height\" content=\"807\" \/>\n<meta name=\"twitter:card\" content=\"summary_large_image\" \/>\n<meta name=\"twitter:label1\" content=\"Dur\u00e9e de lecture est.\" \/>\n\t<meta name=\"twitter:data1\" content=\"1 minute\" \/>\n<script type=\"application\/ld+json\" class=\"yoast-schema-graph\">{\"@context\":\"https:\/\/schema.org\",\"@graph\":[{\"@type\":\"WebSite\",\"@id\":\"https:\/\/remorqueco.fr\/#website\",\"url\":\"https:\/\/remorqueco.fr\/\",\"name\":\"REMORQU&amp;CO\",\"description\":\"Vente de remorques \\u00e0 Limoges\",\"potentialAction\":[{\"@type\":\"SearchAction\",\"target\":\"https:\/\/remorqueco.fr\/?s={search_term_string}\",\"query-input\":\"required name=search_term_string\"}],\"inLanguage\":\"fr-FR\"},{\"@type\":\"ImageObject\",\"@id\":\"https:\/\/remorqueco.fr\/index.php\/produit\/re-254-plateau-2500x1420x-ridelles-350-mm-main-courante\/#primaryimage\",\"inLanguage\":\"fr-FR\",\"url\":\"https:\/\/remorqueco.fr\/new\/wp-content\/uploads\/2021\/01\/20200528_160427.jpg\",\"contentUrl\":\"https:\/\/remorqueco.fr\/new\/wp-content\/uploads\/2021\/01\/20200528_160427.jpg\",\"width\":807,\"height\":807},{\"@type\":\"WebPage\",\"@id\":\"https:\/\/remorqueco.fr\/index.php\/produit\/re-254-plateau-2500x1420x-ridelles-350-mm-main-courante\/#webpage\",\"url\":\"https:\/\/remorqueco.fr\/index.php\/produit\/re-254-plateau-2500x1420x-ridelles-350-mm-main-courante\/\",\"name\":\"RE 254 plateau 2500x1420x ridelles 350 mm MAIN COURANTE - REMORQU&amp;CO\",\"isPartOf\":{\"@id\":\"https:\/\/remorqueco.fr\/#website\"},\"primaryImageOfPage\":{\"@id\":\"https:\/\/remorqueco.fr\/index.php\/produit\/re-254-plateau-2500x1420x-ridelles-350-mm-main-courante\/#primaryimage\"},\"datePublished\":\"2021-01-03T10:45:53+00:00\",\"dateModified\":\"2026-01-21T17:47:24+00:00\",\"breadcrumb\":{\"@id\":\"https:\/\/remorqueco.fr\/index.php\/produit\/re-254-plateau-2500x1420x-ridelles-350-mm-main-courante\/#breadcrumb\"},\"inLanguage\":\"fr-FR\",\"potentialAction\":[{\"@type\":\"ReadAction\",\"target\":[\"https:\/\/remorqueco.fr\/index.php\/produit\/re-254-plateau-2500x1420x-ridelles-350-mm-main-courante\/\"]}]},{\"@type\":\"BreadcrumbList\",\"@id\":\"https:\/\/remorqueco.fr\/index.php\/produit\/re-254-plateau-2500x1420x-ridelles-350-mm-main-courante\/#breadcrumb\",\"itemListElement\":[{\"@type\":\"ListItem\",\"position\":1,\"item\":{\"@type\":\"WebPage\",\"@id\":\"https:\/\/remorqueco.fr\/\",\"url\":\"https:\/\/remorqueco.fr\/\",\"name\":\"Accueil\"}},{\"@type\":\"ListItem\",\"position\":2,\"item\":{\"@type\":\"WebPage\",\"@id\":\"https:\/\/remorqueco.fr\/index.php\/shop\/\",\"url\":\"https:\/\/remorqueco.fr\/index.php\/shop\/\",\"name\":\"Produits\"}},{\"@type\":\"ListItem\",\"position\":3,\"item\":{\"@id\":\"https:\/\/remorqueco.fr\/index.php\/produit\/re-254-plateau-2500x1420x-ridelles-350-mm-main-courante\/#webpage\"}}]}]}<\/script>\n<!-- \/ Yoast SEO plugin. -->","_links":{"self":[{"href":"https:\/\/remorqueco.fr\/index.php\/wp-json\/wp\/v2\/product\/1691"}],"collection":[{"href":"https:\/\/remorqueco.fr\/index.php\/wp-json\/wp\/v2\/product"}],"about":[{"href":"https:\/\/remorqueco.fr\/index.php\/wp-json\/wp\/v2\/types\/product"}],"wp:featuredmedia":[{"embeddable":true,"href":"https:\/\/remorqueco.fr\/index.php\/wp-json\/wp\/v2\/media\/1696"}],"wp:attachment":[{"href":"https:\/\/remorqueco.fr\/index.php\/wp-json\/wp\/v2\/media?parent=1691"}],"curies":[{"name":"wp","href":"https:\/\/api.w.org\/{rel}","templated":true}]}}