{"id":1215,"date":"2020-11-17T14:22:11","date_gmt":"2020-11-17T13:22:11","guid":{"rendered":"http:\/\/remorqueco.fr\/new\/?post_type=product&#038;p=1215"},"modified":"2026-01-10T12:54:47","modified_gmt":"2026-01-10T11:54:47","slug":"transversale","status":"publish","type":"product","link":"https:\/\/remorqueco.fr\/index.php\/produit\/transversale\/","title":{"rendered":"6.PORTE MOTO 1 moto TRANSVERSALE CCT4 + roues pivotantes Homologu\u00e9e EUROPE YO REMORQUE"},"content":{"rendered":"<p>[vc_row full_width=\u00a0\u00bbstretch_row\u00a0\u00bb][vc_column width=\u00a0\u00bb2\/3&Prime;][vc_custom_heading text=\u00a0\u00bbTARIF : 3 100 \u20ac TTC\u00a0\u00bb font_container=\u00a0\u00bbtag:h1|font_size:46|text_align:left|color:%23ffffff|line_height:1&Prime; google_fonts=\u00a0\u00bbfont_family:Montserrat%3Aregular%2C700|font_style:400%20regular%3A400%3Anormal\u00a0\u00bb][vc_column_text]En Option :<strong><br \/>\n<\/strong><\/p>\n<p>Feux de gabarit : 70 \u20ac TTC<\/p>\n<p>Roue de secours et sont support : 70 \u20ac TTC<\/p>\n<p>Coffre de rangement : 160 \u20ac TTC<\/p>\n<p>Porte v\u00e9lo 2 rails : 350 \u20ac TTC<\/p>\n<p>kit pour scooter MP3 : 300 \u20ac TTC<\/p>\n<p>Montage de la barre de biellette sur votre attelage camping car ou voiture : 35 \u20ac TTC<\/p>\n<p>[\/vc_column_text][vc_btn title=\u00a0\u00bbJoindre votre conseill\u00e9 au 06.64.78.89.91&Prime; style=\u00a0\u00bboutline\u00a0\u00bb shape=\u00a0\u00bbround\u00a0\u00bb color=\u00a0\u00bbjuicy-pink\u00a0\u00bb size=\u00a0\u00bblg\u00a0\u00bb i_icon_fontawesome=\u00a0\u00bbfas fa-phone-alt\u00a0\u00bb add_icon=\u00a0\u00bbtrue\u00a0\u00bb link=\u00a0\u00bb|||\u00a0\u00bb][\/vc_column][vc_column width=\u00a0\u00bb1\/3&Prime;][vc_column_text]<strong>EXISTE AUSSI EN VERSION PLATEAU AVEC RAMPES D\u2019ACC\u00c8S<\/strong>[\/vc_column_text][vc_column_text]<strong>LIMOGES<\/strong> nous sommes ouverts du<\/p>\n<p>LUNDI au VENDREDI de 9h30 \u00e0 12h et de 14h \u00e0 18h30<\/p>\n<p>SAMEDI de 10h \u00e0 12h et de 14h \u00e0 18h<\/p>\n<p>&nbsp;<\/p>\n<p><b>ANGOULEME <\/b>nous sommes ouverts du<\/p>\n<p>MERCREDI au VENDREDI de 10h00 \u00e0 12h et de 14h \u00e0 18h<\/p>\n<p>SAMEDI de 10h \u00e0 12h et de 14h \u00e0 17h<\/p>\n<p>&nbsp;<\/p>\n<p><b>LA SOUTERRAINE <\/b>nous sommes ouverts du<\/p>\n<p>LUNDI au VENDREDI de 9h30 \u00e0 12h et de 14h \u00e0 18h<\/p>\n<p>SAMEDI de 10h \u00e0 12h et de 14h \u00e0 17h<\/p>\n<p>[\/vc_column_text][\/vc_column][\/vc_row][vc_row][vc_column][vc_column_text]ATTENTION : toutes les remorques ayant un PTAC au dessus de 500 Kg n\u00e9cessitent une CARTE GRISE.<\/p>\n<p>Remorqu&amp;CO se propose de r\u00e9aliser pour vous votre Carte Grise .<\/p>\n<p>Vous devez vous munir d&rsquo;une carte d&rsquo;identit\u00e9 et d&rsquo;une attestation de domicile (facture EDF, Telecom, Taxes, &#8230;) de moins de trois mois, le tout au nom, du ou des titulaires, de la future carte grise.<\/p>\n<p>La carte grise est r\u00e9alis\u00e9e imm\u00e9diatement dans nos bureaux, vous pouvez aussi obtenir dans nos ateliers les plaques d&rsquo;immatriculations.<\/p>\n<p>[\/vc_column_text][\/vc_column][\/vc_row]<\/p>\n","protected":false},"excerpt":{"rendered":"<div id=\"description\" class=\"ui-tabs-panel\">\n<div class=\"description\">\n<p>Remorque porte moto fabrication et brevet fran\u00e7ais.<\/p>\n<p><strong>UNIQUE REMORQUE TRANSVERSALE AVEC HOMOLOGATION <\/strong><\/p>\n<p><strong>CHARGEMENT Moto, Scooter, MP 3 directement au SOL AVEC PALONNIER ET TREUIL<br \/>\n<\/strong><\/p>\n<p>A d\u00e9couvrir absolument !<\/p>\n<p><strong>Largeur :<\/strong> 2m38, <strong>longueur :<\/strong> 1m75\/1m90, <strong>(rangement):<\/strong> 1m10<br \/>\n<strong>Poids de la remorque \u00e0 vide :<\/strong> 140Kg<\/p>\n<p>CHARGE UTILE: jusqu\u2019\u00e0 260kgs<\/p>\n<ul>\n<li class=\"first\">Ch\u00e2ssis tubulaire galvanis\u00e9<\/li>\n<li>Syst\u00e8me biellette\/roues pivotantes* permettant d&rsquo;effectuer les marches arri\u00e8res sans difficult\u00e9s m\u00eame pour un conducteur novice<\/li>\n<li>Roues jumel\u00e9es pour la s\u00e9curit\u00e9 en cas de crevaison<\/li>\n<li>Syst\u00e8me de blocage\/d\u00e9blocage rapide des pivots de roues permettant une utilisation standard (pas de porte-\u00e0-faux\/balayage)<\/li>\n<li>Syst\u00e8me de descente du rail au sol*, permettant le chargement seul, en toute s\u00e9curit\u00e9 sans difficult\u00e9 et rapidement<\/li>\n<li>Timon r\u00e9glable en hauteur et longueur (pour adaptation \u00e0 tous types d&rsquo;attelage)<\/li>\n<li class=\"last\">Support de r\u00e9ception biellette de liaison ne n\u00e9cessitant pas de modification d\u2019attelage (attelage standard)<\/li>\n<li class=\"last\">Barre de guidon qui permet de maintenir la moto ou scooter fermement et sans contact avec la remorque.<\/li>\n<\/ul>\n<\/div>\n<\/div>\n","protected":false},"featured_media":1168,"template":"","meta":[],"yoast_head":"<!-- This site is optimized with the Yoast SEO plugin v16.4 - https:\/\/yoast.com\/wordpress\/plugins\/seo\/ -->\n<title>6.PORTE MOTO 1 moto TRANSVERSALE CCT4 + roues pivotantes Homologu\u00e9e EUROPE YO REMORQUE - REMORQU&amp;CO<\/title>\n<meta name=\"robots\" content=\"index, follow, max-snippet:-1, max-image-preview:large, max-video-preview:-1\" \/>\n<link rel=\"canonical\" href=\"https:\/\/remorqueco.fr\/index.php\/produit\/transversale\/\" \/>\n<meta property=\"og:locale\" content=\"fr_FR\" \/>\n<meta property=\"og:type\" content=\"article\" \/>\n<meta property=\"og:title\" content=\"6.PORTE MOTO 1 moto TRANSVERSALE CCT4 + roues pivotantes Homologu\u00e9e EUROPE YO REMORQUE - REMORQU&amp;CO\" \/>\n<meta property=\"og:description\" content=\"Remorque porte moto fabrication et brevet fran\u00e7ais.  UNIQUE REMORQUE TRANSVERSALE AVEC HOMOLOGATION   CHARGEMENT Moto, Scooter, MP 3 directement au SOL AVEC PALONNIER ET TREUIL   A d\u00e9couvrir absolument !  Largeur : 2m38, longueur : 1m75\/1m90, (rangement): 1m10 Poids de la remorque \u00e0 vide : 140Kg  CHARGE UTILE: jusqu\u2019\u00e0 260kgs   Ch\u00e2ssis tubulaire galvanis\u00e9  Syst\u00e8me biellette\/roues pivotantes* permettant d&#039;effectuer les marches arri\u00e8res sans difficult\u00e9s m\u00eame pour un conducteur novice  Roues jumel\u00e9es pour la s\u00e9curit\u00e9 en cas de crevaison  Syst\u00e8me de blocage\/d\u00e9blocage rapide des pivots de roues permettant une utilisation standard (pas de porte-\u00e0-faux\/balayage)  Syst\u00e8me de descente du rail au sol*, permettant le chargement seul, en toute s\u00e9curit\u00e9 sans difficult\u00e9 et rapidement  Timon r\u00e9glable en hauteur et longueur (pour adaptation \u00e0 tous types d&#039;attelage)  Support de r\u00e9ception biellette de liaison ne n\u00e9cessitant pas de modification d\u2019attelage (attelage standard)  Barre de guidon qui permet de maintenir la moto ou scooter fermement et sans contact avec la remorque.\" \/>\n<meta property=\"og:url\" content=\"https:\/\/remorqueco.fr\/index.php\/produit\/transversale\/\" \/>\n<meta property=\"og:site_name\" content=\"REMORQU&amp;CO\" \/>\n<meta property=\"article:modified_time\" content=\"2026-01-10T11:54:47+00:00\" \/>\n<meta property=\"og:image\" content=\"https:\/\/remorqueco.fr\/new\/wp-content\/uploads\/2020\/11\/CCT4-Presentation-1.png\" \/>\n\t<meta property=\"og:image:width\" content=\"500\" \/>\n\t<meta property=\"og:image:height\" content=\"507\" \/>\n<meta name=\"twitter:card\" content=\"summary_large_image\" \/>\n<meta name=\"twitter:label1\" content=\"Dur\u00e9e de lecture est.\" \/>\n\t<meta name=\"twitter:data1\" content=\"2 minutes\" \/>\n<script type=\"application\/ld+json\" class=\"yoast-schema-graph\">{\"@context\":\"https:\/\/schema.org\",\"@graph\":[{\"@type\":\"WebSite\",\"@id\":\"https:\/\/remorqueco.fr\/#website\",\"url\":\"https:\/\/remorqueco.fr\/\",\"name\":\"REMORQU&amp;CO\",\"description\":\"Vente de remorques \\u00e0 Limoges\",\"potentialAction\":[{\"@type\":\"SearchAction\",\"target\":\"https:\/\/remorqueco.fr\/?s={search_term_string}\",\"query-input\":\"required name=search_term_string\"}],\"inLanguage\":\"fr-FR\"},{\"@type\":\"ImageObject\",\"@id\":\"https:\/\/remorqueco.fr\/index.php\/produit\/transversale\/#primaryimage\",\"inLanguage\":\"fr-FR\",\"url\":\"https:\/\/remorqueco.fr\/new\/wp-content\/uploads\/2020\/11\/CCT4-Presentation-1.png\",\"contentUrl\":\"https:\/\/remorqueco.fr\/new\/wp-content\/uploads\/2020\/11\/CCT4-Presentation-1.png\",\"width\":500,\"height\":507,\"caption\":\"M REMORQUE TRANSVERSALE CAMPING CAR\"},{\"@type\":\"WebPage\",\"@id\":\"https:\/\/remorqueco.fr\/index.php\/produit\/transversale\/#webpage\",\"url\":\"https:\/\/remorqueco.fr\/index.php\/produit\/transversale\/\",\"name\":\"6.PORTE MOTO 1 moto TRANSVERSALE CCT4 + roues pivotantes Homologu\\u00e9e EUROPE YO REMORQUE - REMORQU&amp;CO\",\"isPartOf\":{\"@id\":\"https:\/\/remorqueco.fr\/#website\"},\"primaryImageOfPage\":{\"@id\":\"https:\/\/remorqueco.fr\/index.php\/produit\/transversale\/#primaryimage\"},\"datePublished\":\"2020-11-17T13:22:11+00:00\",\"dateModified\":\"2026-01-10T11:54:47+00:00\",\"breadcrumb\":{\"@id\":\"https:\/\/remorqueco.fr\/index.php\/produit\/transversale\/#breadcrumb\"},\"inLanguage\":\"fr-FR\",\"potentialAction\":[{\"@type\":\"ReadAction\",\"target\":[\"https:\/\/remorqueco.fr\/index.php\/produit\/transversale\/\"]}]},{\"@type\":\"BreadcrumbList\",\"@id\":\"https:\/\/remorqueco.fr\/index.php\/produit\/transversale\/#breadcrumb\",\"itemListElement\":[{\"@type\":\"ListItem\",\"position\":1,\"item\":{\"@type\":\"WebPage\",\"@id\":\"https:\/\/remorqueco.fr\/\",\"url\":\"https:\/\/remorqueco.fr\/\",\"name\":\"Accueil\"}},{\"@type\":\"ListItem\",\"position\":2,\"item\":{\"@type\":\"WebPage\",\"@id\":\"https:\/\/remorqueco.fr\/index.php\/shop\/\",\"url\":\"https:\/\/remorqueco.fr\/index.php\/shop\/\",\"name\":\"Produits\"}},{\"@type\":\"ListItem\",\"position\":3,\"item\":{\"@id\":\"https:\/\/remorqueco.fr\/index.php\/produit\/transversale\/#webpage\"}}]}]}<\/script>\n<!-- \/ Yoast SEO plugin. -->","_links":{"self":[{"href":"https:\/\/remorqueco.fr\/index.php\/wp-json\/wp\/v2\/product\/1215"}],"collection":[{"href":"https:\/\/remorqueco.fr\/index.php\/wp-json\/wp\/v2\/product"}],"about":[{"href":"https:\/\/remorqueco.fr\/index.php\/wp-json\/wp\/v2\/types\/product"}],"wp:featuredmedia":[{"embeddable":true,"href":"https:\/\/remorqueco.fr\/index.php\/wp-json\/wp\/v2\/media\/1168"}],"wp:attachment":[{"href":"https:\/\/remorqueco.fr\/index.php\/wp-json\/wp\/v2\/media?parent=1215"}],"curies":[{"name":"wp","href":"https:\/\/api.w.org\/{rel}","templated":true}]}}