{"id":1103,"date":"2020-11-13T14:56:18","date_gmt":"2020-11-13T13:56:18","guid":{"rendered":"http:\/\/remorqueco.fr\/new\/?post_type=product&#038;p=1103"},"modified":"2026-04-07T16:47:10","modified_gmt":"2026-04-07T14:47:10","slug":"car-flat-36-m-x-18-m-avec-basculement-ptac-1500-kg","status":"publish","type":"product","link":"https:\/\/remorqueco.fr\/index.php\/produit\/car-flat-36-m-x-18-m-avec-basculement-ptac-1500-kg\/","title":{"rendered":"CAR FLAT 3,6 m x 1,84 m avec Basculement PTAC 1500 kg"},"content":{"rendered":"<p>[vc_row full_width=\u00a0\u00bbstretch_row\u00a0\u00bb][vc_column width=\u00a0\u00bb2\/3&Prime;][vc_custom_heading text=\u00a0\u00bbTARIF : 2 390 \u20ac TTC\u00a0\u00bb font_container=\u00a0\u00bbtag:h1|font_size:46|text_align:left|color:%23ffffff|line_height:1&Prime; google_fonts=\u00a0\u00bbfont_family:Montserrat%3Aregular%2C700|font_style:400%20regular%3A400%3Anormal\u00a0\u00bb][vc_column_text]<strong>Option remplissage plancher BOIS\u00a0 + 200 \u20ac TTC<\/strong><\/p>\n<p>Roue de secours : 140 \u20ac TTC<\/p>\n<p>Support de roue de secours\u00a0 : 75 \u20ac TTC<\/p>\n<p>Treuil et support de treuil : 250 \u20ac TTC<\/p>\n<p>[\/vc_column_text][vc_btn title=\u00a0\u00bbJoindre votre conseill\u00e9 au 06.64.78.89.91&Prime; style=\u00a0\u00bboutline\u00a0\u00bb shape=\u00a0\u00bbround\u00a0\u00bb color=\u00a0\u00bbjuicy-pink\u00a0\u00bb size=\u00a0\u00bblg\u00a0\u00bb i_icon_fontawesome=\u00a0\u00bbfas fa-phone-alt\u00a0\u00bb add_icon=\u00a0\u00bbtrue\u00a0\u00bb link=\u00a0\u00bb|||\u00a0\u00bb][\/vc_column][vc_column width=\u00a0\u00bb1\/3&Prime;][vc_column_text]<strong>Autre Version <\/strong><strong>PTAC 1300 kg\u00a0 et 1800 KG<\/strong><\/p>\n<p><b>voir sur le site<\/b>[\/vc_column_text][vc_column_text]<strong>LIMOGES<\/strong> nous sommes ouverts du<\/p>\n<p>LUNDI au VENDREDI de 9h30 \u00e0 12h et de 14h \u00e0 18h30<\/p>\n<p>SAMEDI de 10h \u00e0 12h et de 14h \u00e0 18h<\/p>\n<p>&nbsp;<\/p>\n<p><b>ANGOULEME <\/b>nous sommes ouverts du<\/p>\n<p>MERCREDI au VENDREDI de 10h00 \u00e0 12h et de 14h \u00e0 18h<\/p>\n<p>SAMEDI de 10h \u00e0 12h et de 14h \u00e0 17h<\/p>\n<p>&nbsp;<\/p>\n<p><b>LA SOUTERRAINE <\/b>nous sommes ouverts du<\/p>\n<p>LUNDI au VENDREDI de 9h30 \u00e0 12h et de 14h \u00e0 18h<\/p>\n<p>SAMEDI de 10h \u00e0 12h et de 14h \u00e0 17h<\/p>\n<p>[\/vc_column_text][\/vc_column][\/vc_row][vc_row][vc_column][vc_column_text]ATTENTION : toutes les remorques ayant un PTAC au dessus de 500 Kg n\u00e9cessitent une CARTE GRISE.<\/p>\n<p>Remorqu&amp;CO se propose de r\u00e9aliser pour vous votre Carte Grise.<\/p>\n<p>Vous devez vous munir d&rsquo;une carte d&rsquo;identit\u00e9 et d&rsquo;une attestation de domicile (facture EDF, Telecom, Taxes, &#8230;) de moins de trois mois, le tout au nom, du ou des titulaires, de la future carte grise.<\/p>\n<p>La carte grise est r\u00e9alis\u00e9e imm\u00e9diatement dans nos bureaux, vous pouvez aussi obtenir dans nos ateliers les plaques d&rsquo;immatriculations.<\/p>\n<p>[\/vc_column_text][\/vc_column][\/vc_row]<\/p>\n","protected":false},"excerpt":{"rendered":"<p>Remorque professionnelle pour le transport de v\u00e9hicules automobiles<\/p>\n<ul>\n<li>Dimensions : 3,60 m x 1, 84 m<\/li>\n<li>Rampes de chargement fix\u00e9es \u00e0 la remorque en t\u00f4le acier perfor\u00e9es antiglisse trous ovales<\/li>\n<li>SIMPLE Essieux 1500 kg AL-KO ou KNOTT suspension ind\u00e9pendante sur barre de torsion<\/li>\n<li>Roues 195\/50 R 13 C C<\/li>\n<li>Timon V<\/li>\n<li>Basculement sur 2 v\u00e9rins \u00e0 gaz<\/li>\n<li>PTAC 800 &#8211; 1500 kg<\/li>\n<li>Frein \u00e0 inertie AL-KO ou KNOTT<\/li>\n<\/ul>\n<p><strong>Poids \u00e0 vide 370 kg<\/strong><\/p>\n","protected":false},"featured_media":1107,"template":"","meta":[],"yoast_head":"<!-- This site is optimized with the Yoast SEO plugin v16.4 - https:\/\/yoast.com\/wordpress\/plugins\/seo\/ -->\n<title>CAR FLAT 3,6 m x 1,84 m avec Basculement PTAC 1500 kg - REMORQU&amp;CO<\/title>\n<meta name=\"robots\" content=\"index, follow, max-snippet:-1, max-image-preview:large, max-video-preview:-1\" \/>\n<link rel=\"canonical\" href=\"https:\/\/remorqueco.fr\/index.php\/produit\/car-flat-36-m-x-18-m-avec-basculement-ptac-1500-kg\/\" \/>\n<meta property=\"og:locale\" content=\"fr_FR\" \/>\n<meta property=\"og:type\" content=\"article\" \/>\n<meta property=\"og:title\" content=\"CAR FLAT 3,6 m x 1,84 m avec Basculement PTAC 1500 kg - REMORQU&amp;CO\" \/>\n<meta property=\"og:description\" content=\"Remorque professionnelle pour le transport de v\u00e9hicules automobiles   Dimensions : 3,60 m x 1, 84 m  Rampes de chargement fix\u00e9es \u00e0 la remorque en t\u00f4le acier perfor\u00e9es antiglisse trous ovales  SIMPLE Essieux 1500 kg AL-KO ou KNOTT suspension ind\u00e9pendante sur barre de torsion  Roues 195\/50 R 13 C C  Timon V  Basculement sur 2 v\u00e9rins \u00e0 gaz  PTAC 800 - 1500 kg  Frein \u00e0 inertie AL-KO ou KNOTT  Poids \u00e0 vide 370 kg\" \/>\n<meta property=\"og:url\" content=\"https:\/\/remorqueco.fr\/index.php\/produit\/car-flat-36-m-x-18-m-avec-basculement-ptac-1500-kg\/\" \/>\n<meta property=\"og:site_name\" content=\"REMORQU&amp;CO\" \/>\n<meta property=\"article:modified_time\" content=\"2026-04-07T14:47:10+00:00\" \/>\n<meta property=\"og:image\" content=\"https:\/\/remorqueco.fr\/new\/wp-content\/uploads\/2020\/11\/gg2810.jpg\" \/>\n\t<meta property=\"og:image:width\" content=\"807\" \/>\n\t<meta property=\"og:image:height\" content=\"807\" \/>\n<meta name=\"twitter:card\" content=\"summary_large_image\" \/>\n<meta name=\"twitter:label1\" content=\"Dur\u00e9e de lecture est.\" \/>\n\t<meta name=\"twitter:data1\" content=\"2 minutes\" \/>\n<script type=\"application\/ld+json\" class=\"yoast-schema-graph\">{\"@context\":\"https:\/\/schema.org\",\"@graph\":[{\"@type\":\"WebSite\",\"@id\":\"https:\/\/remorqueco.fr\/#website\",\"url\":\"https:\/\/remorqueco.fr\/\",\"name\":\"REMORQU&amp;CO\",\"description\":\"Vente de remorques \\u00e0 Limoges\",\"potentialAction\":[{\"@type\":\"SearchAction\",\"target\":\"https:\/\/remorqueco.fr\/?s={search_term_string}\",\"query-input\":\"required name=search_term_string\"}],\"inLanguage\":\"fr-FR\"},{\"@type\":\"ImageObject\",\"@id\":\"https:\/\/remorqueco.fr\/index.php\/produit\/car-flat-36-m-x-18-m-avec-basculement-ptac-1500-kg\/#primaryimage\",\"inLanguage\":\"fr-FR\",\"url\":\"https:\/\/remorqueco.fr\/new\/wp-content\/uploads\/2020\/11\/gg2810.jpg\",\"contentUrl\":\"https:\/\/remorqueco.fr\/new\/wp-content\/uploads\/2020\/11\/gg2810.jpg\",\"width\":807,\"height\":807},{\"@type\":\"WebPage\",\"@id\":\"https:\/\/remorqueco.fr\/index.php\/produit\/car-flat-36-m-x-18-m-avec-basculement-ptac-1500-kg\/#webpage\",\"url\":\"https:\/\/remorqueco.fr\/index.php\/produit\/car-flat-36-m-x-18-m-avec-basculement-ptac-1500-kg\/\",\"name\":\"CAR FLAT 3,6 m x 1,84 m avec Basculement PTAC 1500 kg - REMORQU&amp;CO\",\"isPartOf\":{\"@id\":\"https:\/\/remorqueco.fr\/#website\"},\"primaryImageOfPage\":{\"@id\":\"https:\/\/remorqueco.fr\/index.php\/produit\/car-flat-36-m-x-18-m-avec-basculement-ptac-1500-kg\/#primaryimage\"},\"datePublished\":\"2020-11-13T13:56:18+00:00\",\"dateModified\":\"2026-04-07T14:47:10+00:00\",\"breadcrumb\":{\"@id\":\"https:\/\/remorqueco.fr\/index.php\/produit\/car-flat-36-m-x-18-m-avec-basculement-ptac-1500-kg\/#breadcrumb\"},\"inLanguage\":\"fr-FR\",\"potentialAction\":[{\"@type\":\"ReadAction\",\"target\":[\"https:\/\/remorqueco.fr\/index.php\/produit\/car-flat-36-m-x-18-m-avec-basculement-ptac-1500-kg\/\"]}]},{\"@type\":\"BreadcrumbList\",\"@id\":\"https:\/\/remorqueco.fr\/index.php\/produit\/car-flat-36-m-x-18-m-avec-basculement-ptac-1500-kg\/#breadcrumb\",\"itemListElement\":[{\"@type\":\"ListItem\",\"position\":1,\"item\":{\"@type\":\"WebPage\",\"@id\":\"https:\/\/remorqueco.fr\/\",\"url\":\"https:\/\/remorqueco.fr\/\",\"name\":\"Accueil\"}},{\"@type\":\"ListItem\",\"position\":2,\"item\":{\"@type\":\"WebPage\",\"@id\":\"https:\/\/remorqueco.fr\/index.php\/shop\/\",\"url\":\"https:\/\/remorqueco.fr\/index.php\/shop\/\",\"name\":\"Produits\"}},{\"@type\":\"ListItem\",\"position\":3,\"item\":{\"@id\":\"https:\/\/remorqueco.fr\/index.php\/produit\/car-flat-36-m-x-18-m-avec-basculement-ptac-1500-kg\/#webpage\"}}]}]}<\/script>\n<!-- \/ Yoast SEO plugin. -->","_links":{"self":[{"href":"https:\/\/remorqueco.fr\/index.php\/wp-json\/wp\/v2\/product\/1103"}],"collection":[{"href":"https:\/\/remorqueco.fr\/index.php\/wp-json\/wp\/v2\/product"}],"about":[{"href":"https:\/\/remorqueco.fr\/index.php\/wp-json\/wp\/v2\/types\/product"}],"wp:featuredmedia":[{"embeddable":true,"href":"https:\/\/remorqueco.fr\/index.php\/wp-json\/wp\/v2\/media\/1107"}],"wp:attachment":[{"href":"https:\/\/remorqueco.fr\/index.php\/wp-json\/wp\/v2\/media?parent=1103"}],"curies":[{"name":"wp","href":"https:\/\/api.w.org\/{rel}","templated":true}]}}