{"id":1086,"date":"2020-11-13T14:20:10","date_gmt":"2020-11-13T13:20:10","guid":{"rendered":"http:\/\/remorqueco.fr\/new\/?post_type=product&#038;p=1086"},"modified":"2026-01-21T21:54:09","modified_gmt":"2026-01-21T20:54:09","slug":"gt-plateau-600-s-ptac-1600-3500-kg-rampes-de-chargement-plateau-plein-6100-x-2100","status":"publish","type":"product","link":"https:\/\/remorqueco.fr\/index.php\/produit\/gt-plateau-600-s-ptac-1600-3500-kg-rampes-de-chargement-plateau-plein-6100-x-2100\/","title":{"rendered":"GT PLATEAU 600 S PTAC 2500-3500 kg rampes de chargement plateau plein 6100 x 2100"},"content":{"rendered":"<p>[vc_row full_width=\u00a0\u00bbstretch_row\u00a0\u00bb][vc_column width=\u00a0\u00bb2\/3&Prime;][vc_custom_heading text=\u00a0\u00bbTARIF : 6 250 \u20ac TTC\u00a0\u00bb font_container=\u00a0\u00bbtag:h1|font_size:46|text_align:left|color:%23ffffff|line_height:1&Prime; google_fonts=\u00a0\u00bbfont_family:Montserrat%3Aregular%2C700|font_style:400%20regular%3A400%3Anormal\u00a0\u00bb][vc_column_text]<strong>version PTAC 3500 kg<\/strong><\/p>\n<p><strong>Inclus dans le tarifs les rampes et le treuil avec son support<\/strong><\/p>\n<p>VERSION 3 ESSIEUX\u00a0 actuellement en stock ancien tarif : 6 250 \u20ac TTC<\/p>\n<p>Option :<\/p>\n<p><strong>Roue de secours + support\u00a0 : 210 \u20ac TTC<\/strong><\/p>\n<p><strong>jeux de ridelle ALUM 30 cm : 1 200 \u20ac TTC<\/strong><\/p>\n<p><strong>Barre cale de roues Av : 110 \u20ac TTC<\/strong><\/p>\n<p>[\/vc_column_text][vc_btn title=\u00a0\u00bbJoindre votre conseill\u00e9 au 06.64.78.89.91&Prime; style=\u00a0\u00bboutline\u00a0\u00bb shape=\u00a0\u00bbround\u00a0\u00bb color=\u00a0\u00bbjuicy-pink\u00a0\u00bb size=\u00a0\u00bblg\u00a0\u00bb i_icon_fontawesome=\u00a0\u00bbfas fa-phone-alt\u00a0\u00bb add_icon=\u00a0\u00bbtrue\u00a0\u00bb link=\u00a0\u00bb|||\u00a0\u00bb][\/vc_column][vc_column width=\u00a0\u00bb1\/3&Prime;][vc_column_text]version 2 ou 3 essieux tarif identique<\/p>\n<p>[\/vc_column_text][vc_column_text]<strong>LIMOGES<\/strong> nous sommes ouverts du<\/p>\n<p>LUNDI au VENDREDI de 9h30 \u00e0 12h et de 14h \u00e0 18h30<\/p>\n<p>SAMEDI de 10h \u00e0 12h et de 14h \u00e0 18h<\/p>\n<p>&nbsp;<\/p>\n<p><b>ANGOULEME <\/b>nous sommes ouverts du<\/p>\n<p>MERCREDI au VENDREDI de 10h00 \u00e0 12h et de 14h \u00e0 18h<\/p>\n<p>SAMEDI de 10h \u00e0 12h et de 14h \u00e0 17h<\/p>\n<p>&nbsp;<\/p>\n<p><b>LA SOUTERRAINE <\/b>nous sommes ouverts du<\/p>\n<p>LUNDI au VENDREDI de 9h30 \u00e0 12h et de 14h \u00e0 18h<\/p>\n<p>SAMEDI de 10h \u00e0 12h et de 14h \u00e0 17h<\/p>\n<p>[\/vc_column_text][\/vc_column][\/vc_row][vc_row][vc_column][vc_column_text]ATTENTION : toutes les remorques ayant un PTAC au dessus de 500 Kg n\u00e9cessitent une CARTE GRISE.<\/p>\n<p>Remorqu&amp;CO se propose de r\u00e9aliser pour vous votre Carte Grise .<\/p>\n<p>Vous devez vous munir d&rsquo;une carte d&rsquo;identit\u00e9 et d&rsquo;une attestation de domicile (facture EDF, Telecom, Taxes, &#8230;) de moins de trois mois, le tout au nom, du ou des titulaires, de la future carte grise.<\/p>\n<p>La carte grise est r\u00e9alis\u00e9e imm\u00e9diatement dans nos bureaux, vous pouvez aussi obtenir dans nos ateliers les plaques d&rsquo;immatriculations.<\/p>\n<p>[\/vc_column_text][\/vc_column][\/vc_row]<\/p>\n","protected":false},"excerpt":{"rendered":"<p>Remorque professionnelle pour le transport de v\u00e9hicules automobiles et autres<\/p>\n<ul>\n<li>Dimensions : 6100 mmx 2140 mm<\/li>\n<li>Rampes de chargement en t\u00f4le acier perfor\u00e9e antiglisse trous ovales<\/li>\n<li>TRIPLE Essieux ou DOUBLE Essieux AL-KO ou KNOTT suspension ind\u00e9pendante sur barre de torsion<\/li>\n<li>Roues 195\/50 R 13<\/li>\n<li>PTAC 2500 kg \u00e0 3500 kg<\/li>\n<\/ul>\n<p><strong>Poids \u00e0 Vide 840 kg<\/strong><\/p>\n<ul>\n<li>\u00a0Timon V<\/li>\n<li>\u00a0Frein \u00e0 inertie AL-KO ou KNOTT<\/li>\n<li>\u00a0Ch\u00e2ssis : cadre fabriqu\u00e9 en t\u00f4le parachev\u00e9e \u00e0 froid acier galvanis\u00e9 2,5 mm viss\u00e9<\/li>\n<li>Plancher en contreplaqu\u00e9 marine de haute qualit\u00e9, antiglisse<\/li>\n<\/ul>\n","protected":false},"featured_media":1083,"template":"","meta":[],"yoast_head":"<!-- This site is optimized with the Yoast SEO plugin v16.4 - https:\/\/yoast.com\/wordpress\/plugins\/seo\/ -->\n<title>GT PLATEAU 600 S PTAC 2500-3500 kg rampes de chargement plateau plein 6100 x 2100 - REMORQU&amp;CO<\/title>\n<meta name=\"robots\" content=\"index, follow, max-snippet:-1, max-image-preview:large, max-video-preview:-1\" \/>\n<link rel=\"canonical\" href=\"https:\/\/remorqueco.fr\/index.php\/produit\/gt-plateau-600-s-ptac-1600-3500-kg-rampes-de-chargement-plateau-plein-6100-x-2100\/\" \/>\n<meta property=\"og:locale\" content=\"fr_FR\" \/>\n<meta property=\"og:type\" content=\"article\" \/>\n<meta property=\"og:title\" content=\"GT PLATEAU 600 S PTAC 2500-3500 kg rampes de chargement plateau plein 6100 x 2100 - REMORQU&amp;CO\" \/>\n<meta property=\"og:description\" content=\"Remorque professionnelle pour le transport de v\u00e9hicules automobiles et autres   Dimensions : 6100 mmx 2140 mm  Rampes de chargement en t\u00f4le acier perfor\u00e9e antiglisse trous ovales  TRIPLE Essieux ou DOUBLE Essieux AL-KO ou KNOTT suspension ind\u00e9pendante sur barre de torsion  Roues 195\/50 R 13  PTAC 2500 kg \u00e0 3500 kg  Poids \u00e0 Vide 840 kg   \u00a0Timon V  \u00a0Frein \u00e0 inertie AL-KO ou KNOTT  \u00a0Ch\u00e2ssis : cadre fabriqu\u00e9 en t\u00f4le parachev\u00e9e \u00e0 froid acier galvanis\u00e9 2,5 mm viss\u00e9  Plancher en contreplaqu\u00e9 marine de haute qualit\u00e9, antiglisse\" \/>\n<meta property=\"og:url\" content=\"https:\/\/remorqueco.fr\/index.php\/produit\/gt-plateau-600-s-ptac-1600-3500-kg-rampes-de-chargement-plateau-plein-6100-x-2100\/\" \/>\n<meta property=\"og:site_name\" content=\"REMORQU&amp;CO\" \/>\n<meta property=\"article:modified_time\" content=\"2026-01-21T20:54:09+00:00\" \/>\n<meta property=\"og:image\" content=\"https:\/\/remorqueco.fr\/new\/wp-content\/uploads\/2020\/11\/20200214_170847.jpg\" \/>\n\t<meta property=\"og:image:width\" content=\"807\" \/>\n\t<meta property=\"og:image:height\" content=\"807\" \/>\n<meta name=\"twitter:card\" content=\"summary_large_image\" \/>\n<meta name=\"twitter:label1\" content=\"Dur\u00e9e de lecture est.\" \/>\n\t<meta name=\"twitter:data1\" content=\"2 minutes\" \/>\n<script type=\"application\/ld+json\" class=\"yoast-schema-graph\">{\"@context\":\"https:\/\/schema.org\",\"@graph\":[{\"@type\":\"WebSite\",\"@id\":\"https:\/\/remorqueco.fr\/#website\",\"url\":\"https:\/\/remorqueco.fr\/\",\"name\":\"REMORQU&amp;CO\",\"description\":\"Vente de remorques \\u00e0 Limoges\",\"potentialAction\":[{\"@type\":\"SearchAction\",\"target\":\"https:\/\/remorqueco.fr\/?s={search_term_string}\",\"query-input\":\"required name=search_term_string\"}],\"inLanguage\":\"fr-FR\"},{\"@type\":\"ImageObject\",\"@id\":\"https:\/\/remorqueco.fr\/index.php\/produit\/gt-plateau-600-s-ptac-1600-3500-kg-rampes-de-chargement-plateau-plein-6100-x-2100\/#primaryimage\",\"inLanguage\":\"fr-FR\",\"url\":\"https:\/\/remorqueco.fr\/new\/wp-content\/uploads\/2020\/11\/20200214_170847.jpg\",\"contentUrl\":\"https:\/\/remorqueco.fr\/new\/wp-content\/uploads\/2020\/11\/20200214_170847.jpg\",\"width\":807,\"height\":807},{\"@type\":\"WebPage\",\"@id\":\"https:\/\/remorqueco.fr\/index.php\/produit\/gt-plateau-600-s-ptac-1600-3500-kg-rampes-de-chargement-plateau-plein-6100-x-2100\/#webpage\",\"url\":\"https:\/\/remorqueco.fr\/index.php\/produit\/gt-plateau-600-s-ptac-1600-3500-kg-rampes-de-chargement-plateau-plein-6100-x-2100\/\",\"name\":\"GT PLATEAU 600 S PTAC 2500-3500 kg rampes de chargement plateau plein 6100 x 2100 - REMORQU&amp;CO\",\"isPartOf\":{\"@id\":\"https:\/\/remorqueco.fr\/#website\"},\"primaryImageOfPage\":{\"@id\":\"https:\/\/remorqueco.fr\/index.php\/produit\/gt-plateau-600-s-ptac-1600-3500-kg-rampes-de-chargement-plateau-plein-6100-x-2100\/#primaryimage\"},\"datePublished\":\"2020-11-13T13:20:10+00:00\",\"dateModified\":\"2026-01-21T20:54:09+00:00\",\"breadcrumb\":{\"@id\":\"https:\/\/remorqueco.fr\/index.php\/produit\/gt-plateau-600-s-ptac-1600-3500-kg-rampes-de-chargement-plateau-plein-6100-x-2100\/#breadcrumb\"},\"inLanguage\":\"fr-FR\",\"potentialAction\":[{\"@type\":\"ReadAction\",\"target\":[\"https:\/\/remorqueco.fr\/index.php\/produit\/gt-plateau-600-s-ptac-1600-3500-kg-rampes-de-chargement-plateau-plein-6100-x-2100\/\"]}]},{\"@type\":\"BreadcrumbList\",\"@id\":\"https:\/\/remorqueco.fr\/index.php\/produit\/gt-plateau-600-s-ptac-1600-3500-kg-rampes-de-chargement-plateau-plein-6100-x-2100\/#breadcrumb\",\"itemListElement\":[{\"@type\":\"ListItem\",\"position\":1,\"item\":{\"@type\":\"WebPage\",\"@id\":\"https:\/\/remorqueco.fr\/\",\"url\":\"https:\/\/remorqueco.fr\/\",\"name\":\"Accueil\"}},{\"@type\":\"ListItem\",\"position\":2,\"item\":{\"@type\":\"WebPage\",\"@id\":\"https:\/\/remorqueco.fr\/index.php\/shop\/\",\"url\":\"https:\/\/remorqueco.fr\/index.php\/shop\/\",\"name\":\"Produits\"}},{\"@type\":\"ListItem\",\"position\":3,\"item\":{\"@id\":\"https:\/\/remorqueco.fr\/index.php\/produit\/gt-plateau-600-s-ptac-1600-3500-kg-rampes-de-chargement-plateau-plein-6100-x-2100\/#webpage\"}}]}]}<\/script>\n<!-- \/ Yoast SEO plugin. -->","_links":{"self":[{"href":"https:\/\/remorqueco.fr\/index.php\/wp-json\/wp\/v2\/product\/1086"}],"collection":[{"href":"https:\/\/remorqueco.fr\/index.php\/wp-json\/wp\/v2\/product"}],"about":[{"href":"https:\/\/remorqueco.fr\/index.php\/wp-json\/wp\/v2\/types\/product"}],"wp:featuredmedia":[{"embeddable":true,"href":"https:\/\/remorqueco.fr\/index.php\/wp-json\/wp\/v2\/media\/1083"}],"wp:attachment":[{"href":"https:\/\/remorqueco.fr\/index.php\/wp-json\/wp\/v2\/media?parent=1086"}],"curies":[{"name":"wp","href":"https:\/\/api.w.org\/{rel}","templated":true}]}}