{"id":1055,"date":"2020-11-13T12:04:53","date_gmt":"2020-11-13T11:04:53","guid":{"rendered":"http:\/\/remorqueco.fr\/new\/?post_type=product&#038;p=1055"},"modified":"2026-01-19T15:52:53","modified_gmt":"2026-01-19T14:52:53","slug":"gt-800-3-essieux-ptac-3500-kg-plateau-8-metres-x-2-metres","status":"publish","type":"product","link":"https:\/\/remorqueco.fr\/index.php\/produit\/gt-800-3-essieux-ptac-3500-kg-plateau-8-metres-x-2-metres\/","title":{"rendered":"GT 850 3 ESSIEUX PTAC 3500 kg plateau 8,5 m\u00e8tres x 2 m\u00e8tres"},"content":{"rendered":"<p>[vc_row full_width=\u00a0\u00bbstretch_row\u00a0\u00bb][vc_column width=\u00a0\u00bb2\/3&Prime;][vc_custom_heading text=\u00a0\u00bbTARIF : 6 595 \u20ac TTC\u00a0\u00bb font_container=\u00a0\u00bbtag:h1|font_size:46|text_align:left|color:%23ffffff|line_height:1&Prime; google_fonts=\u00a0\u00bbfont_family:Montserrat%3Aregular%2C700|font_style:400%20regular%3A400%3Anormal\u00a0\u00bb][vc_column_text]<strong>version PTAC 3500 kg<\/strong> avec rampes[\/vc_column_text][vc_btn title=\u00a0\u00bbJoindre votre conseill\u00e9 au 06.64.78.89.91&Prime; style=\u00a0\u00bboutline\u00a0\u00bb shape=\u00a0\u00bbround\u00a0\u00bb color=\u00a0\u00bbjuicy-pink\u00a0\u00bb size=\u00a0\u00bblg\u00a0\u00bb i_icon_fontawesome=\u00a0\u00bbfas fa-phone-alt\u00a0\u00bb add_icon=\u00a0\u00bbtrue\u00a0\u00bb link=\u00a0\u00bb|||\u00a0\u00bb][\/vc_column][vc_column width=\u00a0\u00bb1\/3&Prime;][vc_column_text]<strong>LIMOGES<\/strong> nous sommes ouverts du<\/p>\n<p>LUNDI au VENDREDI de 9h30 \u00e0 12h et de 14h \u00e0 18h30<\/p>\n<p>SAMEDI de 10h \u00e0 12h et de 14h \u00e0 18h<\/p>\n<p>&nbsp;<\/p>\n<p><b>ANGOULEME <\/b>nous sommes ouverts du<\/p>\n<p>MERCREDI au VENDREDI de 10h00 \u00e0 12h et de 14h \u00e0 18h<\/p>\n<p>SAMEDI de 10h \u00e0 12h et de 14h \u00e0 17h<\/p>\n<p>&nbsp;<\/p>\n<p><b>LA SOUTERRAINE <\/b>nous sommes ouverts du<\/p>\n<p>LUNDI au VENDREDI de 9h30 \u00e0 12h et de 14h \u00e0 18h<\/p>\n<p>SAMEDI de 10h \u00e0 12h et de 14h \u00e0 17h<\/p>\n<p>[\/vc_column_text][\/vc_column][\/vc_row][vc_row][vc_column][vc_column_text]ATTENTION : toutes les remorques ayant un PTAC au dessus de 500 Kg n\u00e9cessitent une CARTE GRISE.<\/p>\n<p>Remorqu&amp;CO se propose de r\u00e9aliser pour vous votre Carte Grise .<\/p>\n<p>Vous devez vous munir d&rsquo;une carte d&rsquo;identit\u00e9 et d&rsquo;une attestation de domicile (facture EDF, Telecom, Taxes, &#8230;) de moins de trois mois, le tout au nom, du ou des titulaires, de la future carte grise.<\/p>\n<p>La carte grise est r\u00e9alis\u00e9e imm\u00e9diatement dans nos bureaux, vous pouvez aussi obtenir dans nos ateliers les plaques d&rsquo;immatriculations.<\/p>\n<p>[\/vc_column_text][\/vc_column][\/vc_row]<\/p>\n","protected":false},"excerpt":{"rendered":"<p>Remorque professionnelle pour le transport de v\u00e9hicules automobiles<\/p>\n<ul>\n<li>Dimensions : 8 500 mm x 2060 mm<\/li>\n<li>PLATEAU de chargement en t\u00f4le acier perfor\u00e9e antiglisse trous ovales<\/li>\n<li>TRIPLE Essieux 1350 kg AL-KO ou KNOTT suspension ind\u00e9pendante sur barre de torsion<\/li>\n<li>Roues 195 \/50 R 13<\/li>\n<li>PTAC 3500 kg<\/li>\n<li>Poids \u00e0 vide 1040 kg<\/li>\n<li>Timon V<\/li>\n<li>Frein \u00e0 inertie AL-KO ou KNOTT<\/li>\n<li>Ch\u00e2ssis : cadre fabriqu\u00e9 en t\u00f4le parachev\u00e9e \u00e0 froid acier galvanis\u00e9 2,5 mm viss\u00e9 et soud\u00e9<\/li>\n<\/ul>\n<p><strong>Poids \u00e0 vide 1040 kg<\/strong><\/p>\n","protected":false},"featured_media":1056,"template":"","meta":[],"yoast_head":"<!-- This site is optimized with the Yoast SEO plugin v16.4 - https:\/\/yoast.com\/wordpress\/plugins\/seo\/ -->\n<title>GT 850 3 ESSIEUX PTAC 3500 kg plateau 8,5 m\u00e8tres x 2 m\u00e8tres - REMORQU&amp;CO<\/title>\n<meta name=\"robots\" content=\"index, follow, max-snippet:-1, max-image-preview:large, max-video-preview:-1\" \/>\n<link rel=\"canonical\" href=\"https:\/\/remorqueco.fr\/index.php\/produit\/gt-800-3-essieux-ptac-3500-kg-plateau-8-metres-x-2-metres\/\" \/>\n<meta property=\"og:locale\" content=\"fr_FR\" \/>\n<meta property=\"og:type\" content=\"article\" \/>\n<meta property=\"og:title\" content=\"GT 850 3 ESSIEUX PTAC 3500 kg plateau 8,5 m\u00e8tres x 2 m\u00e8tres - REMORQU&amp;CO\" \/>\n<meta property=\"og:description\" content=\"Remorque professionnelle pour le transport de v\u00e9hicules automobiles   Dimensions : 8 500 mm x 2060 mm  PLATEAU de chargement en t\u00f4le acier perfor\u00e9e antiglisse trous ovales  TRIPLE Essieux 1350 kg AL-KO ou KNOTT suspension ind\u00e9pendante sur barre de torsion  Roues 195 \/50 R 13  PTAC 3500 kg  Poids \u00e0 vide 1040 kg  Timon V  Frein \u00e0 inertie AL-KO ou KNOTT  Ch\u00e2ssis : cadre fabriqu\u00e9 en t\u00f4le parachev\u00e9e \u00e0 froid acier galvanis\u00e9 2,5 mm viss\u00e9 et soud\u00e9  Poids \u00e0 vide 1040 kg\" \/>\n<meta property=\"og:url\" content=\"https:\/\/remorqueco.fr\/index.php\/produit\/gt-800-3-essieux-ptac-3500-kg-plateau-8-metres-x-2-metres\/\" \/>\n<meta property=\"og:site_name\" content=\"REMORQU&amp;CO\" \/>\n<meta property=\"article:modified_time\" content=\"2026-01-19T14:52:53+00:00\" \/>\n<meta property=\"og:image\" content=\"https:\/\/remorqueco.fr\/new\/wp-content\/uploads\/2020\/11\/q3110.jpg\" \/>\n\t<meta property=\"og:image:width\" content=\"807\" \/>\n\t<meta property=\"og:image:height\" content=\"807\" \/>\n<meta name=\"twitter:card\" content=\"summary_large_image\" \/>\n<meta name=\"twitter:label1\" content=\"Dur\u00e9e de lecture est.\" \/>\n\t<meta name=\"twitter:data1\" content=\"1 minute\" \/>\n<script type=\"application\/ld+json\" class=\"yoast-schema-graph\">{\"@context\":\"https:\/\/schema.org\",\"@graph\":[{\"@type\":\"WebSite\",\"@id\":\"https:\/\/remorqueco.fr\/#website\",\"url\":\"https:\/\/remorqueco.fr\/\",\"name\":\"REMORQU&amp;CO\",\"description\":\"Vente de remorques \\u00e0 Limoges\",\"potentialAction\":[{\"@type\":\"SearchAction\",\"target\":\"https:\/\/remorqueco.fr\/?s={search_term_string}\",\"query-input\":\"required name=search_term_string\"}],\"inLanguage\":\"fr-FR\"},{\"@type\":\"ImageObject\",\"@id\":\"https:\/\/remorqueco.fr\/index.php\/produit\/gt-800-3-essieux-ptac-3500-kg-plateau-8-metres-x-2-metres\/#primaryimage\",\"inLanguage\":\"fr-FR\",\"url\":\"https:\/\/remorqueco.fr\/new\/wp-content\/uploads\/2020\/11\/q3110.jpg\",\"contentUrl\":\"https:\/\/remorqueco.fr\/new\/wp-content\/uploads\/2020\/11\/q3110.jpg\",\"width\":807,\"height\":807,\"caption\":\"GT 800 3 ESSIEUX PTAC 3500 kg plateau 8 m\\u00e8tres x 2 m\\u00e8tres\"},{\"@type\":\"WebPage\",\"@id\":\"https:\/\/remorqueco.fr\/index.php\/produit\/gt-800-3-essieux-ptac-3500-kg-plateau-8-metres-x-2-metres\/#webpage\",\"url\":\"https:\/\/remorqueco.fr\/index.php\/produit\/gt-800-3-essieux-ptac-3500-kg-plateau-8-metres-x-2-metres\/\",\"name\":\"GT 850 3 ESSIEUX PTAC 3500 kg plateau 8,5 m\\u00e8tres x 2 m\\u00e8tres - REMORQU&amp;CO\",\"isPartOf\":{\"@id\":\"https:\/\/remorqueco.fr\/#website\"},\"primaryImageOfPage\":{\"@id\":\"https:\/\/remorqueco.fr\/index.php\/produit\/gt-800-3-essieux-ptac-3500-kg-plateau-8-metres-x-2-metres\/#primaryimage\"},\"datePublished\":\"2020-11-13T11:04:53+00:00\",\"dateModified\":\"2026-01-19T14:52:53+00:00\",\"breadcrumb\":{\"@id\":\"https:\/\/remorqueco.fr\/index.php\/produit\/gt-800-3-essieux-ptac-3500-kg-plateau-8-metres-x-2-metres\/#breadcrumb\"},\"inLanguage\":\"fr-FR\",\"potentialAction\":[{\"@type\":\"ReadAction\",\"target\":[\"https:\/\/remorqueco.fr\/index.php\/produit\/gt-800-3-essieux-ptac-3500-kg-plateau-8-metres-x-2-metres\/\"]}]},{\"@type\":\"BreadcrumbList\",\"@id\":\"https:\/\/remorqueco.fr\/index.php\/produit\/gt-800-3-essieux-ptac-3500-kg-plateau-8-metres-x-2-metres\/#breadcrumb\",\"itemListElement\":[{\"@type\":\"ListItem\",\"position\":1,\"item\":{\"@type\":\"WebPage\",\"@id\":\"https:\/\/remorqueco.fr\/\",\"url\":\"https:\/\/remorqueco.fr\/\",\"name\":\"Accueil\"}},{\"@type\":\"ListItem\",\"position\":2,\"item\":{\"@type\":\"WebPage\",\"@id\":\"https:\/\/remorqueco.fr\/index.php\/shop\/\",\"url\":\"https:\/\/remorqueco.fr\/index.php\/shop\/\",\"name\":\"Produits\"}},{\"@type\":\"ListItem\",\"position\":3,\"item\":{\"@id\":\"https:\/\/remorqueco.fr\/index.php\/produit\/gt-800-3-essieux-ptac-3500-kg-plateau-8-metres-x-2-metres\/#webpage\"}}]}]}<\/script>\n<!-- \/ Yoast SEO plugin. -->","_links":{"self":[{"href":"https:\/\/remorqueco.fr\/index.php\/wp-json\/wp\/v2\/product\/1055"}],"collection":[{"href":"https:\/\/remorqueco.fr\/index.php\/wp-json\/wp\/v2\/product"}],"about":[{"href":"https:\/\/remorqueco.fr\/index.php\/wp-json\/wp\/v2\/types\/product"}],"wp:featuredmedia":[{"embeddable":true,"href":"https:\/\/remorqueco.fr\/index.php\/wp-json\/wp\/v2\/media\/1056"}],"wp:attachment":[{"href":"https:\/\/remorqueco.fr\/index.php\/wp-json\/wp\/v2\/media?parent=1055"}],"curies":[{"name":"wp","href":"https:\/\/api.w.org\/{rel}","templated":true}]}}