{"id":750,"date":"2020-10-08T12:32:24","date_gmt":"2020-10-08T10:32:24","guid":{"rendered":"http:\/\/remorqueco.fr\/new\/?page_id=750"},"modified":"2025-08-10T18:36:03","modified_gmt":"2025-08-10T16:36:03","slug":"actualites-promotions","status":"publish","type":"page","link":"https:\/\/remorqueco.fr\/index.php\/actualites-promotions\/","title":{"rendered":"Nos Actualit\u00e9s &#038; promotions"},"content":{"rendered":"<p>[vc_row][vc_column][vc_custom_heading text=\u00a0\u00bbD\u00e9couvrez nos portes motos Pliables et Relevable du fabricant LORRIES\u00a0\u00bb google_fonts=\u00a0\u00bbfont_family:Oswald%3A300%2Cregular%2C700|font_style:700%20bold%20regular%3A700%3Anormal\u00a0\u00bb][vc_column_text]<\/p>\n<h4>Notre site internet refl\u00e8te les gammes des remorques tenues r\u00e9guli\u00e8rement en stock. Pour toutes demandes particuli\u00e8res nous consulter.<\/h4>\n<p>[\/vc_column_text][\/vc_column][\/vc_row][vc_row full_width=\u00a0\u00bbstretch_row\u00a0\u00bb][vc_column]<div class=\"woocommerce columns-3 \"><ul class=\"products columns-3\">\n<li class=\"clearfix product type-product post-1182 status-publish first instock product_cat-les-portes-motos product_cat-motos-et-quads has-post-thumbnail sale taxable shipping-taxable purchasable product-type-simple\">\n\t<\/li>\n<li class=\"clearfix product type-product post-2431 status-publish instock product_cat-les-portes-motos product_cat-motos-et-quads has-post-thumbnail sale taxable shipping-taxable purchasable product-type-simple\">\n\t<\/li>\n<li class=\"clearfix product type-product post-890 status-publish last instock product_cat-bennes has-post-thumbnail sale taxable shipping-taxable purchasable product-type-simple\">\n\t<\/li>\n<li class=\"clearfix product type-product post-2483 status-publish first instock product_cat-fourgons product_cat-plateau product_cat-porte-voitures has-post-thumbnail sale taxable shipping-taxable purchasable product-type-simple\">\n\t<\/li>\n<li class=\"clearfix product type-product post-2448 status-publish instock product_cat-plateau product_cat-porte-voitures has-post-thumbnail sale taxable shipping-taxable purchasable product-type-simple\">\n\t<\/li>\n<li class=\"clearfix product type-product post-1146 status-publish last instock product_cat-plateau product_cat-porte-voitures has-post-thumbnail sale taxable shipping-taxable purchasable product-type-simple\">\n\t<\/li>\n<li class=\"clearfix product type-product post-1136 status-publish first instock product_cat-plateau product_cat-porte-voitures has-post-thumbnail sale taxable shipping-taxable purchasable product-type-simple\">\n\t<\/li>\n<li class=\"clearfix product type-product post-1156 status-publish instock product_cat-plateau product_cat-plateformes product_cat-porte-voitures has-post-thumbnail sale taxable shipping-taxable purchasable product-type-simple\">\n\t<\/li>\n<li class=\"clearfix product type-product post-2704 status-publish last instock product_cat-plateau product_cat-porte-voitures has-post-thumbnail sale taxable shipping-taxable purchasable product-type-simple\">\n\t<\/li>\n<li class=\"clearfix product type-product post-1839 status-publish first instock product_cat-750-a-1500-kg-frein has-post-thumbnail sale taxable shipping-taxable purchasable product-type-simple\">\n\t<\/li>\n<li class=\"clearfix product type-product post-993 status-publish instock product_cat-750-a-1500-kg-frein has-post-thumbnail sale taxable shipping-taxable purchasable product-type-simple\">\n\t<\/li>\n<li class=\"clearfix product type-product post-2389 status-publish last instock product_cat-500-750-kg-1-essieu has-post-thumbnail sale taxable shipping-taxable purchasable product-type-simple\">\n\t<\/li>\n<\/ul>\n<\/div>[\/vc_column][\/vc_row]<\/p>\n","protected":false},"excerpt":{"rendered":"<p>[vc_row][vc_column][vc_custom_heading text=\u00a0\u00bbD\u00e9couvrez nos portes motos Pliables et Relevable du fabricant LORRIES\u00a0\u00bb google_fonts=\u00a0\u00bbfont_family:Oswald%3A300%2Cregular%2C700|font_style:700%20bold%20regular%3A700%3Anormal\u00a0\u00bb][vc_column_text] Notre site internet refl\u00e8te les gammes des remorques tenues r\u00e9guli\u00e8rement en stock. Pour toutes demandes particuli\u00e8res nous consulter. [\/vc_column_text][\/vc_column][\/vc_row][vc_row full_width=\u00a0\u00bbstretch_row\u00a0\u00bb][vc_column][\/vc_column][\/vc_row]<\/p>\n","protected":false},"author":1,"featured_media":0,"parent":0,"menu_order":0,"comment_status":"closed","ping_status":"closed","template":"","meta":[],"yoast_head":"<!-- This site is optimized with the Yoast SEO plugin v16.4 - https:\/\/yoast.com\/wordpress\/plugins\/seo\/ -->\n<title>Nos Actualit\u00e9s &amp; promotions - REMORQU&amp;CO<\/title>\n<meta name=\"robots\" content=\"index, follow, max-snippet:-1, max-image-preview:large, max-video-preview:-1\" \/>\n<link rel=\"canonical\" href=\"https:\/\/remorqueco.fr\/index.php\/actualites-promotions\/\" \/>\n<meta property=\"og:locale\" content=\"fr_FR\" \/>\n<meta property=\"og:type\" content=\"article\" \/>\n<meta property=\"og:title\" content=\"Nos Actualit\u00e9s &amp; promotions - REMORQU&amp;CO\" \/>\n<meta property=\"og:description\" content=\"[vc_row][vc_column][vc_custom_heading text=\u00a0\u00bbD\u00e9couvrez nos portes motos Pliables et Relevable du fabricant LORRIES\u00a0\u00bb google_fonts=\u00a0\u00bbfont_family:Oswald%3A300%2Cregular%2C700|font_style:700%20bold%20regular%3A700%3Anormal\u00a0\u00bb][vc_column_text] Notre site internet refl\u00e8te les gammes des remorques tenues r\u00e9guli\u00e8rement en stock. Pour toutes demandes particuli\u00e8res nous consulter. [\/vc_column_text][\/vc_column][\/vc_row][vc_row full_width=\u00a0\u00bbstretch_row\u00a0\u00bb][vc_column][\/vc_column][\/vc_row]\" \/>\n<meta property=\"og:url\" content=\"https:\/\/remorqueco.fr\/index.php\/actualites-promotions\/\" \/>\n<meta property=\"og:site_name\" content=\"REMORQU&amp;CO\" \/>\n<meta property=\"article:modified_time\" content=\"2025-08-10T16:36:03+00:00\" \/>\n<meta name=\"twitter:card\" content=\"summary_large_image\" \/>\n<meta name=\"twitter:label1\" content=\"Dur\u00e9e de lecture est.\" \/>\n\t<meta name=\"twitter:data1\" content=\"1 minute\" \/>\n<script type=\"application\/ld+json\" class=\"yoast-schema-graph\">{\"@context\":\"https:\/\/schema.org\",\"@graph\":[{\"@type\":\"WebSite\",\"@id\":\"https:\/\/remorqueco.fr\/#website\",\"url\":\"https:\/\/remorqueco.fr\/\",\"name\":\"REMORQU&amp;CO\",\"description\":\"Vente de remorques \\u00e0 Limoges\",\"potentialAction\":[{\"@type\":\"SearchAction\",\"target\":\"https:\/\/remorqueco.fr\/?s={search_term_string}\",\"query-input\":\"required name=search_term_string\"}],\"inLanguage\":\"fr-FR\"},{\"@type\":\"WebPage\",\"@id\":\"https:\/\/remorqueco.fr\/index.php\/actualites-promotions\/#webpage\",\"url\":\"https:\/\/remorqueco.fr\/index.php\/actualites-promotions\/\",\"name\":\"Nos Actualit\\u00e9s & promotions - REMORQU&amp;CO\",\"isPartOf\":{\"@id\":\"https:\/\/remorqueco.fr\/#website\"},\"datePublished\":\"2020-10-08T10:32:24+00:00\",\"dateModified\":\"2025-08-10T16:36:03+00:00\",\"breadcrumb\":{\"@id\":\"https:\/\/remorqueco.fr\/index.php\/actualites-promotions\/#breadcrumb\"},\"inLanguage\":\"fr-FR\",\"potentialAction\":[{\"@type\":\"ReadAction\",\"target\":[\"https:\/\/remorqueco.fr\/index.php\/actualites-promotions\/\"]}]},{\"@type\":\"BreadcrumbList\",\"@id\":\"https:\/\/remorqueco.fr\/index.php\/actualites-promotions\/#breadcrumb\",\"itemListElement\":[{\"@type\":\"ListItem\",\"position\":1,\"item\":{\"@type\":\"WebPage\",\"@id\":\"https:\/\/remorqueco.fr\/\",\"url\":\"https:\/\/remorqueco.fr\/\",\"name\":\"Accueil\"}},{\"@type\":\"ListItem\",\"position\":2,\"item\":{\"@id\":\"https:\/\/remorqueco.fr\/index.php\/actualites-promotions\/#webpage\"}}]}]}<\/script>\n<!-- \/ Yoast SEO plugin. -->","_links":{"self":[{"href":"https:\/\/remorqueco.fr\/index.php\/wp-json\/wp\/v2\/pages\/750"}],"collection":[{"href":"https:\/\/remorqueco.fr\/index.php\/wp-json\/wp\/v2\/pages"}],"about":[{"href":"https:\/\/remorqueco.fr\/index.php\/wp-json\/wp\/v2\/types\/page"}],"author":[{"embeddable":true,"href":"https:\/\/remorqueco.fr\/index.php\/wp-json\/wp\/v2\/users\/1"}],"replies":[{"embeddable":true,"href":"https:\/\/remorqueco.fr\/index.php\/wp-json\/wp\/v2\/comments?post=750"}],"version-history":[{"count":12,"href":"https:\/\/remorqueco.fr\/index.php\/wp-json\/wp\/v2\/pages\/750\/revisions"}],"predecessor-version":[{"id":2814,"href":"https:\/\/remorqueco.fr\/index.php\/wp-json\/wp\/v2\/pages\/750\/revisions\/2814"}],"wp:attachment":[{"href":"https:\/\/remorqueco.fr\/index.php\/wp-json\/wp\/v2\/media?parent=750"}],"curies":[{"name":"wp","href":"https:\/\/api.w.org\/{rel}","templated":true}]}}