{"id":357,"date":"2020-10-01T10:43:04","date_gmt":"2020-10-01T08:43:04","guid":{"rendered":"http:\/\/remorqueco.fr\/new\/?page_id=357"},"modified":"2020-11-29T11:59:10","modified_gmt":"2020-11-29T10:59:10","slug":"bien-choisir","status":"publish","type":"page","link":"https:\/\/remorqueco.fr\/index.php\/bien-choisir\/","title":{"rendered":"Pour Bien Choisir sa remorque"},"content":{"rendered":"<p>[vc_row][vc_column][vc_tta_tour style=\u00a0\u00bbflat\u00a0\u00bb color=\u00a0\u00bbblack\u00a0\u00bb spacing=\u00a0\u00bb2&Prime; controls_size=\u00a0\u00bbmd\u00a0\u00bb active_section=\u00a0\u00bb1&Prime; title=\u00a0\u00bbPour bien choisir votre remorque voici quelques crit\u00e8res importants\u00a0\u00bb][vc_tta_section title=\u00a0\u00bbTimon\u00a0\u00bb tab_id=\u00a0\u00bb1601637495118-656eaa56-c0cc\u00a0\u00bb][vc_column_text css=\u00a0\u00bb.vc_custom_1602004033379{margin-top: 15px !important;}\u00a0\u00bb]<\/p>\r\n<ul>\r\n<li>Point clef de la durabilit\u00e9 et de la rigidit\u00e9 de votre remorque.<\/li>\r\n<li><!-- \/wp:paragraph -->\r\n\r\n<!-- wp:paragraph -->Il doit \u00eatre en t\u00f4le pli\u00e9e avec une forme de C (\u00e9viter les timons pli\u00e9s en forme de U pas assez rigides).<\/li>\r\n<li><!-- \/wp:paragraph -->\r\n\r\n<!-- wp:paragraph -->Il doit s\u2019\u00e9largir (en forme de fuseau) en s\u2019approchant de la caisse de la remorque.<\/li>\r\n<\/ul>\r\n<p><span style=\"color: #000000\"><!-- \/wp:paragraph --><\/span><\/p>\r\n<p>[\/vc_column_text][vc_single_image image=\u00a0\u00bb457&Prime; img_size=\u00a0\u00bblarge\u00a0\u00bb alignment=\u00a0\u00bbcenter\u00a0\u00bb css=\u00a0\u00bb.vc_custom_1601640136200{padding-top: 2px !important;padding-right: 2px !important;padding-bottom: 2px !important;padding-left: 2px !important;}\u00a0\u00bb][\/vc_tta_section][vc_tta_section title=\u00a0\u00bbRoue Jockey\u00a0\u00bb tab_id=\u00a0\u00bb1601637495118-89510d0d-6bfe\u00a0\u00bb][vc_column_text css=\u00a0\u00bb.vc_custom_1602004049865{margin-top: 15px !important;margin-bottom: 10px !important;}\u00a0\u00bb]<\/p>\r\n<ul>\r\n<li>Une roue jockey n\u2019est jamais en option. Tous les fabricants livrent les remorques avec leurs roues jockey.<\/li>\r\n<li>Pr\u00e9f\u00e9rez les roues jockey fix\u00e9es et centr\u00e9es dans le timon. Les montages sur le c\u00f4t\u00e9 des timons provoquent des d\u00e9formations de la roue jockey et du timon lui-m\u00eame.<\/li>\r\n<\/ul>\r\n<p>[\/vc_column_text][vc_single_image image=\u00a0\u00bb463&Prime; img_size=\u00a0\u00bblarge\u00a0\u00bb][\/vc_tta_section][vc_tta_section title=\u00a0\u00bbT\u00eate d\u2019attelage\u00a0\u00bb tab_id=\u00a0\u00bb1601637611850-310391b5-59bd\u00a0\u00bb][vc_column_text css=\u00a0\u00bb.vc_custom_1602004061195{margin-top: 25px !important;}\u00a0\u00bb]<\/p>\r\n<ul>\r\n<li>Pr\u00e9f\u00e9rez les t\u00eates d\u2019attelage fix\u00e9es sur des platines en t\u00f4les pli\u00e9es et soud\u00e9es afin d\u2019\u00e9viter les d\u00e9formations du timon.<\/li>\r\n<\/ul>\r\n<p>[\/vc_column_text][vc_single_image image=\u00a0\u00bb465&Prime; img_size=\u00a0\u00bblarge\u00a0\u00bb][\/vc_tta_section][vc_tta_section title=\u00a0\u00bb\u00c9clairage\u00a0\u00bb tab_id=\u00a0\u00bb1601638549867-c3733ff2-8f46&Prime;][vc_column_text css=\u00a0\u00bb.vc_custom_1602004073995{margin-top: 25px !important;}\u00a0\u00bb]<\/p>\r\n<ul>\r\n<li>Pr\u00e9f\u00e9rez les remorques \u00e9quip\u00e9es de voyants de position blancs \u00e0 l\u2019avant de la remorque. Cela permet une visibilit\u00e9 rassurante dans les r\u00e9troviseurs et pour les man\u0153uvres, mais aussi pour les autres usagers de la route.<\/li>\r\n<li>Les feux arri\u00e8res doivent \u00eatre suffisamment prot\u00e9g\u00e9s et ou recul\u00e9s. Les feux arri\u00e8res sont les premiers postes d\u2019entretien d\u2019une remorque.<\/li>\r\n<\/ul>\r\n<p>&nbsp;<\/p>\r\n<p>[\/vc_column_text][vc_single_image image=\u00a0\u00bb468&Prime; img_size=\u00a0\u00bblarge\u00a0\u00bb][\/vc_tta_section][vc_tta_section title=\u00a0\u00bbEssieux\u00a0\u00bb tab_id=\u00a0\u00bb1601638547932-6eea3ff0-7f28&Prime;][vc_column_text css=\u00a0\u00bb.vc_custom_1602004083434{margin-top: 25px !important;}\u00a0\u00bb]<\/p>\r\n<ul>\r\n<li>Il faut privil\u00e9gier les essieux de marques (AL KO ou KNOTT). Exclure les essieux pas clairement identifi\u00e9s. Pour un meilleur confort et une bonne tenue aux crevaisons, il faut retenir les roues \u00e0 partir de section 13 pouces.<span style=\"color: #000000\"><br \/><\/span><\/li>\r\n<\/ul>\r\n<p>[\/vc_column_text][vc_gallery type=\u00a0\u00bbimage_grid\u00a0\u00bb images=\u00a0\u00bb470,471&Prime; img_size=\u00a0\u00bblarge\u00a0\u00bb][\/vc_tta_section][vc_tta_section title=\u00a0\u00bbDouble ou Simple Essieu\u00a0\u00bb tab_id=\u00a0\u00bb1601638544813-4e989bc0-ce79&Prime;][vc_column_text css=\u00a0\u00bb.vc_custom_1606646721392{margin-top: 25px !important;}\u00a0\u00bb]<\/p>\r\n<ul>\r\n<li>Avantages des doubles essieux : tr\u00e8s bon comportement routier m\u00eame avec un chargement mal r\u00e9parti, bon comportement en cas de crevaison.<\/li>\r\n<li>\u00a0Inconv\u00e9nients des doubles essieux : du poids en moins dans la remorque, difficult\u00e9 de man\u0153uvrer la remorque \u00e0 la main.<\/li>\r\n<li>Nota : il n\u2019existe pas de remorque doubles essieux en dessous de 2,3 m de longueur de caisse.<\/li>\r\n<\/ul>\r\n<p>[\/vc_column_text][vc_gallery type=\u00a0\u00bbimage_grid\u00a0\u00bb images=\u00a0\u00bb474,437&Prime; img_size=\u00a0\u00bbmedium\u00a0\u00bb][\/vc_tta_section][vc_tta_section title=\u00a0\u00bbCharni\u00e8res des ridelles avants et arri\u00e8res\u00a0\u00bb tab_id=\u00a0\u00bb1601638820779-8e2948de-75d3&Prime;][vc_column_text css=\u00a0\u00bb.vc_custom_1602004104568{margin-top: 25px !important;}\u00a0\u00bb]<\/p>\r\n<ul>\r\n<li>Il faut privil\u00e9gier les v\u00e9ritables charni\u00e8res avec des ferrures longues<\/li>\r\n<\/ul>\r\n<p>[\/vc_column_text][vc_single_image image=\u00a0\u00bb476&Prime; img_size=\u00a0\u00bblarge\u00a0\u00bb][\/vc_tta_section][vc_tta_section title=\u00a0\u00bbGrenouill\u00e8res de fermetures :\u00a0\u00bb tab_id=\u00a0\u00bb1601638819379-5d03d2b0-9277&Prime;][vc_column_text css=\u00a0\u00bb.vc_custom_1602004112431{margin-top: 25px !important;}\u00a0\u00bb]<\/p>\r\n<ul>\r\n<li>Il faut exclure les grenouill\u00e8res \u00e0 ressort qui s\u2019ouvrent pour un rien. Les grenouill\u00e8res \u00e0 cliquet de s\u00e9curit\u00e9 sont un gage de qualit\u00e9 et de s\u00e9curit\u00e9 de votre remorque.<\/li>\r\n<\/ul>\r\n<p>[\/vc_column_text][vc_single_image image=\u00a0\u00bb478&Prime; img_size=\u00a0\u00bblarge\u00a0\u00bb][\/vc_tta_section][vc_tta_section title=\u00a0\u00bbFond bois\u00a0\u00bb tab_id=\u00a0\u00bb1601638817837-f136a757-0779&Prime;][vc_column_text css=\u00a0\u00bb.vc_custom_1606646784746{margin-top: 25px !important;}\u00a0\u00bb]<\/p>\r\n<ul>\r\n<li>Les fabricants utilisent les fonds aciers pour la conception des ch\u00e2ssis. Cela signifie qu\u2019en cas de d\u00e9formation du fond acier au moment du remplissage des mat\u00e9riaux, le ch\u00e2ssis peut \u00eatre irr\u00e9m\u00e9diablement d\u00e9form\u00e9. Les remorques avec fond acier sont plut\u00f4t vendues dans les grandes surfaces et les magasins de motoculture.<\/li>\r\n<li>il n&rsquo;y a pas de secret une remorque avec un v\u00e9ritable ch\u00e2ssis dispose d&rsquo;un fond bois.<\/li>\r\n<\/ul>\r\n<p>[\/vc_column_text][vc_single_image image=\u00a0\u00bb480&Prime; img_size=\u00a0\u00bblarge\u00a0\u00bb][\/vc_tta_section][vc_tta_section title=\u00a0\u00bbGarde boue ACIER ou PLASTIQUE\u00a0\u00bb tab_id=\u00a0\u00bb1601638816219-0ff6a707-42f6&Prime;][vc_column_text css=\u00a0\u00bb.vc_custom_1602004131079{margin-top: 25px !important;}\u00a0\u00bb]<\/p>\r\n<ul>\r\n<li>Le garde boue plastique a l\u2019avantage de se remette en place lors d\u2019un choc, ce qui n\u2019est pas le cas du garde boue acier difficile \u00e0 redresser.<\/li>\r\n<\/ul>\r\n<p>[\/vc_column_text][vc_single_image image=\u00a0\u00bb470&Prime; img_size=\u00a0\u00bblarge\u00a0\u00bb][\/vc_tta_section][vc_tta_section title=\u00a0\u00bbLes options sympas !\u00a0\u00bb tab_id=\u00a0\u00bb1601638814555-b5d453ce-706a\u00a0\u00bb][vc_column_text css=\u00a0\u00bb.vc_custom_1602004144242{margin-top: 25px !important;}\u00a0\u00bb]<\/p>\r\n<ul>\r\n<li>Renfort de ridelles\u00a0: \u00e0 partir de 350 mm de hauteur de ridelles celles-ci peuvent s\u2019av\u00e9rer souples au moment de sangler. L\u2019option renfort de ridelles est une tr\u00e8s bonne solution. Cette solution est tr\u00e8s pertinente dans le cas de rehausses en plus des ridelles pour \u00e9viter toutes les d\u00e9formations.<\/li>\r\n<li>Rangement vertical : v\u00e9ritable avantage au moment de stocker la remorque, certain fabricants de qualit\u00e9 proposent d\u2019origine le rangement debout de la remorque.<\/li>\r\n<li>Anneaux d&rsquo;arrimage<\/li>\r\n<li>B\u00e2ches plates et B\u00e2che hautes<\/li>\r\n<li>Rampes de mont\u00e9e<\/li>\r\n<li>Rehausses ACIER ou rehausses GRILLAGEES<\/li>\r\n<li>Capots ABS sur v\u00e9rin \u00e0 gaz<\/li>\r\n<\/ul>\r\n<p>[\/vc_column_text][vc_gallery type=\u00a0\u00bbimage_grid\u00a0\u00bb images=\u00a0\u00bb481,482,483,484,485&Prime; img_size=\u00a0\u00bblarge\u00a0\u00bb][\/vc_tta_section][\/vc_tta_tour][\/vc_column][\/vc_row]<\/p>","protected":false},"excerpt":{"rendered":"<p>[vc_row][vc_column][vc_tta_tour style=\u00a0\u00bbflat\u00a0\u00bb color=\u00a0\u00bbblack\u00a0\u00bb spacing=\u00a0\u00bb2&Prime; controls_size=\u00a0\u00bbmd\u00a0\u00bb active_section=\u00a0\u00bb1&Prime; title=\u00a0\u00bbPour bien choisir votre remorque voici quelques crit\u00e8res importants\u00a0\u00bb][vc_tta_section title=\u00a0\u00bbTimon\u00a0\u00bb tab_id=\u00a0\u00bb1601637495118-656eaa56-c0cc\u00a0\u00bb][vc_column_text css=\u00a0\u00bb.vc_custom_1602004033379{margin-top: 15px !important;}\u00a0\u00bb] Point clef de la durabilit\u00e9 et de la rigidit\u00e9 de votre remorque. Il doit \u00eatre<\/p>\n","protected":false},"author":1,"featured_media":0,"parent":0,"menu_order":0,"comment_status":"closed","ping_status":"closed","template":"","meta":[],"yoast_head":"<!-- This site is optimized with the Yoast SEO plugin v16.4 - https:\/\/yoast.com\/wordpress\/plugins\/seo\/ -->\n<title>Pour Bien Choisir sa remorque - REMORQU&amp;CO<\/title>\n<meta name=\"robots\" content=\"index, follow, max-snippet:-1, max-image-preview:large, max-video-preview:-1\" \/>\n<link rel=\"canonical\" href=\"https:\/\/remorqueco.fr\/index.php\/bien-choisir\/\" \/>\n<meta property=\"og:locale\" content=\"fr_FR\" \/>\n<meta property=\"og:type\" content=\"article\" \/>\n<meta property=\"og:title\" content=\"Pour Bien Choisir sa remorque - REMORQU&amp;CO\" \/>\n<meta property=\"og:description\" content=\"[vc_row][vc_column][vc_tta_tour style=\u00a0\u00bbflat\u00a0\u00bb color=\u00a0\u00bbblack\u00a0\u00bb spacing=\u00a0\u00bb2&Prime; controls_size=\u00a0\u00bbmd\u00a0\u00bb active_section=\u00a0\u00bb1&Prime; title=\u00a0\u00bbPour bien choisir votre remorque voici quelques crit\u00e8res importants\u00a0\u00bb][vc_tta_section title=\u00a0\u00bbTimon\u00a0\u00bb tab_id=\u00a0\u00bb1601637495118-656eaa56-c0cc\u00a0\u00bb][vc_column_text css=\u00a0\u00bb.vc_custom_1602004033379{margin-top: 15px !important;}\u00a0\u00bb] Point clef de la durabilit\u00e9 et de la rigidit\u00e9 de votre remorque. Il doit \u00eatre\" \/>\n<meta property=\"og:url\" content=\"https:\/\/remorqueco.fr\/index.php\/bien-choisir\/\" \/>\n<meta property=\"og:site_name\" content=\"REMORQU&amp;CO\" \/>\n<meta property=\"article:modified_time\" content=\"2020-11-29T10:59:10+00:00\" \/>\n<meta name=\"twitter:card\" content=\"summary_large_image\" \/>\n<meta name=\"twitter:label1\" content=\"Dur\u00e9e de lecture est.\" \/>\n\t<meta name=\"twitter:data1\" content=\"5 minutes\" \/>\n<script type=\"application\/ld+json\" class=\"yoast-schema-graph\">{\"@context\":\"https:\/\/schema.org\",\"@graph\":[{\"@type\":\"WebSite\",\"@id\":\"https:\/\/remorqueco.fr\/#website\",\"url\":\"https:\/\/remorqueco.fr\/\",\"name\":\"REMORQU&amp;CO\",\"description\":\"Vente de remorques \\u00e0 Limoges\",\"potentialAction\":[{\"@type\":\"SearchAction\",\"target\":\"https:\/\/remorqueco.fr\/?s={search_term_string}\",\"query-input\":\"required name=search_term_string\"}],\"inLanguage\":\"fr-FR\"},{\"@type\":\"WebPage\",\"@id\":\"https:\/\/remorqueco.fr\/index.php\/bien-choisir\/#webpage\",\"url\":\"https:\/\/remorqueco.fr\/index.php\/bien-choisir\/\",\"name\":\"Pour Bien Choisir sa remorque - REMORQU&amp;CO\",\"isPartOf\":{\"@id\":\"https:\/\/remorqueco.fr\/#website\"},\"datePublished\":\"2020-10-01T08:43:04+00:00\",\"dateModified\":\"2020-11-29T10:59:10+00:00\",\"breadcrumb\":{\"@id\":\"https:\/\/remorqueco.fr\/index.php\/bien-choisir\/#breadcrumb\"},\"inLanguage\":\"fr-FR\",\"potentialAction\":[{\"@type\":\"ReadAction\",\"target\":[\"https:\/\/remorqueco.fr\/index.php\/bien-choisir\/\"]}]},{\"@type\":\"BreadcrumbList\",\"@id\":\"https:\/\/remorqueco.fr\/index.php\/bien-choisir\/#breadcrumb\",\"itemListElement\":[{\"@type\":\"ListItem\",\"position\":1,\"item\":{\"@type\":\"WebPage\",\"@id\":\"https:\/\/remorqueco.fr\/\",\"url\":\"https:\/\/remorqueco.fr\/\",\"name\":\"Accueil\"}},{\"@type\":\"ListItem\",\"position\":2,\"item\":{\"@id\":\"https:\/\/remorqueco.fr\/index.php\/bien-choisir\/#webpage\"}}]}]}<\/script>\n<!-- \/ Yoast SEO plugin. -->","_links":{"self":[{"href":"https:\/\/remorqueco.fr\/index.php\/wp-json\/wp\/v2\/pages\/357"}],"collection":[{"href":"https:\/\/remorqueco.fr\/index.php\/wp-json\/wp\/v2\/pages"}],"about":[{"href":"https:\/\/remorqueco.fr\/index.php\/wp-json\/wp\/v2\/types\/page"}],"author":[{"embeddable":true,"href":"https:\/\/remorqueco.fr\/index.php\/wp-json\/wp\/v2\/users\/1"}],"replies":[{"embeddable":true,"href":"https:\/\/remorqueco.fr\/index.php\/wp-json\/wp\/v2\/comments?post=357"}],"version-history":[{"count":32,"href":"https:\/\/remorqueco.fr\/index.php\/wp-json\/wp\/v2\/pages\/357\/revisions"}],"predecessor-version":[{"id":1336,"href":"https:\/\/remorqueco.fr\/index.php\/wp-json\/wp\/v2\/pages\/357\/revisions\/1336"}],"wp:attachment":[{"href":"https:\/\/remorqueco.fr\/index.php\/wp-json\/wp\/v2\/media?parent=357"}],"curies":[{"name":"wp","href":"https:\/\/api.w.org\/{rel}","templated":true}]}}