{"id":1291,"date":"2020-11-18T16:58:00","date_gmt":"2020-11-18T15:58:00","guid":{"rendered":"http:\/\/remorqueco.fr\/new\/?page_id=1291"},"modified":"2020-11-18T17:02:18","modified_gmt":"2020-11-18T16:02:18","slug":"cookie-policy","status":"publish","type":"page","link":"https:\/\/remorqueco.fr\/index.php\/cookie-policy\/","title":{"rendered":"Cookie Policy"},"content":{"rendered":"<p>[vc_row][vc_column][vc_column_text]<\/p>\n<div class=\"cli_pg_page_contaner\">\n<h3>About this cookie policy<\/h3>\n<div>\u00a0Cette Politique sur les cookies explique les types de cookies que nous utilisons, comment les informations que nous recueillons sont utilis\u00e9es, et comment contr\u00f4ler les pr\u00e9f\u00e9rences. Pour plus d\u2019informations sur la fa\u00e7on dont nous utilisons, stockons et prot\u00e9geons vos donn\u00e9es personnelles, consultez notre Politique de confidentialit\u00e9.Vous pouvez \u00e0 tout moment modifier ou retirer votre consentement de la D\u00e9claration relative aux cookies sur notre site Web. D\u00e9couvrez qui nous sommes, comment vous pouvez nous contacter et comment nous traitons les donn\u00e9es personnelles dans notre Politique de confidentialit\u00e9.Votre consentement s\u2019applique aux domaines suivants : ecodump.fr &#8211; remorqueco.fr<\/div>\n<div><div class=\"cli_user_consent_state\">Votre \u00e9tat actuel\u00a0: Aucun consentement donn\u00e9. <a class=\"cli_manage_current_consent\" style=\"cursor:pointer;\">G\u00e9rez votre consentement.<\/a> <\/div><\/div>\n<div>&#8212;&#8212;&#8212;&#8212;&#8212;&#8212;&#8212;&#8212;&#8212;&#8212;&#8212;&#8212;&#8212;&#8212;&#8212;<\/div>\n<div>This Cookie Policy explains what cookies are and how we use them, the types of cookies we use i.e, the information we collect using cookies and how that information is used, and how to control the cookie preferences. For further information on how we use, store, and keep your personal data secure, see our Privacy Policy.You can at any time change or withdraw your consent from the Cookie Declaration on our websiteLearn more about who we are, how you can contact us, and how we process personal data in our Privacy Policy.Your consent applies to the following domains: ecodump.fr -remorqueco.fr<div class=\"cli_user_consent_state\">Votre \u00e9tat actuel\u00a0: Aucun consentement donn\u00e9. <a class=\"cli_manage_current_consent\" style=\"cursor:pointer;\">G\u00e9rez votre consentement.<\/a> <\/div><\/div>\n<p><!--more--><!--more--><\/div>\n<p>[\/vc_column_text][\/vc_column][\/vc_row]<\/p>\n","protected":false},"excerpt":{"rendered":"<p>[vc_row][vc_column][vc_column_text] About this cookie policy \u00a0Cette Politique sur les cookies explique les types de cookies que nous utilisons, comment les informations que nous recueillons sont utilis\u00e9es, et comment contr\u00f4ler les pr\u00e9f\u00e9rences. Pour plus d\u2019informations sur<\/p>\n","protected":false},"author":1,"featured_media":0,"parent":0,"menu_order":0,"comment_status":"closed","ping_status":"closed","template":"","meta":[],"yoast_head":"<!-- This site is optimized with the Yoast SEO plugin v16.4 - https:\/\/yoast.com\/wordpress\/plugins\/seo\/ -->\n<title>Cookie Policy - REMORQU&amp;CO<\/title>\n<meta name=\"robots\" content=\"index, follow, max-snippet:-1, max-image-preview:large, max-video-preview:-1\" \/>\n<link rel=\"canonical\" href=\"https:\/\/remorqueco.fr\/index.php\/cookie-policy\/\" \/>\n<meta property=\"og:locale\" content=\"fr_FR\" \/>\n<meta property=\"og:type\" content=\"article\" \/>\n<meta property=\"og:title\" content=\"Cookie Policy - REMORQU&amp;CO\" \/>\n<meta property=\"og:description\" content=\"[vc_row][vc_column][vc_column_text] About this cookie policy \u00a0Cette Politique sur les cookies explique les types de cookies que nous utilisons, comment les informations que nous recueillons sont utilis\u00e9es, et comment contr\u00f4ler les pr\u00e9f\u00e9rences. Pour plus d\u2019informations sur\" \/>\n<meta property=\"og:url\" content=\"https:\/\/remorqueco.fr\/index.php\/cookie-policy\/\" \/>\n<meta property=\"og:site_name\" content=\"REMORQU&amp;CO\" \/>\n<meta property=\"article:modified_time\" content=\"2020-11-18T16:02:18+00:00\" \/>\n<meta name=\"twitter:card\" content=\"summary_large_image\" \/>\n<meta name=\"twitter:label1\" content=\"Dur\u00e9e de lecture est.\" \/>\n\t<meta name=\"twitter:data1\" content=\"1 minute\" \/>\n<script type=\"application\/ld+json\" class=\"yoast-schema-graph\">{\"@context\":\"https:\/\/schema.org\",\"@graph\":[{\"@type\":\"WebSite\",\"@id\":\"https:\/\/remorqueco.fr\/#website\",\"url\":\"https:\/\/remorqueco.fr\/\",\"name\":\"REMORQU&amp;CO\",\"description\":\"Vente de remorques \\u00e0 Limoges\",\"potentialAction\":[{\"@type\":\"SearchAction\",\"target\":\"https:\/\/remorqueco.fr\/?s={search_term_string}\",\"query-input\":\"required name=search_term_string\"}],\"inLanguage\":\"fr-FR\"},{\"@type\":\"WebPage\",\"@id\":\"https:\/\/remorqueco.fr\/index.php\/cookie-policy\/#webpage\",\"url\":\"https:\/\/remorqueco.fr\/index.php\/cookie-policy\/\",\"name\":\"Cookie Policy - REMORQU&amp;CO\",\"isPartOf\":{\"@id\":\"https:\/\/remorqueco.fr\/#website\"},\"datePublished\":\"2020-11-18T15:58:00+00:00\",\"dateModified\":\"2020-11-18T16:02:18+00:00\",\"breadcrumb\":{\"@id\":\"https:\/\/remorqueco.fr\/index.php\/cookie-policy\/#breadcrumb\"},\"inLanguage\":\"fr-FR\",\"potentialAction\":[{\"@type\":\"ReadAction\",\"target\":[\"https:\/\/remorqueco.fr\/index.php\/cookie-policy\/\"]}]},{\"@type\":\"BreadcrumbList\",\"@id\":\"https:\/\/remorqueco.fr\/index.php\/cookie-policy\/#breadcrumb\",\"itemListElement\":[{\"@type\":\"ListItem\",\"position\":1,\"item\":{\"@type\":\"WebPage\",\"@id\":\"https:\/\/remorqueco.fr\/\",\"url\":\"https:\/\/remorqueco.fr\/\",\"name\":\"Accueil\"}},{\"@type\":\"ListItem\",\"position\":2,\"item\":{\"@id\":\"https:\/\/remorqueco.fr\/index.php\/cookie-policy\/#webpage\"}}]}]}<\/script>\n<!-- \/ Yoast SEO plugin. -->","_links":{"self":[{"href":"https:\/\/remorqueco.fr\/index.php\/wp-json\/wp\/v2\/pages\/1291"}],"collection":[{"href":"https:\/\/remorqueco.fr\/index.php\/wp-json\/wp\/v2\/pages"}],"about":[{"href":"https:\/\/remorqueco.fr\/index.php\/wp-json\/wp\/v2\/types\/page"}],"author":[{"embeddable":true,"href":"https:\/\/remorqueco.fr\/index.php\/wp-json\/wp\/v2\/users\/1"}],"replies":[{"embeddable":true,"href":"https:\/\/remorqueco.fr\/index.php\/wp-json\/wp\/v2\/comments?post=1291"}],"version-history":[{"count":5,"href":"https:\/\/remorqueco.fr\/index.php\/wp-json\/wp\/v2\/pages\/1291\/revisions"}],"predecessor-version":[{"id":1296,"href":"https:\/\/remorqueco.fr\/index.php\/wp-json\/wp\/v2\/pages\/1291\/revisions\/1296"}],"wp:attachment":[{"href":"https:\/\/remorqueco.fr\/index.php\/wp-json\/wp\/v2\/media?parent=1291"}],"curies":[{"name":"wp","href":"https:\/\/api.w.org\/{rel}","templated":true}]}}